{"id":16099,"date":"2026-03-29T13:21:57","date_gmt":"2026-03-29T12:21:57","guid":{"rendered":"https:\/\/bigbuy.tupique.com\/produto\/uninterruptible-power-supply-system-interactive-ups-apc-bx2200mi-gr\/"},"modified":"2026-05-11T19:58:34","modified_gmt":"2026-05-11T17:58:34","slug":"uninterruptible-power-supply-system-interactive-ups-apc-bx2200mi-gr","status":"publish","type":"product","link":"https:\/\/bigbuy.tupique.com\/es\/produto\/uninterruptible-power-supply-system-interactive-ups-apc-bx2200mi-gr\/","title":{"rendered":"Syst\u00e8me d&#8217;Alimentation Sans Interruption Interactif APC BX2200MI-GR"},"content":{"rendered":"<p>Si vous \u00eates passionn\u00e9 d&#8217;<b>informatique et d&#8217;\u00e9lectronique<\/b>, si vous \u00eates \u00e0 la pointe de la technologie et qu&#8217;aucun d\u00e9tail ne vous \u00e9chappe, achetez <b>Syst\u00e8me d&#8217;Alimentation Sans Interruption Interactif APC BX2200MI-GR<\/b> au meilleur prix.<\/p>\n<p>Le <b>BX2200MI-GR d\u2019APC<\/b> est un <b>onduleur interactif<\/b> con\u00e7u pour assurer la protection et la continuit\u00e9 \u00e9lectrique dans les environnements professionnels et domestiques o\u00f9 la stabilit\u00e9 de l\u2019alimentation est essentielle. Avec une <b>puissance de sortie de 1200 W<\/b> et une <b>capacit\u00e9 nominale de 2200 VA<\/b>, cet appareil offre un soutien suffisant pour alimenter des \u00e9quipements informatiques critiques et des appareils \u00e9lectroniques sensibles, r\u00e9duisant les risques li\u00e9s aux coupures de courant, surtensions ou fluctuations du r\u00e9seau. Sa <b>batterie VRLA<\/b> (plomb-acide r\u00e9gul\u00e9e par valve) garantit une fiabilit\u00e9 \u00e9prouv\u00e9e et des cycles de secours efficaces, compl\u00e9t\u00e9e par un syst\u00e8me de <b>r\u00e9gulation automatique de la tension (AVR)<\/b> qui stabilise les variations sans solliciter la batterie, prolongeant ainsi sa dur\u00e9e de vie. L\u2019onduleur dispose de <b>4 prises de courant type F (Schuko)<\/b> et d\u2019une connectivit\u00e9 <b>USB 2.0<\/b> pour la gestion et la surveillance \u00e0 distance via un logiciel compatible. Parmi ses fonctions de s\u00e9curit\u00e9 figurent une <b>alarme sonore<\/b> signalant toute surcharge ou d\u00e9faut, ainsi que des <b>indicateurs LED<\/b> intuitifs pour l\u2019\u00e9tat de fonctionnement et les \u00e9ventuelles anomalies. Son <b>format compact<\/b> (140 mm de largeur, 390 mm de profondeur, 190 mm de hauteur) et sa <b>finition noire<\/b> permettent une int\u00e9gration discr\u00e8te dans les bureaux, salles serveurs ou postes de travail domestiques, tandis que le c\u00e2ble de 1,2 m\u00e8tre facilite une installation flexible. Il offre une autonomie d\u2019environ 1 minute \u00e0 pleine charge et jusqu\u2019\u00e0 8,5 minutes \u00e0 demi-charge, id\u00e9al pour sauvegarder les donn\u00e9es et \u00e9teindre les appareils en toute s\u00e9curit\u00e9 lors d\u2019une coupure de courant. Le <b>APC BX2200MI-GR<\/b> associe des fonctionnalit\u00e9s avanc\u00e9es \u00e0 une conception robuste pour ceux qui recherchent une solution fiable de protection \u00e9lectrique au quotidien.<\/p>\n<ul>\n<li>Produit \u00e0 brancher: Oui<\/li>\n<li>Type de prise:\n<ul>\n<li>Prise EU<\/li>\n<li>F<\/li>\n<\/ul>\n<\/li>\n<li>Type: Syst\u00e8me d&#8217;Alimentation Sans Interruption Interactif<\/li>\n<li>Bloc d\u2019Alimentation: r\u00e9seau \u00e9lectrique<\/li>\n<li>Couleur: Noir<\/li>\n<li>Largeur:\n<ul>\n<li>140 mm<\/li>\n<li>14 cm<\/li>\n<\/ul>\n<\/li>\n<li>Connexions:\n<ul>\n<li>USB 2.0<\/li>\n<li>AC x 4<\/li>\n<li>USB<\/li>\n<\/ul>\n<\/li>\n<li>Facteur de forme: Compact<\/li>\n<li>Tension:\n<ul>\n<li>300 V<\/li>\n<li>230 V<\/li>\n<\/ul>\n<\/li>\n<li>Technologie: VRLA<\/li>\n<li>Longueur du c\u00e2ble: 1,2 m<\/li>\n<li>Fr\u00e9quence: 50\/60 Hz<\/li>\n<li>Niveau sonore: 40 dB<\/li>\n<li>Caract\u00e9ristiques:\n<ul>\n<li>Alarme<\/li>\n<li>Interactif<\/li>\n<li>Indicateur de surcharge<\/li>\n<li>T\u00e9moin de fonctionnement LED<\/li>\n<\/ul>\n<\/li>\n<li>puissance: 1200 W<\/li>\n<li>Classification IP: IP20<\/li>\n<li>Temps de charge approx.: 8 heures<\/li>\n<li>Certificat: RoHS<\/li>\n<li>Long: 39 cm<\/li>\n<li>Tension de sortie: 230 V<\/li>\n<\/ul>","protected":false},"excerpt":{"rendered":"<p>Si vous \u00eates passionn\u00e9 d&#8217;informatique et d&#8217;\u00e9lectronique, si vous \u00eates \u00e0 la pointe de la technologie et qu&#8217;aucun d\u00e9tail ne vous \u00e9chappe, achetez Syst\u00e8me d&#8217;Alimentation Sans Interruption Interactif APC BX2200MI-GR au meilleur prix. Le BX2200MI-GR d\u2019APC est un onduleur interactif con\u00e7u pour assurer la protection et la continuit\u00e9 \u00e9lectrique dans les environnements professionnels et domestiques [&hellip;]<\/p>\n","protected":false},"featured_media":156991,"comment_status":"open","ping_status":"closed","template":"","meta":[],"product_brand":[649],"product_cat":[65,581,603],"product_tag":[106],"class_list":{"0":"post-16099","1":"product","2":"type-product","3":"status-publish","4":"has-post-thumbnail","6":"product_brand-brandp_532","7":"product_cat-informatique-electronique","8":"product_cat-informatique-peripheriques-et-consommables","9":"product_cat-ups","10":"product_tag-tag_1295","12":"first","13":"instock","14":"taxable","15":"shipping-taxable","16":"purchasable","17":"product-type-simple"},"_links":{"self":[{"href":"https:\/\/bigbuy.tupique.com\/es\/wp-json\/wp\/v2\/product\/16099","targetHints":{"allow":["GET"]}}],"collection":[{"href":"https:\/\/bigbuy.tupique.com\/es\/wp-json\/wp\/v2\/product"}],"about":[{"href":"https:\/\/bigbuy.tupique.com\/es\/wp-json\/wp\/v2\/types\/product"}],"replies":[{"embeddable":true,"href":"https:\/\/bigbuy.tupique.com\/es\/wp-json\/wp\/v2\/comments?post=16099"}],"wp:featuredmedia":[{"embeddable":true,"href":"https:\/\/bigbuy.tupique.com\/es\/wp-json\/wp\/v2\/media\/156991"}],"wp:attachment":[{"href":"https:\/\/bigbuy.tupique.com\/es\/wp-json\/wp\/v2\/media?parent=16099"}],"wp:term":[{"taxonomy":"product_brand","embeddable":true,"href":"https:\/\/bigbuy.tupique.com\/es\/wp-json\/wp\/v2\/product_brand?post=16099"},{"taxonomy":"product_cat","embeddable":true,"href":"https:\/\/bigbuy.tupique.com\/es\/wp-json\/wp\/v2\/product_cat?post=16099"},{"taxonomy":"product_tag","embeddable":true,"href":"https:\/\/bigbuy.tupique.com\/es\/wp-json\/wp\/v2\/product_tag?post=16099"}],"curies":[{"name":"wp","href":"https:\/\/api.w.org\/{rel}","templated":true}]}}