{"id":16056,"date":"2026-03-29T13:21:06","date_gmt":"2026-03-29T12:21:06","guid":{"rendered":"https:\/\/bigbuy.tupique.com\/produto\/glass-ceramic-hob-bosch-pkf611bb8e-6600w-60-cm\/"},"modified":"2026-04-16T16:51:34","modified_gmt":"2026-04-16T15:51:34","slug":"glass-ceramic-hob-bosch-pkf611bb8e-6600w-60-cm","status":"publish","type":"product","link":"https:\/\/bigbuy.tupique.com\/es\/produto\/glass-ceramic-hob-bosch-pkf611bb8e-6600w-60-cm\/","title":{"rendered":"Plaques Vitro-C\u00e9ramiques BOSCH PKF611BB8E 6600W (60 cm)"},"content":{"rendered":"<p>Si vous pensez r\u00e9nover votre cuisine, achetez <b>Plaques Vitro-C\u00e9ramiques BOSCH PKF611BB8E 6600W (60 cm)<\/b> et d\u00b4autres <b>produits BOSCH<\/b> !<\/p>\n<p>La <b>table de cuisson vitroc\u00e9ramique PKF611BB8E<\/b> de <b>Bosch<\/b> est un appareil con\u00e7u pour offrir des performances fiables et un design moderne dans toute cuisine. Cette <b>table vitroc\u00e9ramique<\/b> mesure <b>60 cm de large<\/b>, une dimension standard facilitant son int\u00e9gration dans les meubles de cuisine courants, et dispose de <b>quatre zones de cuisson<\/b> avec une puissance totale de <b>6600 W<\/b>, garantissant une r\u00e9partition efficace de la chaleur ainsi qu\u2019une cuisson uniforme et pr\u00e9cise. Son design sans cadre souligne son esth\u00e9tique minimaliste en <b>noir<\/b>, apportant une touche \u00e9l\u00e9gante et contemporaine, tandis que les commandes frontales permettent un contr\u00f4le intuitif de chaque zone. Parmi ses fonctions, le <b>minuteur<\/b> permet de programmer ind\u00e9pendamment le temps de cuisson de chaque zone, facilitant la pr\u00e9paration simultan\u00e9e de plusieurs plats sans surveillance constante. De plus, elle int\u00e8gre un syst\u00e8me de <b>verrouillage enfant<\/b>, renfor\u00e7ant la s\u00e9curit\u00e9 au quotidien et \u00e9vitant les activations accidentelles. L\u2019int\u00e9gration d\u2019une large zone double offre une plus grande polyvalence pour cuisiner avec des r\u00e9cipients de diff\u00e9rentes tailles. Ce mod\u00e8le illustre la qualit\u00e9 et la fiabilit\u00e9 caract\u00e9ristiques de Bosch, alliant fonctionnalit\u00e9s pratiques, s\u00e9curit\u00e9 et design adapt\u00e9 aux espaces modernes. En r\u00e9sum\u00e9, la table vitroc\u00e9ramique PKF611BB8E offre un bon \u00e9quilibre entre fonctionnalit\u00e9, confort et esth\u00e9tique pour les utilisateurs recherchant un appareil efficace et durable dans leur cuisine.<\/p>\n<ul>\n<li>Largeur: 60 cm<\/li>\n<li>puissance: 6600 W<\/li>\n<li>Produit \u00e0 brancher: Oui<\/li>\n<li>Type de prise: Prise EU<\/li>\n<li>Fonctions: Minuterie<\/li>\n<li>Type:\n<ul>\n<li>Plaques Vitro-C\u00e9ramiques<\/li>\n<li>Int\u00e9gr\u00e9<\/li>\n<\/ul>\n<\/li>\n<li>Couleur: Noir<\/li>\n<li>Pays \/ r\u00e9gion de fabrication: Espagne<\/li>\n<li>Caract\u00e9ristiques:\n<ul>\n<li>Verrouillage pour enfants<\/li>\n<li>Commande tactile<\/li>\n<\/ul>\n<\/li>\n<li>Forme: Rond<\/li>\n<li>Tension:\n<ul>\n<li>240 V<\/li>\n<li>220-240 V<\/li>\n<\/ul>\n<\/li>\n<li>Bloc d\u2019Alimentation:\n<ul>\n<li>\u00c9lectrique<\/li>\n<li>C\u00e2ble \u00e9lectrique<\/li>\n<\/ul>\n<\/li>\n<li>Longueur du c\u00e2ble: 1 m<\/li>\n<li>Inclut: Ecran<\/li>\n<li>Type de commande: Tactile<\/li>\n<li>Niveaux de puissance: 17<\/li>\n<li>Design: Sans cadre<\/li>\n<\/ul>","protected":false},"excerpt":{"rendered":"<p>Si vous pensez r\u00e9nover votre cuisine, achetez Plaques Vitro-C\u00e9ramiques BOSCH PKF611BB8E 6600W (60 cm) et d\u00b4autres produits BOSCH ! La table de cuisson vitroc\u00e9ramique PKF611BB8E de Bosch est un appareil con\u00e7u pour offrir des performances fiables et un design moderne dans toute cuisine. Cette table vitroc\u00e9ramique mesure 60 cm de large, une dimension standard facilitant [&hellip;]<\/p>\n","protected":false},"featured_media":16055,"comment_status":"open","ping_status":"closed","template":"","meta":[],"product_brand":[162],"product_cat":[60,77,78],"product_tag":[55,59,56],"class_list":{"0":"post-16056","1":"product","2":"type-product","3":"status-publish","4":"has-post-thumbnail","6":"product_brand-brandp_959","7":"product_cat-cuisine-gourmet","8":"product_cat-petit-electromenager","9":"product_cat-plaques-de-cuisson","10":"product_tag-tag_926","11":"product_tag-tag_1304","12":"product_tag-tag_930","14":"first","15":"instock","16":"taxable","17":"shipping-taxable","18":"purchasable","19":"product-type-simple"},"_links":{"self":[{"href":"https:\/\/bigbuy.tupique.com\/es\/wp-json\/wp\/v2\/product\/16056","targetHints":{"allow":["GET"]}}],"collection":[{"href":"https:\/\/bigbuy.tupique.com\/es\/wp-json\/wp\/v2\/product"}],"about":[{"href":"https:\/\/bigbuy.tupique.com\/es\/wp-json\/wp\/v2\/types\/product"}],"replies":[{"embeddable":true,"href":"https:\/\/bigbuy.tupique.com\/es\/wp-json\/wp\/v2\/comments?post=16056"}],"wp:featuredmedia":[{"embeddable":true,"href":"https:\/\/bigbuy.tupique.com\/es\/wp-json\/wp\/v2\/media\/16055"}],"wp:attachment":[{"href":"https:\/\/bigbuy.tupique.com\/es\/wp-json\/wp\/v2\/media?parent=16056"}],"wp:term":[{"taxonomy":"product_brand","embeddable":true,"href":"https:\/\/bigbuy.tupique.com\/es\/wp-json\/wp\/v2\/product_brand?post=16056"},{"taxonomy":"product_cat","embeddable":true,"href":"https:\/\/bigbuy.tupique.com\/es\/wp-json\/wp\/v2\/product_cat?post=16056"},{"taxonomy":"product_tag","embeddable":true,"href":"https:\/\/bigbuy.tupique.com\/es\/wp-json\/wp\/v2\/product_tag?post=16056"}],"curies":[{"name":"wp","href":"https:\/\/api.w.org\/{rel}","templated":true}]}}