{"id":160382,"date":"2026-04-09T23:44:08","date_gmt":"2026-04-09T22:44:08","guid":{"rendered":"https:\/\/bigbuy.tupique.com\/produto\/switch-zyxel-gs1900-48-eu0102f\/"},"modified":"2026-04-15T00:14:17","modified_gmt":"2026-04-14T23:14:17","slug":"switch-zyxel-gs1900-48-eu0102f","status":"publish","type":"product","link":"https:\/\/bigbuy.tupique.com\/es\/produto\/switch-zyxel-gs1900-48-eu0102f\/","title":{"rendered":"Switch ZyXEL GS1900-48-EU0102F"},"content":{"rendered":"<p>Si vous \u00eates passionn\u00e9 d&#8217;<b>informatique et d&#8217;\u00e9lectronique<\/b>, si vous \u00eates \u00e0 la pointe de la technologie et qu&#8217;aucun d\u00e9tail ne vous \u00e9chappe, achetez <b>Switch ZyXEL GS1900-48-EU0102F<\/b> au meilleur prix.<\/p>\n<p>Le <b>ZyXEL GS1900-48-EU0102F<\/b> est un <b>switch<\/b> manageable haute performance con\u00e7u pour les environnements professionnels n\u00e9cessitant une connectivit\u00e9 s\u00e9curis\u00e9e et efficace. Il dispose de <b>48 ports Ethernet RJ45<\/b> 100\/1000 Mbps, offrant une large capacit\u00e9 de connexion pour les \u00e9quipements r\u00e9seau, ainsi que de <b>2 ports SFP<\/b> 100\/1000 Mbps pour les liaisons fibre optique, assurant une int\u00e9gration flexible dans des infrastructures mixtes. Cet appareil offre une <b>capacit\u00e9 de commutation de 100 Gbps<\/b> et un d\u00e9bit de transfert jusqu\u2019\u00e0 <b>74 Mpps<\/b>, garantissant un traitement rapide du trafic m\u00eame dans les r\u00e9seaux \u00e0 forte densit\u00e9 d\u2019\u00e9quipements. Il int\u00e8gre un buffer de paquets de <b>525 Kbytes<\/b> et une table d\u2019adresses MAC pouvant contenir <b>8 000 entr\u00e9es<\/b>, facilitant la gestion avanc\u00e9e du trafic et optimisant le routage des donn\u00e9es. Son design compact en format <b>armoire<\/b>, avec des dimensions de <b>440 x 200 x 44 mm<\/b> et un poids entre 2,9 et 6,39 kg, permet une installation ais\u00e9e dans des racks standards, tandis que sa construction en <b>plastique noir<\/b> assure durabilit\u00e9 et esth\u00e9tique professionnelle. Compatible avec des <b>jumbo frames jusqu\u2019\u00e0 9 Kbytes<\/b>, il est id\u00e9al pour les applications n\u00e9cessitant le transfert de gros volumes de donn\u00e9es, telles que la vid\u00e9osurveillance ou les serveurs \u00e0 haute demande. De plus, il fonctionne sous une alimentation large de <b>100 \u00e0 240 V AC, 50\/60 Hz<\/b>, avec une consommation maximale mod\u00e9r\u00e9e de <b>31,9 W<\/b>, favorisant l\u2019efficacit\u00e9 \u00e9nerg\u00e9tique et la r\u00e9duction des co\u00fbts d\u2019exploitation. Son faible niveau sonore, entre <b>23 et 41 dBA<\/b>, permet son usage dans des environnements sensibles sans g\u00eane. En r\u00e9sum\u00e9, le ZyXEL GS1900-48-EU0102F est une solution robuste et polyvalente pour la gestion des r\u00e9seaux d\u2019entreprise, alliant haute performance et flexibilit\u00e9 de connectivit\u00e9 avec un design facilitant son installation et son fonctionnement continu.<\/p>\n<ul>\n<li>Connexions:\n<ul>\n<li>RJ45<\/li>\n<li>RJ45 x 48<\/li>\n<li>RJ-45 x 48<\/li>\n<li>Ethernet LAN<\/li>\n<li>USB 2.0 x 2<\/li>\n<\/ul>\n<\/li>\n<li>Type: Switch<\/li>\n<li>Produit \u00e0 brancher: Oui<\/li>\n<li>Type de prise: Prise EU<\/li>\n<li>Bloc d\u2019Alimentation: r\u00e9seau \u00e9lectrique<\/li>\n<li>Couleur: Noir<\/li>\n<li>Mati\u00e8re: Plastique<\/li>\n<li>N\u00b0 de rainures: 2<\/li>\n<li>Connectivit\u00e9: Ethernet LAN<\/li>\n<li>Syst\u00e8me d&#8217;exploitation:\n<ul>\n<li>Windows 10 Pro<\/li>\n<li>RouterOS<\/li>\n<\/ul>\n<\/li>\n<li>Largeur: 44 cm<\/li>\n<li>Ann\u00e9e: 2021<\/li>\n<li>Temp\u00e9rature approximative: -40\u00ba \/ 70\u00ba<\/li>\n<li>Pr\u00e9cision (humidit\u00e9 relative): 10 % &#8211; 95 %<\/li>\n<li>Profondeur: 20 cm<\/li>\n<\/ul>","protected":false},"excerpt":{"rendered":"<p>Si vous \u00eates passionn\u00e9 d&#8217;informatique et d&#8217;\u00e9lectronique, si vous \u00eates \u00e0 la pointe de la technologie et qu&#8217;aucun d\u00e9tail ne vous \u00e9chappe, achetez Switch ZyXEL GS1900-48-EU0102F au meilleur prix. Le ZyXEL GS1900-48-EU0102F est un switch manageable haute performance con\u00e7u pour les environnements professionnels n\u00e9cessitant une connectivit\u00e9 s\u00e9curis\u00e9e et efficace. Il dispose de 48 ports Ethernet [&hellip;]<\/p>\n","protected":false},"featured_media":160380,"comment_status":"open","ping_status":"closed","template":"","meta":[],"product_brand":[648],"product_cat":[65,584,585],"product_tag":[106],"class_list":{"0":"post-160382","1":"product","2":"type-product","3":"status-publish","4":"has-post-thumbnail","6":"product_brand-brandp_669","7":"product_cat-informatique-electronique","8":"product_cat-informatique-reseaux-et-composants","9":"product_cat-switch","10":"product_tag-tag_1295","12":"first","13":"instock","14":"taxable","15":"shipping-taxable","16":"purchasable","17":"product-type-simple"},"_links":{"self":[{"href":"https:\/\/bigbuy.tupique.com\/es\/wp-json\/wp\/v2\/product\/160382","targetHints":{"allow":["GET"]}}],"collection":[{"href":"https:\/\/bigbuy.tupique.com\/es\/wp-json\/wp\/v2\/product"}],"about":[{"href":"https:\/\/bigbuy.tupique.com\/es\/wp-json\/wp\/v2\/types\/product"}],"replies":[{"embeddable":true,"href":"https:\/\/bigbuy.tupique.com\/es\/wp-json\/wp\/v2\/comments?post=160382"}],"wp:featuredmedia":[{"embeddable":true,"href":"https:\/\/bigbuy.tupique.com\/es\/wp-json\/wp\/v2\/media\/160380"}],"wp:attachment":[{"href":"https:\/\/bigbuy.tupique.com\/es\/wp-json\/wp\/v2\/media?parent=160382"}],"wp:term":[{"taxonomy":"product_brand","embeddable":true,"href":"https:\/\/bigbuy.tupique.com\/es\/wp-json\/wp\/v2\/product_brand?post=160382"},{"taxonomy":"product_cat","embeddable":true,"href":"https:\/\/bigbuy.tupique.com\/es\/wp-json\/wp\/v2\/product_cat?post=160382"},{"taxonomy":"product_tag","embeddable":true,"href":"https:\/\/bigbuy.tupique.com\/es\/wp-json\/wp\/v2\/product_tag?post=160382"}],"curies":[{"name":"wp","href":"https:\/\/api.w.org\/{rel}","templated":true}]}}