{"id":160379,"date":"2026-04-09T23:44:02","date_gmt":"2026-04-09T22:44:02","guid":{"rendered":"https:\/\/bigbuy.tupique.com\/produto\/switch-zyxel-gs192048hpv2-eu0101f\/"},"modified":"2026-04-14T23:51:39","modified_gmt":"2026-04-14T22:51:39","slug":"switch-zyxel-gs192048hpv2-eu0101f","status":"publish","type":"product","link":"https:\/\/bigbuy.tupique.com\/es\/produto\/switch-zyxel-gs192048hpv2-eu0101f\/","title":{"rendered":"Switch ZyXEL GS192048HPV2-EU0101F"},"content":{"rendered":"<p>Si vous \u00eates passionn\u00e9 d&#8217;<b>informatique et d&#8217;\u00e9lectronique<\/b>, si vous \u00eates \u00e0 la pointe de la technologie et qu&#8217;aucun d\u00e9tail ne vous \u00e9chappe, achetez <b>Switch ZyXEL GS192048HPV2-EU0101F<\/b> au meilleur prix.<\/p>\n<p>Le <b>ZyXEL GS192048HPV2-EU0101F<\/b> est un <b>switch<\/b> manageable haute performance con\u00e7u pour les r\u00e9seaux d\u2019entreprise exigeant flexibilit\u00e9, robustesse et gestion avanc\u00e9e du trafic de donn\u00e9es. Sa structure en <b>m\u00e9tal<\/b> et sa finition <b>noire<\/b> assurent durabilit\u00e9 et int\u00e9gration discr\u00e8te dans les environnements professionnels. Ce mod\u00e8le se distingue par sa grande capacit\u00e9 de connectivit\u00e9 avec <b>44 ports RJ45 Ethernet Gigabit (10\/100\/1000)<\/b>, permettant la connexion simultan\u00e9e de nombreux appareils r\u00e9seau et prenant en charge des transferts de donn\u00e9es \u00e0 haute vitesse. Il int\u00e8gre \u00e9galement <b>4 ports SFP<\/b> d\u00e9di\u00e9s pour liaisons optiques, facilitant l\u2019expansion et l\u2019int\u00e9gration dans des infrastructures r\u00e9seau complexes, am\u00e9liorant ainsi l\u2019\u00e9volutivit\u00e9 et la flexibilit\u00e9 du syst\u00e8me. Le switch prend en charge des technologies r\u00e9seau avanc\u00e9es via les standards IEEE 802.1Q, 802.1p et 802.1x, permettant une gestion efficace du trafic et une s\u00e9curit\u00e9 renforc\u00e9e pour la segmentation du r\u00e9seau. Il propose des fonctions <b>Power over Ethernet (PoE)<\/b>, permettant d\u2019alimenter des appareils compatibles directement via le c\u00e2ble r\u00e9seau, simplifiant l\u2019installation de cam\u00e9ras IP, points d\u2019acc\u00e8s sans fil et t\u00e9l\u00e9phones VoIP. Avec une <b>table d\u2019adresses MAC jusqu\u2019\u00e0 16 000 entr\u00e9es<\/b> et une <b>capacit\u00e9 de commutation de 100 Gbit\/s<\/b>, le GS192048HPV2-EU0101F s\u2019impose comme une solution puissante pour les architectures r\u00e9seau exigeantes, garantissant fluidit\u00e9 du trafic et fiabilit\u00e9 des communications. L\u2019appareil est dot\u00e9 de <b>256 Mo de m\u00e9moire RAM<\/b> et de <b>32 Go de stockage interne<\/b>, soutenant le traitement multit\u00e2che et la gestion avanc\u00e9e des configurations. Il comprend un <b>support multi-montage<\/b> pour une installation en rack facilit\u00e9e et un <b>c\u00e2ble d\u2019alimentation (CA)<\/b> pour une mise en service imm\u00e9diate. Ce switch manageable ZyXEL allie connectivit\u00e9, gestion intelligente et robustesse, id\u00e9al pour les r\u00e9seaux professionnels exigeant stabilit\u00e9 et contr\u00f4le avanc\u00e9.<\/p>\n<ul>\n<li>Produit \u00e0 brancher: Oui<\/li>\n<li>Type de prise: Prise EU<\/li>\n<li>Connexions:\n<ul>\n<li>SFP x 4<\/li>\n<li>Ethernet LAN<\/li>\n<\/ul>\n<\/li>\n<li>Ports: 48<\/li>\n<li>Type: Switch<\/li>\n<li>Bloc d\u2019Alimentation:\n<ul>\n<li>r\u00e9seau \u00e9lectrique<\/li>\n<li>Cordon d&#8217;alimentation CA<\/li>\n<\/ul>\n<\/li>\n<li>Couleur: Noir<\/li>\n<li>Tension:\n<ul>\n<li>100-240 V<\/li>\n<li>100 &#8211; 240 V<\/li>\n<\/ul>\n<\/li>\n<li>Fr\u00e9quence:\n<ul>\n<li>50-60 Hz<\/li>\n<li>50 &#8211; 60 Hz<\/li>\n<\/ul>\n<\/li>\n<li>Certificat: RoHS<\/li>\n<li>Niveau sonore: 26,5 dB<\/li>\n<li>Mati\u00e8re: M\u00e9tal<\/li>\n<li>M\u00e9moire interne:\n<ul>\n<li>256 MB<\/li>\n<li>32 GB<\/li>\n<\/ul>\n<\/li>\n<li>Support: Multisupport<\/li>\n<li>N\u00b0 de rainures: 2<\/li>\n<li>Ports PoE: 375 W<\/li>\n<li>Caract\u00e9ristiques: Protection des donn\u00e9es\/mot de passe<\/li>\n<li>Temp\u00e9rature approximative: -40\u00ba \/ 70\u00ba<\/li>\n<li>S\u00e9curit\u00e9: IGMP<\/li>\n<li>Pr\u00e9cision (humidit\u00e9 relative): 10 % &#8211; 95 %<\/li>\n<\/ul>","protected":false},"excerpt":{"rendered":"<p>Si vous \u00eates passionn\u00e9 d&#8217;informatique et d&#8217;\u00e9lectronique, si vous \u00eates \u00e0 la pointe de la technologie et qu&#8217;aucun d\u00e9tail ne vous \u00e9chappe, achetez Switch ZyXEL GS192048HPV2-EU0101F au meilleur prix. Le ZyXEL GS192048HPV2-EU0101F est un switch manageable haute performance con\u00e7u pour les r\u00e9seaux d\u2019entreprise exigeant flexibilit\u00e9, robustesse et gestion avanc\u00e9e du trafic de donn\u00e9es. Sa structure [&hellip;]<\/p>\n","protected":false},"featured_media":160378,"comment_status":"open","ping_status":"closed","template":"","meta":[],"product_brand":[648],"product_cat":[65,584,585],"product_tag":[106],"class_list":{"0":"post-160379","1":"product","2":"type-product","3":"status-publish","4":"has-post-thumbnail","6":"product_brand-brandp_669","7":"product_cat-informatique-electronique","8":"product_cat-informatique-reseaux-et-composants","9":"product_cat-switch","10":"product_tag-tag_1295","12":"first","13":"instock","14":"taxable","15":"shipping-taxable","16":"purchasable","17":"product-type-simple"},"_links":{"self":[{"href":"https:\/\/bigbuy.tupique.com\/es\/wp-json\/wp\/v2\/product\/160379","targetHints":{"allow":["GET"]}}],"collection":[{"href":"https:\/\/bigbuy.tupique.com\/es\/wp-json\/wp\/v2\/product"}],"about":[{"href":"https:\/\/bigbuy.tupique.com\/es\/wp-json\/wp\/v2\/types\/product"}],"replies":[{"embeddable":true,"href":"https:\/\/bigbuy.tupique.com\/es\/wp-json\/wp\/v2\/comments?post=160379"}],"wp:featuredmedia":[{"embeddable":true,"href":"https:\/\/bigbuy.tupique.com\/es\/wp-json\/wp\/v2\/media\/160378"}],"wp:attachment":[{"href":"https:\/\/bigbuy.tupique.com\/es\/wp-json\/wp\/v2\/media?parent=160379"}],"wp:term":[{"taxonomy":"product_brand","embeddable":true,"href":"https:\/\/bigbuy.tupique.com\/es\/wp-json\/wp\/v2\/product_brand?post=160379"},{"taxonomy":"product_cat","embeddable":true,"href":"https:\/\/bigbuy.tupique.com\/es\/wp-json\/wp\/v2\/product_cat?post=160379"},{"taxonomy":"product_tag","embeddable":true,"href":"https:\/\/bigbuy.tupique.com\/es\/wp-json\/wp\/v2\/product_tag?post=160379"}],"curies":[{"name":"wp","href":"https:\/\/api.w.org\/{rel}","templated":true}]}}