{"id":15944,"date":"2026-03-29T13:18:50","date_gmt":"2026-03-29T12:18:50","guid":{"rendered":"https:\/\/bigbuy.tupique.com\/produto\/switch-d-link-dgs-1510-28p-e\/"},"modified":"2026-04-15T00:14:21","modified_gmt":"2026-04-14T23:14:21","slug":"switch-d-link-dgs-1510-28p-e","status":"publish","type":"product","link":"https:\/\/bigbuy.tupique.com\/es\/produto\/switch-d-link-dgs-1510-28p-e\/","title":{"rendered":"Switch D-Link DGS-1510-28P\/E"},"content":{"rendered":"<p>Si vous \u00eates passionn\u00e9 d&#8217;<b>informatique et d&#8217;\u00e9lectronique<\/b>, si vous \u00eates \u00e0 la pointe de la technologie et qu&#8217;aucun d\u00e9tail ne vous \u00e9chappe, achetez <b>Switch D-Link DGS-1510-28P\/E<\/b> au meilleur prix.<\/p>\n<p>Le <b>switch<\/b> <b>DGS-1510-28P\/E<\/b> de la marque <b>D-Link<\/b> est un appareil professionnel con\u00e7u pour les environnements PME et TPE n\u00e9cessitant une interconnexion fiable et \u00e9volutive dans des r\u00e9seaux \u00e0 forte demande. Ce mod\u00e8le propose <b>24 ports 10\/100\/1000 BASE-TX<\/b> avec connecteurs <b>RJ45<\/b>, compl\u00e9t\u00e9s par <b>2 ports Gigabit SFP<\/b> et <b>2 ports 10G SFP+<\/b>, offrant des connexions haute vitesse et une flexibilit\u00e9 pour uplinks ou empilement physique. Sa capacit\u00e9 de commutation atteint <b>92 Gbps<\/b> avec un d\u00e9bit maximal de <b>68,45 Mpps<\/b>, soutenue par une table MAC de <b>16K entr\u00e9es<\/b> et un tampon de paquets de <b>1,5 Mbits<\/b>, garantissant des performances stables et efficaces sur des r\u00e9seaux complexes. C\u00f4t\u00e9 gestion et s\u00e9curit\u00e9, il int\u00e8gre des technologies avanc\u00e9es telles que le contr\u00f4le de flux 802.3x, la d\u00e9tection de boucles, l\u2019agr\u00e9gation de liens 802.3ad avec un maximum de 32 groupes et jusqu\u2019\u00e0 8 ports par groupe, ainsi qu\u2019une authentification 802.1X bas\u00e9e sur ports et MAC avec support RADIUS, EAP, OTP, TLS et TACACS+, assurant int\u00e9grit\u00e9 et contr\u00f4le d\u2019acc\u00e8s r\u00e9seau. Son support VLAN est complet, permettant jusqu\u2019\u00e0 <b>4094 VIDs<\/b> avec fonctions d\u00e9di\u00e9es aux VLAN voix, gestion, surveillance et asym\u00e9trique, facilitant une segmentation efficace du trafic. En qualit\u00e9 de service (QoS), il offre une priorit\u00e9 802.1p, 8 files d\u2019attente par port et contr\u00f4le de bande passante avec limitation jusqu\u2019\u00e0 64 Kbps, optimisant la gestion du trafic selon les besoins. De plus, le DGS-1510-28P\/E est compatible avec les principaux standards IEEE, incluant <b>802.3ae pour 10 GbE<\/b>, garantissant interop\u00e9rabilit\u00e9 et support technologique futur. Physiquement, l\u2019appareil pr\u00e9sente une finition <b>noire<\/b>, avec des dimensions de <b>440 x 250 x 44 mm<\/b> et un poids de <b>2,54 kg<\/b>, con\u00e7u pour montage en rack modulaire, avec une consommation maximale de <b>193 W<\/b> et une plage de fonctionnement de -5 \u00b0C \u00e0 50 \u00b0C et jusqu\u2019\u00e0 95 % d\u2019humidit\u00e9 sans condensation, adapt\u00e9 aux installations professionnelles. Il int\u00e8gre aussi des fonctionnalit\u00e9s \u00e9cologiques D-Link Green, telles que l\u2019\u00e9conomie d\u2019\u00e9nergie bas\u00e9e sur l\u2019\u00e9tat du lien et l\u2019extinction s\u00e9lective des ports et LEDs pour optimiser la consommation. En r\u00e9sum\u00e9, ce switch offre une solution robuste, flexible et s\u00e9curis\u00e9e pour les entreprises n\u00e9cessitant une infrastructure r\u00e9seau avanc\u00e9e et \u00e9volutive.<\/p>\n<ul>\n<li>Connexions:\n<ul>\n<li>RJ45<\/li>\n<li>RJ45 x 24<\/li>\n<li>PoE x 1<\/li>\n<li>Ethernet LAN<\/li>\n<\/ul>\n<\/li>\n<li>Produit \u00e0 brancher: Oui<\/li>\n<li>Type de prise: Prise EU<\/li>\n<li>Ports:\n<ul>\n<li>24<\/li>\n<li>28<\/li>\n<\/ul>\n<\/li>\n<li>Type:\n<ul>\n<li>Switch<\/li>\n<li>Empilable<\/li>\n<\/ul>\n<\/li>\n<li>Bloc d\u2019Alimentation: r\u00e9seau \u00e9lectrique<\/li>\n<li>Couleur: Noir<\/li>\n<li>Tension:\n<ul>\n<li>100-240 V<\/li>\n<li>100 &#8211; 240 V<\/li>\n<\/ul>\n<\/li>\n<li>Ventillateur: 2<\/li>\n<li>Fr\u00e9quence:\n<ul>\n<li>50-60 Hz<\/li>\n<li>50 &#8211; 60 Hz<\/li>\n<\/ul>\n<\/li>\n<li>Caract\u00e9ristiques: T\u00e9moin LED<\/li>\n<li>Support: Multisupport<\/li>\n<li>Profondeur: 25 cm<\/li>\n<li>N\u00b0 de rainures: 2<\/li>\n<li>Puissance nominale: 193 W<\/li>\n<li>Poids approx.: 2,5 kg<\/li>\n<li>Largeur: 44 cm<\/li>\n<li>Temp\u00e9rature approximative: &#8211; 20\u00baC \/ 70\u00b0C<\/li>\n<li>Inclut: Manuel de l&#8217;utilisateur<\/li>\n<li>S\u00e9curit\u00e9: IGMP<\/li>\n<li>Diagonale de l&#8217;\u00e9cran (cm): 14 cm<\/li>\n<\/ul>","protected":false},"excerpt":{"rendered":"<p>Si vous \u00eates passionn\u00e9 d&#8217;informatique et d&#8217;\u00e9lectronique, si vous \u00eates \u00e0 la pointe de la technologie et qu&#8217;aucun d\u00e9tail ne vous \u00e9chappe, achetez Switch D-Link DGS-1510-28P\/E au meilleur prix. Le switch DGS-1510-28P\/E de la marque D-Link est un appareil professionnel con\u00e7u pour les environnements PME et TPE n\u00e9cessitant une interconnexion fiable et \u00e9volutive dans des [&hellip;]<\/p>\n","protected":false},"featured_media":15942,"comment_status":"open","ping_status":"closed","template":"","meta":[],"product_brand":[640],"product_cat":[65,584,585],"product_tag":[106],"class_list":{"0":"post-15944","1":"product","2":"type-product","3":"status-publish","4":"has-post-thumbnail","6":"product_brand-brandp_543","7":"product_cat-informatique-electronique","8":"product_cat-informatique-reseaux-et-composants","9":"product_cat-switch","10":"product_tag-tag_1295","12":"first","13":"instock","14":"taxable","15":"shipping-taxable","16":"purchasable","17":"product-type-simple"},"_links":{"self":[{"href":"https:\/\/bigbuy.tupique.com\/es\/wp-json\/wp\/v2\/product\/15944","targetHints":{"allow":["GET"]}}],"collection":[{"href":"https:\/\/bigbuy.tupique.com\/es\/wp-json\/wp\/v2\/product"}],"about":[{"href":"https:\/\/bigbuy.tupique.com\/es\/wp-json\/wp\/v2\/types\/product"}],"replies":[{"embeddable":true,"href":"https:\/\/bigbuy.tupique.com\/es\/wp-json\/wp\/v2\/comments?post=15944"}],"wp:featuredmedia":[{"embeddable":true,"href":"https:\/\/bigbuy.tupique.com\/es\/wp-json\/wp\/v2\/media\/15942"}],"wp:attachment":[{"href":"https:\/\/bigbuy.tupique.com\/es\/wp-json\/wp\/v2\/media?parent=15944"}],"wp:term":[{"taxonomy":"product_brand","embeddable":true,"href":"https:\/\/bigbuy.tupique.com\/es\/wp-json\/wp\/v2\/product_brand?post=15944"},{"taxonomy":"product_cat","embeddable":true,"href":"https:\/\/bigbuy.tupique.com\/es\/wp-json\/wp\/v2\/product_cat?post=15944"},{"taxonomy":"product_tag","embeddable":true,"href":"https:\/\/bigbuy.tupique.com\/es\/wp-json\/wp\/v2\/product_tag?post=15944"}],"curies":[{"name":"wp","href":"https:\/\/api.w.org\/{rel}","templated":true}]}}