{"id":159162,"date":"2026-04-09T20:23:16","date_gmt":"2026-04-09T19:23:16","guid":{"rendered":"https:\/\/bigbuy.tupique.com\/produto\/smartphone-samsung-a57-sm-a576b-67-octa-core-8-gb-ram-128-gb-lilac-2\/"},"modified":"2026-04-16T23:16:07","modified_gmt":"2026-04-16T22:16:07","slug":"smartphone-samsung-a57-sm-a576b-67-octa-core-8-gb-ram-128-gb-lilac-2","status":"publish","type":"product","link":"https:\/\/bigbuy.tupique.com\/es\/produto\/smartphone-samsung-a57-sm-a576b-67-octa-core-8-gb-ram-128-gb-lilac-2\/","title":{"rendered":"Smartphone Samsung A57 SM-A576B 6,7&#8243; Octa Core 8 GB RAM 128 GB Lila"},"content":{"rendered":"<p>Si vous \u00eates passionn\u00e9 d&#8217;<b>informatique et d&#8217;\u00e9lectronique<\/b>, si vous \u00eates \u00e0 la pointe de la technologie et qu&#8217;aucun d\u00e9tail ne vous \u00e9chappe, achetez <b>Smartphone Samsung A57 SM-A576B 6,7&#8243; Octa Core 8 GB RAM 128 GB Lila<\/b> au meilleur prix.<\/p>\n<ul>\n<li>Bloc d\u2019Alimentation:\n<ul>\n<li>r\u00e9seau \u00e9lectrique<\/li>\n<li>Batterie<\/li>\n<\/ul>\n<\/li>\n<li>Type de prise: Prise EU<\/li>\n<li>Type: Smartphone<\/li>\n<li>Produit \u00e0 brancher: Oui<\/li>\n<li>Famille de processeurs: Samsung Exynos<\/li>\n<li>Caract\u00e9ristiques:\n<ul>\n<li>GPS<\/li>\n<li>Cam\u00e9ra frontale<\/li>\n<li>Enregistrement vid\u00e9o<\/li>\n<li>M\u00e9moire extensible<\/li>\n<li>Ecran tactile<\/li>\n<li>Radio FM<\/li>\n<li>Cam\u00e9ra\/Appareil Photo<\/li>\n<li>Connectivit\u00e9 NFC<\/li>\n<li>\u00c9cran AMOLED<\/li>\n<li>R\u00e9sistant \u00e0 l&#8217;eau et \u00e0 la poussi\u00e8re<\/li>\n<li>Capteur d&#8217;identit\u00e9 par reconnaissance faciale<\/li>\n<li>NFC<\/li>\n<li>Capteur d&#8217;empreintes digitales<\/li>\n<li>Dual SIM<\/li>\n<li>USB<\/li>\n<li>Wi-Fi<\/li>\n<li>Sans fil<\/li>\n<li>\u00c9cran integr\u00e9<\/li>\n<li>Android<\/li>\n<li>Lecteur d&#8217;empreintes<\/li>\n<li>Connexion au r\u00e9seau mobile<\/li>\n<li>Batterie int\u00e9gr\u00e9e<\/li>\n<li>Cam\u00e9ra arri\u00e8re<\/li>\n<li>Capteur de proximit\u00e9<\/li>\n<li>Gorilla Glass<\/li>\n<li>\u00c9cran plat<\/li>\n<\/ul>\n<\/li>\n<li>Connexions:\n<ul>\n<li>USB-C<\/li>\n<li>USB 2.0<\/li>\n<li>4G<\/li>\n<li>USB-C 2.0<\/li>\n<li>Dual SIM<\/li>\n<li>nano SIM<\/li>\n<li>MicroSDXC<\/li>\n<\/ul>\n<\/li>\n<li>Connectivit\u00e9:\n<ul>\n<li>Bluetooth<\/li>\n<li>Wi-Fi<\/li>\n<li>3G<\/li>\n<li>4G<\/li>\n<li>4G LTE<\/li>\n<li>NFC<\/li>\n<li>Dual SIM<\/li>\n<li>5G<\/li>\n<li>WCDMA<\/li>\n<li>LTE<\/li>\n<li>eSIM<\/li>\n<li>Wi-Fi 6 GHz<\/li>\n<li>Wi-Fi 4 (802.11n)<\/li>\n<li>Bluetooth 5.3<\/li>\n<li>Wi-Fi 6E ghz<\/li>\n<\/ul>\n<\/li>\n<li>Classification \u00e9nerg\u00e9tique: A<\/li>\n<li>M\u00e9moire RAM: 8 GB RAM<\/li>\n<li>Ecran: 6,7&#8243;<\/li>\n<li>Processeur: Octa Core<\/li>\n<li>Cam\u00e9ra\/Appareil Photo:\n<ul>\n<li>12 MP<\/li>\n<li>Triple<\/li>\n<li>50 Mp<\/li>\n<li>5 MP + 50 MP<\/li>\n<\/ul>\n<\/li>\n<li>Technologie:\n<ul>\n<li>Super AMOLED<\/li>\n<li>4G\/LTE<\/li>\n<li>NFC<\/li>\n<\/ul>\n<\/li>\n<li>R\u00e9solution: 1080 x 2340 px<\/li>\n<li>SIM: Dual SIM<\/li>\n<li>Couleur: Lila<\/li>\n<li>Capacit\u00e9 de la batterie: 5000 mAh<\/li>\n<li>M\u00e9moire interne: 128 GB<\/li>\n<li>Noyaux: 8 Noyaux<\/li>\n<li>Diagonale de l&#8217;\u00e9cran (cm): 17 cm<\/li>\n<li>R\u00e9solution (px): 1080 X 2340 PX<\/li>\n<li>Syst\u00e8me d&#8217;exploitation: Android 15<\/li>\n<\/ul>","protected":false},"excerpt":{"rendered":"<p>Si vous \u00eates passionn\u00e9 d&#8217;informatique et d&#8217;\u00e9lectronique, si vous \u00eates \u00e0 la pointe de la technologie et qu&#8217;aucun d\u00e9tail ne vous \u00e9chappe, achetez Smartphone Samsung A57 SM-A576B 6,7&#8243; Octa Core 8 GB RAM 128 GB Lila au meilleur prix. Bloc d\u2019Alimentation: r\u00e9seau \u00e9lectrique Batterie Type de prise: Prise EU Type: Smartphone Produit \u00e0 brancher: Oui [&hellip;]<\/p>\n","protected":false},"featured_media":194737,"comment_status":"open","ping_status":"closed","template":"","meta":[],"product_brand":[183],"product_cat":[575,65,960],"product_tag":[213,566,106],"class_list":{"0":"post-159162","1":"product","2":"type-product","3":"status-publish","4":"has-post-thumbnail","6":"product_brand-brandp_576","7":"product_cat-electronique-telephonie-et-tablettes","8":"product_cat-informatique-electronique","9":"product_cat-telephones-portables","10":"product_tag-tag_933","11":"product_tag-tag_547","12":"product_tag-tag_1295","14":"first","15":"instock","16":"taxable","17":"shipping-taxable","18":"purchasable","19":"product-type-simple"},"_links":{"self":[{"href":"https:\/\/bigbuy.tupique.com\/es\/wp-json\/wp\/v2\/product\/159162","targetHints":{"allow":["GET"]}}],"collection":[{"href":"https:\/\/bigbuy.tupique.com\/es\/wp-json\/wp\/v2\/product"}],"about":[{"href":"https:\/\/bigbuy.tupique.com\/es\/wp-json\/wp\/v2\/types\/product"}],"replies":[{"embeddable":true,"href":"https:\/\/bigbuy.tupique.com\/es\/wp-json\/wp\/v2\/comments?post=159162"}],"wp:featuredmedia":[{"embeddable":true,"href":"https:\/\/bigbuy.tupique.com\/es\/wp-json\/wp\/v2\/media\/194737"}],"wp:attachment":[{"href":"https:\/\/bigbuy.tupique.com\/es\/wp-json\/wp\/v2\/media?parent=159162"}],"wp:term":[{"taxonomy":"product_brand","embeddable":true,"href":"https:\/\/bigbuy.tupique.com\/es\/wp-json\/wp\/v2\/product_brand?post=159162"},{"taxonomy":"product_cat","embeddable":true,"href":"https:\/\/bigbuy.tupique.com\/es\/wp-json\/wp\/v2\/product_cat?post=159162"},{"taxonomy":"product_tag","embeddable":true,"href":"https:\/\/bigbuy.tupique.com\/es\/wp-json\/wp\/v2\/product_tag?post=159162"}],"curies":[{"name":"wp","href":"https:\/\/api.w.org\/{rel}","templated":true}]}}