{"id":15909,"date":"2026-03-29T13:18:10","date_gmt":"2026-03-29T12:18:10","guid":{"rendered":"https:\/\/bigbuy.tupique.com\/produto\/hard-drive-pny-cs900-2-tb\/"},"modified":"2026-04-16T20:16:39","modified_gmt":"2026-04-16T19:16:39","slug":"hard-drive-pny-cs900-2-tb","status":"publish","type":"product","link":"https:\/\/bigbuy.tupique.com\/es\/produto\/hard-drive-pny-cs900-2-tb\/","title":{"rendered":"Disque dur PNY CS900 2 TB"},"content":{"rendered":"<p>Si vous \u00eates passionn\u00e9 d&#8217;<b>informatique et d&#8217;\u00e9lectronique<\/b>, si vous \u00eates \u00e0 la pointe de la technologie et qu&#8217;aucun d\u00e9tail ne vous \u00e9chappe, achetez <b>Disque dur PNY CS900 2 TB<\/b> au meilleur prix.<\/p>\n<p>Le <b>disque dur CS900<\/b> de <b>PNY<\/b> est un dispositif de stockage interne de type <b>SSD<\/b> offrant une capacit\u00e9 de <b>2 To<\/b>, id\u00e9al pour les utilisateurs n\u00e9cessitant un grand espace et une grande vitesse sur leurs appareils. Avec un format compact de <b>2,5 pouces<\/b>, il s\u2019adapte facilement aux ordinateurs portables, aux ordinateurs de bureau et autres appareils compatibles avec cette taille standard. Sa connexion <b>SATA<\/b> garantit un transfert de donn\u00e9es efficace et une installation simple, tirant pleinement parti de la technologie \u00e0 m\u00e9moire flash qui \u00e9limine les pi\u00e8ces mobiles, ce qui se traduit par une meilleure durabilit\u00e9, une consommation \u00e9nerg\u00e9tique r\u00e9duite et une diminution significative des temps de chargement par rapport aux disques durs traditionnels. De plus, sa couleur <b>noir<\/b> lui conf\u00e8re une finition sobre et professionnelle qui s\u2019int\u00e8gre dans tout environnement informatique. Ce mod\u00e8le, appartenant \u00e0 la gamme moyenne de PNY, se positionne comme une solution fiable pour \u00e9tendre rapidement le stockage, supportant aussi bien les applications exigeantes que les fichiers multim\u00e9dias volumineux. Le PNY CS900 est une option \u00e9quilibr\u00e9e pour ceux qui souhaitent am\u00e9liorer les performances globales de leur syst\u00e8me et garantir un stockage stable et r\u00e9sistant au format SSD.<\/p>\n<ul>\n<li>Couleur: Noir<\/li>\n<li>Caract\u00e9ristiques: Sans fil<\/li>\n<li>Disque dur: 2 TB SSD<\/li>\n<li>Taille: 2,5&#8243;<\/li>\n<li>Compatible: PC\/Notebook<\/li>\n<li>Connexions:\n<ul>\n<li>USB x 3<\/li>\n<li>Sata III<\/li>\n<\/ul>\n<\/li>\n<\/ul>","protected":false},"excerpt":{"rendered":"<p>Si vous \u00eates passionn\u00e9 d&#8217;informatique et d&#8217;\u00e9lectronique, si vous \u00eates \u00e0 la pointe de la technologie et qu&#8217;aucun d\u00e9tail ne vous \u00e9chappe, achetez Disque dur PNY CS900 2 TB au meilleur prix. Le disque dur CS900 de PNY est un dispositif de stockage interne de type SSD offrant une capacit\u00e9 de 2 To, id\u00e9al pour [&hellip;]<\/p>\n","protected":false},"featured_media":15907,"comment_status":"open","ping_status":"closed","template":"","meta":[],"product_brand":[800],"product_cat":[588,65,584],"product_tag":[59,106],"class_list":{"0":"post-15909","1":"product","2":"type-product","3":"status-publish","4":"has-post-thumbnail","6":"product_brand-brandp_2357","7":"product_cat-disques-durs","8":"product_cat-informatique-electronique","9":"product_cat-informatique-reseaux-et-composants","10":"product_tag-tag_1304","11":"product_tag-tag_1295","13":"first","14":"instock","15":"taxable","16":"shipping-taxable","17":"purchasable","18":"product-type-simple"},"_links":{"self":[{"href":"https:\/\/bigbuy.tupique.com\/es\/wp-json\/wp\/v2\/product\/15909","targetHints":{"allow":["GET"]}}],"collection":[{"href":"https:\/\/bigbuy.tupique.com\/es\/wp-json\/wp\/v2\/product"}],"about":[{"href":"https:\/\/bigbuy.tupique.com\/es\/wp-json\/wp\/v2\/types\/product"}],"replies":[{"embeddable":true,"href":"https:\/\/bigbuy.tupique.com\/es\/wp-json\/wp\/v2\/comments?post=15909"}],"wp:featuredmedia":[{"embeddable":true,"href":"https:\/\/bigbuy.tupique.com\/es\/wp-json\/wp\/v2\/media\/15907"}],"wp:attachment":[{"href":"https:\/\/bigbuy.tupique.com\/es\/wp-json\/wp\/v2\/media?parent=15909"}],"wp:term":[{"taxonomy":"product_brand","embeddable":true,"href":"https:\/\/bigbuy.tupique.com\/es\/wp-json\/wp\/v2\/product_brand?post=15909"},{"taxonomy":"product_cat","embeddable":true,"href":"https:\/\/bigbuy.tupique.com\/es\/wp-json\/wp\/v2\/product_cat?post=15909"},{"taxonomy":"product_tag","embeddable":true,"href":"https:\/\/bigbuy.tupique.com\/es\/wp-json\/wp\/v2\/product_tag?post=15909"}],"curies":[{"name":"wp","href":"https:\/\/api.w.org\/{rel}","templated":true}]}}