{"id":15848,"date":"2026-03-29T13:16:49","date_gmt":"2026-03-29T12:16:49","guid":{"rendered":"https:\/\/bigbuy.tupique.com\/produto\/multifunction-printer-epson-c11ch45402-28-ppm-lan-wifi\/"},"modified":"2026-04-15T00:14:11","modified_gmt":"2026-04-14T23:14:11","slug":"multifunction-printer-epson-c11ch45402-28-ppm-lan-wifi","status":"publish","type":"product","link":"https:\/\/bigbuy.tupique.com\/es\/produto\/multifunction-printer-epson-c11ch45402-28-ppm-lan-wifi\/","title":{"rendered":"Imprimante Multifonction Epson C11CH45402 28 ppm LAN WiFi"},"content":{"rendered":"<p>Si vous \u00eates passionn\u00e9 d&#8217;<b>informatique et d&#8217;\u00e9lectronique<\/b>, si vous \u00eates \u00e0 la pointe de la technologie et qu&#8217;aucun d\u00e9tail ne vous \u00e9chappe, achetez <b>Imprimante Multifonction Epson C11CH45402 28 ppm LAN WiFi<\/b> au meilleur prix.<\/p>\n<p>La <b>imprimante multifonction Epson C11CH45402<\/b> est un appareil polyvalent et compact, id\u00e9al pour ceux qui ont besoin d\u2019un \u00e9quipement efficace pour imprimer, scanner et copier, avec la capacit\u00e9 de g\u00e9rer des formats jusqu\u2019au <b>format A3<\/b> en impression et A4 en num\u00e9risation et copie. Elle int\u00e8gre une <b>technologie d\u2019impression \u00e0 jet d\u2019encre<\/b> avanc\u00e9e atteignant une vitesse allant jusqu\u2019\u00e0 <b>28 pages par minute<\/b> en couleur, garantissant des r\u00e9sultats rapides sans sacrifier la qualit\u00e9. Ce mod\u00e8le se distingue par son interface intuitive incluant un <b>\u00e9cran tactile LCD couleur de 10,9 cm<\/b>, facilitant l\u2019acc\u00e8s direct aux fonctions et aux images stock\u00e9es, ainsi que la possibilit\u00e9 d\u2019imprimer depuis des cartes m\u00e9moire sans connexion \u00e0 un ordinateur. Compatible avec les connexions sans fil via <b>Wi-Fi<\/b>, il permet d\u2019imprimer ais\u00e9ment depuis smartphones ou tablettes gr\u00e2ce \u00e0 l\u2019application <b>Epson iPrint<\/b>, tout en offrant des options cr\u00e9atives comme l\u2019impression de photos depuis Facebook ou la cr\u00e9ation de cartes avec l\u2019application <b>Epson Creative Print<\/b>. Un autre point fort r\u00e9side dans les encres <b>Claria Photo HD Ink<\/b> \u00e0 6 couleurs, qui fournissent des photos aux couleurs vives et durables jusqu\u2019\u00e0 300 ans en album, faisant de cette imprimante un outil adapt\u00e9 aussi bien aux amateurs de photographie qu\u2019\u00e0 la production domestique d\u2019images. Elle dispose de deux bacs avant pour papier \u2014 un pour documents au format A4 et un autre sp\u00e9cifique pour photos \u2014 ainsi qu\u2019un bac arri\u00e8re pour supports plus \u00e9pais, en plus d\u2019un bac de sortie motoris\u00e9 pour plus de confort. Elle peut \u00e9galement imprimer directement sur CD et DVD compatibles, \u00e9largissant ses possibilit\u00e9s d\u2019utilisation. Son design \u00e9l\u00e9gant en noir et son format tout-en-un la rendent adapt\u00e9e aux espaces domestiques ou professionnels avec contraintes d\u2019espace, sans sacrifier la fonctionnalit\u00e9. L\u2019EPSON Expression Photo XP-970 r\u00e9unit dans un seul appareil des performances professionnelles et une grande facilit\u00e9 d\u2019utilisation, constituant une solution flexible et pratique pour ceux qui appr\u00e9cient \u00e0 la fois la qualit\u00e9 d\u2019impression et la polyvalence dans leurs t\u00e2ches quotidiennes.<\/p>\n<ul>\n<li>Type:\n<ul>\n<li>Encre<\/li>\n<li>Imprimante Multifonction<\/li>\n<li>Couleur<\/li>\n<li>Tout en un<\/li>\n<\/ul>\n<\/li>\n<li>vitesse:\n<ul>\n<li>8-28 ppm<\/li>\n<li>28 ppm<\/li>\n<\/ul>\n<\/li>\n<li>Scanner:\n<ul>\n<li>1200 x 4800 dpi<\/li>\n<li>1200 x 4800 px<\/li>\n<\/ul>\n<\/li>\n<li>Impression recto verso:\n<ul>\n<li>Oui<\/li>\n<li>Automatique<\/li>\n<\/ul>\n<\/li>\n<li>Menus: Multilingue<\/li>\n<li>Bloc d\u2019Alimentation:\n<ul>\n<li>r\u00e9seau \u00e9lectrique<\/li>\n<li>Cordon d&#8217;alimentation CA<\/li>\n<\/ul>\n<\/li>\n<li>Tension: 220-240 V<\/li>\n<li>Dimensions approx.: 47,9 x 35,6 x 14,8 cm<\/li>\n<li>Type de prise: Prise EU<\/li>\n<li>Caract\u00e9ristiques:\n<ul>\n<li>Tactile<\/li>\n<li>\u00c9cran integr\u00e9<\/li>\n<li>Ecran tactile<\/li>\n<li>\u00c9cran couleur<\/li>\n<li>\u00c9cran LCD<\/li>\n<li>Garantie<\/li>\n<li>Guide d&#8217;installation inclus<\/li>\n<li>Impression recto verso<\/li>\n<li>Commande tactile<\/li>\n<li>Carte de lecture int\u00e9gr\u00e9e<\/li>\n<\/ul>\n<\/li>\n<li>Produit \u00e0 brancher: Oui<\/li>\n<li>Technologie:\n<ul>\n<li>LCD<\/li>\n<li>Injection d&#8217;encre<\/li>\n<\/ul>\n<\/li>\n<li>Connectivit\u00e9: Wi-Fi<\/li>\n<li>R\u00e9solution d&#8217;image maximale: 5760 x 1440 dpi<\/li>\n<li>Connexions:\n<ul>\n<li>Ethernet LAN<\/li>\n<li>USB<\/li>\n<li>PictBridge<\/li>\n<\/ul>\n<\/li>\n<li>Fonctions:\n<ul>\n<li>Scanner<\/li>\n<li>Imprimante<\/li>\n<\/ul>\n<\/li>\n<li>Couleur: Noir<\/li>\n<li>Fr\u00e9quence: 50-60 Hz<\/li>\n<li>Taille: A3<\/li>\n<li>Impression couleur: Oui<\/li>\n<li>Format: CD<\/li>\n<li>Ecran: 4,3&#8243;<\/li>\n<li>Compatible: Smartphones, t\u00e9l\u00e9phones mobiles<\/li>\n<li>Inclut:\n<ul>\n<li>C\u00e2ble Alimentation<\/li>\n<li>Cartouche<\/li>\n<\/ul>\n<\/li>\n<li>Papier: B5<\/li>\n<li>Utilisation recommand\u00e9e: Maison<\/li>\n<li>Plateau: 2<\/li>\n<\/ul>","protected":false},"excerpt":{"rendered":"<p>Si vous \u00eates passionn\u00e9 d&#8217;informatique et d&#8217;\u00e9lectronique, si vous \u00eates \u00e0 la pointe de la technologie et qu&#8217;aucun d\u00e9tail ne vous \u00e9chappe, achetez Imprimante Multifonction Epson C11CH45402 28 ppm LAN WiFi au meilleur prix. La imprimante multifonction Epson C11CH45402 est un appareil polyvalent et compact, id\u00e9al pour ceux qui ont besoin d\u2019un \u00e9quipement efficace pour [&hellip;]<\/p>\n","protected":false},"featured_media":15847,"comment_status":"open","ping_status":"closed","template":"","meta":[],"product_brand":[632],"product_cat":[592,65,581],"product_tag":[213,106],"class_list":{"0":"post-15848","1":"product","2":"type-product","3":"status-publish","4":"has-post-thumbnail","6":"product_brand-brandp_547","7":"product_cat-imprimantes","8":"product_cat-informatique-electronique","9":"product_cat-informatique-peripheriques-et-consommables","10":"product_tag-tag_933","11":"product_tag-tag_1295","13":"first","14":"instock","15":"taxable","16":"shipping-taxable","17":"purchasable","18":"product-type-simple"},"_links":{"self":[{"href":"https:\/\/bigbuy.tupique.com\/es\/wp-json\/wp\/v2\/product\/15848","targetHints":{"allow":["GET"]}}],"collection":[{"href":"https:\/\/bigbuy.tupique.com\/es\/wp-json\/wp\/v2\/product"}],"about":[{"href":"https:\/\/bigbuy.tupique.com\/es\/wp-json\/wp\/v2\/types\/product"}],"replies":[{"embeddable":true,"href":"https:\/\/bigbuy.tupique.com\/es\/wp-json\/wp\/v2\/comments?post=15848"}],"wp:featuredmedia":[{"embeddable":true,"href":"https:\/\/bigbuy.tupique.com\/es\/wp-json\/wp\/v2\/media\/15847"}],"wp:attachment":[{"href":"https:\/\/bigbuy.tupique.com\/es\/wp-json\/wp\/v2\/media?parent=15848"}],"wp:term":[{"taxonomy":"product_brand","embeddable":true,"href":"https:\/\/bigbuy.tupique.com\/es\/wp-json\/wp\/v2\/product_brand?post=15848"},{"taxonomy":"product_cat","embeddable":true,"href":"https:\/\/bigbuy.tupique.com\/es\/wp-json\/wp\/v2\/product_cat?post=15848"},{"taxonomy":"product_tag","embeddable":true,"href":"https:\/\/bigbuy.tupique.com\/es\/wp-json\/wp\/v2\/product_tag?post=15848"}],"curies":[{"name":"wp","href":"https:\/\/api.w.org\/{rel}","templated":true}]}}