{"id":15820,"date":"2026-03-29T13:16:18","date_gmt":"2026-03-29T12:16:18","guid":{"rendered":"https:\/\/bigbuy.tupique.com\/produto\/switch-d-link-dgs-1510-28xmp-e\/"},"modified":"2026-04-15T00:14:09","modified_gmt":"2026-04-14T23:14:09","slug":"switch-d-link-dgs-1510-28xmp-e","status":"publish","type":"product","link":"https:\/\/bigbuy.tupique.com\/es\/produto\/switch-d-link-dgs-1510-28xmp-e\/","title":{"rendered":"Switch D-Link DGS-1510-28XMP\/E"},"content":{"rendered":"<p>Si vous \u00eates passionn\u00e9 d&#8217;<b>informatique et d&#8217;\u00e9lectronique<\/b>, si vous \u00eates \u00e0 la pointe de la technologie et qu&#8217;aucun d\u00e9tail ne vous \u00e9chappe, achetez <b>Switch D-Link DGS-1510-28XMP\/E<\/b> au meilleur prix.<\/p>\n<p>Le <b>switch DGS-1510-28XMP\/E<\/b> de <b>D-Link<\/b> est un <b>switch manageable de couche L2\/L3<\/b> con\u00e7u pour les environnements professionnels n\u00e9cessitant haute capacit\u00e9, flexibilit\u00e9 et s\u00e9curit\u00e9 dans la gestion des r\u00e9seaux. Ce mod\u00e8le offre un total de <b>28 ports<\/b>, avec <b>24 ports RJ45 Gigabit Ethernet<\/b> et un port suppl\u00e9mentaire avec prise en charge PoE, ainsi que des ports SFP+ pour connexions fibre optique 10 GbE permettant des liaisons montantes rapides et un empilement physique jusqu\u2019\u00e0 six unit\u00e9s, facilitant l\u2019extension et la cr\u00e9ation d\u2019anneaux redondants pour assurer la continuit\u00e9 r\u00e9seau. Son ch\u00e2ssis m\u00e9tallique robuste noir avec d\u00e9tails gris garantit durabilit\u00e9 et adaptation au montage en rack professionnel. Parmi ses fonctions cl\u00e9s, le DGS-1510-28XMP\/E int\u00e8gre des options avanc\u00e9es de gestion et s\u00e9curit\u00e9, telles que VLAN avec assistant de configuration (VLAN Wizard), Multiple Spanning Tree Protocol (MSTP), agr\u00e9gation de liens avec LACP, routage statique et serveur DHCP int\u00e9gr\u00e9, simplifiant l\u2019administration et la segmentation du trafic r\u00e9seau pour les entreprises moyennes et grandes. Il dispose aussi de fonctions de s\u00e9curit\u00e9 comme IGMP snooping, listes de contr\u00f4le d\u2019acc\u00e8s, protection des ports et le moteur exclusif D-Link Safeguard Engine, prot\u00e9geant le r\u00e9seau contre les attaques par d\u00e9ni de service et le flooding broadcast, multicast et unicast. Gr\u00e2ce \u00e0 la technologie PoE+ et la gestion jusqu\u2019\u00e0 740 W via alimentation redondante (sur mod\u00e8les compatibles de la s\u00e9rie), ce switch alimente des dispositifs tels que cam\u00e9ras IP ou points d\u2019acc\u00e8s depuis l\u2019infrastructure r\u00e9seau. C\u00f4t\u00e9 performances, il se distingue par une capacit\u00e9 de commutation de 128 Gbit\/s et une table d\u2019adresses MAC de 16 384 entr\u00e9es assurant un traitement efficace du trafic. Son syst\u00e8me de ventilation intelligent et la technologie D-Link Green permettent une \u00e9conomie d\u2019\u00e9nergie jusqu\u2019\u00e0 73 % par rapport \u00e0 un switch classique, optimisant la consommation sans sacrifier puissance ni stabilit\u00e9. L\u2019appareil inclut un logiciel gratuit de conception et gestion r\u00e9seau comme D-Link Network Assistant (DNA) pour faciliter la configuration initiale, ainsi qu\u2019un support pour D-View 7 offrant une supervision avanc\u00e9e avec licences optionnelles pour \u00e9tendre n\u0153uds et sondes. En r\u00e9sum\u00e9, le DGS-1510-28XMP\/E est une solution polyvalente et performante pour le c\u0153ur et les liaisons du r\u00e9seau d\u2019entreprise, id\u00e9ale pour ceux qui exigent haute disponibilit\u00e9, gestion avanc\u00e9e et connectivit\u00e9 Gigabit et 10 GbE dans un \u00e9quipement fiable et facile \u00e0 administrer.<\/p>\n<ul>\n<li>Type: Switch<\/li>\n<li>Ports: 28<\/li>\n<li>Produit \u00e0 brancher: Oui<\/li>\n<li>Type de prise: Prise EU<\/li>\n<li>Bloc d\u2019Alimentation: r\u00e9seau \u00e9lectrique<\/li>\n<li>Couleur:\n<ul>\n<li>Noir<\/li>\n<li>Gris<\/li>\n<\/ul>\n<\/li>\n<li>Connexions:\n<ul>\n<li>RJ45 x 24<\/li>\n<li>PoE x 1<\/li>\n<li>SFP+<\/li>\n<\/ul>\n<\/li>\n<li>Tension: 100-240 V<\/li>\n<li>Ventillateur: 2<\/li>\n<li>Mati\u00e8re: M\u00e9tal<\/li>\n<\/ul>","protected":false},"excerpt":{"rendered":"<p>Si vous \u00eates passionn\u00e9 d&#8217;informatique et d&#8217;\u00e9lectronique, si vous \u00eates \u00e0 la pointe de la technologie et qu&#8217;aucun d\u00e9tail ne vous \u00e9chappe, achetez Switch D-Link DGS-1510-28XMP\/E au meilleur prix. Le switch DGS-1510-28XMP\/E de D-Link est un switch manageable de couche L2\/L3 con\u00e7u pour les environnements professionnels n\u00e9cessitant haute capacit\u00e9, flexibilit\u00e9 et s\u00e9curit\u00e9 dans la gestion [&hellip;]<\/p>\n","protected":false},"featured_media":15819,"comment_status":"open","ping_status":"closed","template":"","meta":[],"product_brand":[640],"product_cat":[65,584,585],"product_tag":[106],"class_list":{"0":"post-15820","1":"product","2":"type-product","3":"status-publish","4":"has-post-thumbnail","6":"product_brand-brandp_543","7":"product_cat-informatique-electronique","8":"product_cat-informatique-reseaux-et-composants","9":"product_cat-switch","10":"product_tag-tag_1295","12":"first","13":"instock","14":"taxable","15":"shipping-taxable","16":"purchasable","17":"product-type-simple"},"_links":{"self":[{"href":"https:\/\/bigbuy.tupique.com\/es\/wp-json\/wp\/v2\/product\/15820","targetHints":{"allow":["GET"]}}],"collection":[{"href":"https:\/\/bigbuy.tupique.com\/es\/wp-json\/wp\/v2\/product"}],"about":[{"href":"https:\/\/bigbuy.tupique.com\/es\/wp-json\/wp\/v2\/types\/product"}],"replies":[{"embeddable":true,"href":"https:\/\/bigbuy.tupique.com\/es\/wp-json\/wp\/v2\/comments?post=15820"}],"wp:featuredmedia":[{"embeddable":true,"href":"https:\/\/bigbuy.tupique.com\/es\/wp-json\/wp\/v2\/media\/15819"}],"wp:attachment":[{"href":"https:\/\/bigbuy.tupique.com\/es\/wp-json\/wp\/v2\/media?parent=15820"}],"wp:term":[{"taxonomy":"product_brand","embeddable":true,"href":"https:\/\/bigbuy.tupique.com\/es\/wp-json\/wp\/v2\/product_brand?post=15820"},{"taxonomy":"product_cat","embeddable":true,"href":"https:\/\/bigbuy.tupique.com\/es\/wp-json\/wp\/v2\/product_cat?post=15820"},{"taxonomy":"product_tag","embeddable":true,"href":"https:\/\/bigbuy.tupique.com\/es\/wp-json\/wp\/v2\/product_tag?post=15820"}],"curies":[{"name":"wp","href":"https:\/\/api.w.org\/{rel}","templated":true}]}}