{"id":15787,"date":"2026-03-29T13:04:05","date_gmt":"2026-03-29T12:04:05","guid":{"rendered":"https:\/\/bigbuy.tupique.com\/produto\/monitor-lenovo-62cbrat6eu-27-ips-led\/"},"modified":"2026-05-11T19:59:20","modified_gmt":"2026-05-11T17:59:20","slug":"monitor-lenovo-62cbrat6eu-27-ips-led","status":"publish","type":"product","link":"https:\/\/bigbuy.tupique.com\/es\/produto\/monitor-lenovo-62cbrat6eu-27-ips-led\/","title":{"rendered":"\u00c9cran Lenovo 62CBRAT6EU 27&#8243; IPS LED"},"content":{"rendered":"<p>Si vous \u00eates passionn\u00e9 d&#8217;<b>informatique et d&#8217;\u00e9lectronique<\/b>, si vous \u00eates \u00e0 la pointe de la technologie et qu&#8217;aucun d\u00e9tail ne vous \u00e9chappe, achetez <b>\u00c9cran Lenovo 62CBRAT6EU 27&#8243; IPS LED<\/b> au meilleur prix.<\/p>\n<ul>\n<li>Classification \u00e9nerg\u00e9tique:\n<ul>\n<li>G<\/li>\n<li>F<\/li>\n<\/ul>\n<\/li>\n<li>Produit \u00e0 brancher: Oui<\/li>\n<li>Type de prise: Prise EU<\/li>\n<li>R\u00e9solution (px): 3840 x 2160 px<\/li>\n<li>Connexions:\n<ul>\n<li>USB-C<\/li>\n<li>DisplayPort 1.2<\/li>\n<li>HDMI<\/li>\n<li>USB<\/li>\n<li>DisplayPort<\/li>\n<li>HDMI 2.0<\/li>\n<li>2<\/li>\n<li>Jack 3.5 mm<\/li>\n<li>USB A x 3<\/li>\n<li>Thunderbolt 3 x 2<\/li>\n<li>DisplayPort x 1<\/li>\n<li>HDMI x 2<\/li>\n<\/ul>\n<\/li>\n<li>R\u00e9solution: 4K Ultra HD<\/li>\n<li>Diagonale de l&#8217;\u00e9cran (cm): 68,6 cm<\/li>\n<li>Caract\u00e9ristiques:\n<ul>\n<li>\u00c9cran plat<\/li>\n<li>Plaque Tournante<\/li>\n<li>R\u00e9glable<\/li>\n<li>HDR<\/li>\n<li>Inclinable<\/li>\n<li>Haut-parleurs int\u00e9gr\u00e9s<\/li>\n<\/ul>\n<\/li>\n<li>Ecran: 27&#8243;<\/li>\n<li>Couleur: Noir<\/li>\n<li>Temps de r\u00e9ponse:\n<ul>\n<li>4 ms<\/li>\n<li>6 ms<\/li>\n<\/ul>\n<\/li>\n<li>consommation d&#8217;\u00e9nergie:\n<ul>\n<li>35 W<\/li>\n<li>35 kWh<\/li>\n<\/ul>\n<\/li>\n<li>VESA: 10 x 10 cm<\/li>\n<li>Rapport d&#8217;aspect: 16:9<\/li>\n<li>Technologie:\n<ul>\n<li>LED<\/li>\n<li>IPS<\/li>\n<\/ul>\n<\/li>\n<li>Fr\u00e9quence:\n<ul>\n<li>60 Hz<\/li>\n<li>75 Hz<\/li>\n<\/ul>\n<\/li>\n<li>Type: Axe<\/li>\n<li>Rapport de contraste: 1000:1<\/li>\n<li>Ecran tactile: Non<\/li>\n<li>Inclut: Sortie d&#8217;\u00e9couteurs<\/li>\n<li>Angle: 178\u00ba<\/li>\n<li>Non inclut: AMD FreeSync<\/li>\n<li>Montage: VESA<\/li>\n<li>Utilisation recommand\u00e9e: Maison<\/li>\n<\/ul>","protected":false},"excerpt":{"rendered":"<p>Si vous \u00eates passionn\u00e9 d&#8217;informatique et d&#8217;\u00e9lectronique, si vous \u00eates \u00e0 la pointe de la technologie et qu&#8217;aucun d\u00e9tail ne vous \u00e9chappe, achetez \u00c9cran Lenovo 62CBRAT6EU 27&#8243; IPS LED au meilleur prix. Classification \u00e9nerg\u00e9tique: G F Produit \u00e0 brancher: Oui Type de prise: Prise EU R\u00e9solution (px): 3840 x 2160 px Connexions: USB-C DisplayPort 1.2 [&hellip;]<\/p>\n","protected":false},"featured_media":15782,"comment_status":"open","ping_status":"closed","template":"","meta":[],"product_brand":[661],"product_cat":[65,581,616],"product_tag":[213,106],"class_list":{"0":"post-15787","1":"product","2":"type-product","3":"status-publish","4":"has-post-thumbnail","6":"product_brand-brandp_558","7":"product_cat-informatique-electronique","8":"product_cat-informatique-peripheriques-et-consommables","9":"product_cat-moniteurs","10":"product_tag-tag_933","11":"product_tag-tag_1295","13":"first","14":"instock","15":"taxable","16":"shipping-taxable","17":"purchasable","18":"product-type-simple"},"_links":{"self":[{"href":"https:\/\/bigbuy.tupique.com\/es\/wp-json\/wp\/v2\/product\/15787","targetHints":{"allow":["GET"]}}],"collection":[{"href":"https:\/\/bigbuy.tupique.com\/es\/wp-json\/wp\/v2\/product"}],"about":[{"href":"https:\/\/bigbuy.tupique.com\/es\/wp-json\/wp\/v2\/types\/product"}],"replies":[{"embeddable":true,"href":"https:\/\/bigbuy.tupique.com\/es\/wp-json\/wp\/v2\/comments?post=15787"}],"wp:featuredmedia":[{"embeddable":true,"href":"https:\/\/bigbuy.tupique.com\/es\/wp-json\/wp\/v2\/media\/15782"}],"wp:attachment":[{"href":"https:\/\/bigbuy.tupique.com\/es\/wp-json\/wp\/v2\/media?parent=15787"}],"wp:term":[{"taxonomy":"product_brand","embeddable":true,"href":"https:\/\/bigbuy.tupique.com\/es\/wp-json\/wp\/v2\/product_brand?post=15787"},{"taxonomy":"product_cat","embeddable":true,"href":"https:\/\/bigbuy.tupique.com\/es\/wp-json\/wp\/v2\/product_cat?post=15787"},{"taxonomy":"product_tag","embeddable":true,"href":"https:\/\/bigbuy.tupique.com\/es\/wp-json\/wp\/v2\/product_tag?post=15787"}],"curies":[{"name":"wp","href":"https:\/\/api.w.org\/{rel}","templated":true}]}}