{"id":157164,"date":"2026-04-09T15:40:11","date_gmt":"2026-04-09T14:40:11","guid":{"rendered":"https:\/\/bigbuy.tupique.com\/produto\/freezer-beko-bfna247e40sn177-white\/"},"modified":"2026-04-15T07:03:23","modified_gmt":"2026-04-15T06:03:23","slug":"freezer-beko-bfna247e40sn177-white","status":"publish","type":"product","link":"https:\/\/bigbuy.tupique.com\/es\/produto\/freezer-beko-bfna247e40sn177-white\/","title":{"rendered":"Cong\u00e9lateur BEKO BFNA247E40SN177 Blanc"},"content":{"rendered":"<p>Si vous pensez r\u00e9nover votre cuisine, achetez <b>Cong\u00e9lateur BEKO BFNA247E40SN177 Blanc<\/b> et d\u00b4autres <b>produits BEKO<\/b> !<\/p>\n<ul>\n<li>Produit \u00e0 brancher: Oui<\/li>\n<li>Type de prise: Prise EU<\/li>\n<li>Type:\n<ul>\n<li>Cong\u00e9lateur<\/li>\n<li>Int\u00e9gr\u00e9<\/li>\n<\/ul>\n<\/li>\n<li>Bloc d\u2019Alimentation: r\u00e9seau \u00e9lectrique<\/li>\n<li>Couleur: Blanc<\/li>\n<li>Caract\u00e9ristiques: \u00c9cran integr\u00e9<\/li>\n<li>Type d&#8217;installation:\n<ul>\n<li>Int\u00e9grable<\/li>\n<li>Ind\u00e9pendant<\/li>\n<\/ul>\n<\/li>\n<li>Classification \u00e9nerg\u00e9tique: E<\/li>\n<li>Dimensions approx.: 177 x 54 cm<\/li>\n<li>Direction d&#8217;ouverture: Droite<\/li>\n<li>Fr\u00e9quence: 50 Hz<\/li>\n<li>Longueur du c\u00e2ble: 2,5 m<\/li>\n<li>Thermostat: R\u00e9glable<\/li>\n<li>Tension: 220-240 V<\/li>\n<li>Technologie: LCD<\/li>\n<li>Largeur: 54 cm<\/li>\n<li>Niveau sonore: 39 dB<\/li>\n<\/ul>","protected":false},"excerpt":{"rendered":"<p>Si vous pensez r\u00e9nover votre cuisine, achetez Cong\u00e9lateur BEKO BFNA247E40SN177 Blanc et d\u00b4autres produits BEKO ! Produit \u00e0 brancher: Oui Type de prise: Prise EU Type: Cong\u00e9lateur Int\u00e9gr\u00e9 Bloc d\u2019Alimentation: r\u00e9seau \u00e9lectrique Couleur: Blanc Caract\u00e9ristiques: \u00c9cran integr\u00e9 Type d&#8217;installation: Int\u00e9grable Ind\u00e9pendant Classification \u00e9nerg\u00e9tique: E Dimensions approx.: 177 x 54 cm Direction d&#8217;ouverture: Droite Fr\u00e9quence: 50 [&hellip;]<\/p>\n","protected":false},"featured_media":157163,"comment_status":"open","ping_status":"closed","template":"","meta":[],"product_brand":[825],"product_cat":[60,77,226],"product_tag":[],"class_list":{"0":"post-157164","1":"product","2":"type-product","3":"status-publish","4":"has-post-thumbnail","6":"product_brand-brandp_1255","7":"product_cat-cuisine-gourmet","8":"product_cat-petit-electromenager","9":"product_cat-refrigerateurs-et-congelateurs","11":"first","12":"instock","13":"taxable","14":"shipping-taxable","15":"purchasable","16":"product-type-simple"},"_links":{"self":[{"href":"https:\/\/bigbuy.tupique.com\/es\/wp-json\/wp\/v2\/product\/157164","targetHints":{"allow":["GET"]}}],"collection":[{"href":"https:\/\/bigbuy.tupique.com\/es\/wp-json\/wp\/v2\/product"}],"about":[{"href":"https:\/\/bigbuy.tupique.com\/es\/wp-json\/wp\/v2\/types\/product"}],"replies":[{"embeddable":true,"href":"https:\/\/bigbuy.tupique.com\/es\/wp-json\/wp\/v2\/comments?post=157164"}],"wp:featuredmedia":[{"embeddable":true,"href":"https:\/\/bigbuy.tupique.com\/es\/wp-json\/wp\/v2\/media\/157163"}],"wp:attachment":[{"href":"https:\/\/bigbuy.tupique.com\/es\/wp-json\/wp\/v2\/media?parent=157164"}],"wp:term":[{"taxonomy":"product_brand","embeddable":true,"href":"https:\/\/bigbuy.tupique.com\/es\/wp-json\/wp\/v2\/product_brand?post=157164"},{"taxonomy":"product_cat","embeddable":true,"href":"https:\/\/bigbuy.tupique.com\/es\/wp-json\/wp\/v2\/product_cat?post=157164"},{"taxonomy":"product_tag","embeddable":true,"href":"https:\/\/bigbuy.tupique.com\/es\/wp-json\/wp\/v2\/product_tag?post=157164"}],"curies":[{"name":"wp","href":"https:\/\/api.w.org\/{rel}","templated":true}]}}