{"id":15707,"date":"2026-03-29T13:02:12","date_gmt":"2026-03-29T12:02:12","guid":{"rendered":"https:\/\/bigbuy.tupique.com\/produto\/electric-coffee-maker-delonghi-etam-29510b-black\/"},"modified":"2026-04-16T17:25:13","modified_gmt":"2026-04-16T16:25:13","slug":"electric-coffee-maker-delonghi-etam-29510b-black","status":"publish","type":"product","link":"https:\/\/bigbuy.tupique.com\/es\/produto\/electric-coffee-maker-delonghi-etam-29510b-black\/","title":{"rendered":"Caf\u00e9ti\u00e8re \u00e9lectrique DeLonghi Etam 29510B Noir"},"content":{"rendered":"<p>Si vous recherchez des \u00e9lectrom\u00e9nagers pour votre maison aux meilleurs prix, ne manquez pas <b>Caf\u00e9ti\u00e8re \u00e9lectrique DeLonghi Etam 29510B Noir<\/b> et une large s\u00e9lection de petits \u00e9lectrom\u00e9nagers de qualit\u00e9 !<\/p>\n<p>La <b>cafeti\u00e8re \u00e9lectrique DeLonghi Etam 29510B<\/b> est un mod\u00e8le de machine \u00e0 caf\u00e9 expresso automatique de haute qualit\u00e9, con\u00e7ue pour offrir un caf\u00e9 d\u2019exception \u00e0 domicile ou dans de petits espaces de travail. Cet appareil est \u00e9quip\u00e9 d\u2019un <b>moulin int\u00e9gr\u00e9<\/b> permettant de pr\u00e9parer le caf\u00e9 directement \u00e0 partir des grains, garantissant ainsi fra\u00eecheur et ar\u00f4me intenses \u00e0 chaque tasse. Il dispose d\u2019une <b>capacit\u00e9 de 1,4 litre<\/b> dans son r\u00e9servoir d\u2019eau, suffisante pour plusieurs pr\u00e9parations cons\u00e9cutives, et offre une pression optimale de <b>15 bars<\/b>, essentielle pour extraire un maximum de saveur et de corps, \u00e0 la mani\u00e8re professionnelle. La cafeti\u00e8re est fabriqu\u00e9e en <b>acier inoxydable<\/b> avec une finition <b>noire<\/b>, assurant durabilit\u00e9 et un design \u00e9l\u00e9gant, adaptable \u00e0 diverses d\u00e9corations de cuisine. Parmi ses fonctionnalit\u00e9s, on trouve une <b>buse vapeur<\/b> pour pr\u00e9parer cappuccinos et autres boissons \u00e0 mousse cr\u00e9meuse, ainsi qu\u2019un <b>r\u00e9servoir d\u2019eau amovible<\/b> facilitant le nettoyage et le remplissage. De plus, elle int\u00e8gre un syst\u00e8me d\u2019<b>arr\u00eat automatique<\/b> pour am\u00e9liorer la s\u00e9curit\u00e9 et l\u2019efficacit\u00e9 \u00e9nerg\u00e9tique, et propose des fonctions programmables permettant d\u2019ajuster l\u2019intensit\u00e9 et la quantit\u00e9 de caf\u00e9 selon les pr\u00e9f\u00e9rences de chaque utilisateur. La combinaison de ces caract\u00e9ristiques techniques et de sa prise en main intuitive fait de cette machine expresso une option polyvalente, fiable et professionnelle pour les amateurs de caf\u00e9 recherchant qualit\u00e9 et confort d\u2019utilisation. En r\u00e9sum\u00e9, la DeLonghi Etam 29510B r\u00e9unit la technologie pr\u00e9cise et les \u00e9l\u00e9ments essentiels pour pr\u00e9parer une large vari\u00e9t\u00e9 de caf\u00e9s avec des r\u00e9sultats constants et haut de gamme.<\/p>\n<ul>\n<li>Caract\u00e9ristiques:\n<ul>\n<li>Arr\u00eat Automatique<\/li>\n<li>Embout \u00e0 vapeur<\/li>\n<li>R\u00e9servoir d&#8217;eau amovible<\/li>\n<li>Caract\u00e9ristiques programmables<\/li>\n<li>Intensit\u00e9 r\u00e9glable<\/li>\n<li>Automatique<\/li>\n<\/ul>\n<\/li>\n<li>Pression: 15 bar<\/li>\n<li>Capacit\u00e9:\n<ul>\n<li>1,4 L<\/li>\n<li>150 g<\/li>\n<li>1,3 L<\/li>\n<\/ul>\n<\/li>\n<li>puissance: 1450 W<\/li>\n<li>Produit \u00e0 brancher: Oui<\/li>\n<li>Type de prise: Prise EU<\/li>\n<li>Type: Cafeti\u00e8re express<\/li>\n<li>Bloc d\u2019Alimentation: r\u00e9seau \u00e9lectrique<\/li>\n<li>Couleur: Noir<\/li>\n<li>Mati\u00e8re: Acier inoxydable<\/li>\n<\/ul>","protected":false},"excerpt":{"rendered":"<p>Si vous recherchez des \u00e9lectrom\u00e9nagers pour votre maison aux meilleurs prix, ne manquez pas Caf\u00e9ti\u00e8re \u00e9lectrique DeLonghi Etam 29510B Noir et une large s\u00e9lection de petits \u00e9lectrom\u00e9nagers de qualit\u00e9 ! La cafeti\u00e8re \u00e9lectrique DeLonghi Etam 29510B est un mod\u00e8le de machine \u00e0 caf\u00e9 expresso automatique de haute qualit\u00e9, con\u00e7ue pour offrir un caf\u00e9 d\u2019exception \u00e0 [&hellip;]<\/p>\n","protected":false},"featured_media":15702,"comment_status":"open","ping_status":"closed","template":"","meta":[],"product_brand":[299],"product_cat":[725,60,77],"product_tag":[59,56],"class_list":{"0":"post-15707","1":"product","2":"type-product","3":"status-publish","4":"has-post-thumbnail","6":"product_brand-brandp_5487","7":"product_cat-cafetieres","8":"product_cat-cuisine-gourmet","9":"product_cat-petit-electromenager","10":"product_tag-tag_1304","11":"product_tag-tag_930","13":"first","14":"instock","15":"taxable","16":"shipping-taxable","17":"purchasable","18":"product-type-simple"},"_links":{"self":[{"href":"https:\/\/bigbuy.tupique.com\/es\/wp-json\/wp\/v2\/product\/15707","targetHints":{"allow":["GET"]}}],"collection":[{"href":"https:\/\/bigbuy.tupique.com\/es\/wp-json\/wp\/v2\/product"}],"about":[{"href":"https:\/\/bigbuy.tupique.com\/es\/wp-json\/wp\/v2\/types\/product"}],"replies":[{"embeddable":true,"href":"https:\/\/bigbuy.tupique.com\/es\/wp-json\/wp\/v2\/comments?post=15707"}],"wp:featuredmedia":[{"embeddable":true,"href":"https:\/\/bigbuy.tupique.com\/es\/wp-json\/wp\/v2\/media\/15702"}],"wp:attachment":[{"href":"https:\/\/bigbuy.tupique.com\/es\/wp-json\/wp\/v2\/media?parent=15707"}],"wp:term":[{"taxonomy":"product_brand","embeddable":true,"href":"https:\/\/bigbuy.tupique.com\/es\/wp-json\/wp\/v2\/product_brand?post=15707"},{"taxonomy":"product_cat","embeddable":true,"href":"https:\/\/bigbuy.tupique.com\/es\/wp-json\/wp\/v2\/product_cat?post=15707"},{"taxonomy":"product_tag","embeddable":true,"href":"https:\/\/bigbuy.tupique.com\/es\/wp-json\/wp\/v2\/product_tag?post=15707"}],"curies":[{"name":"wp","href":"https:\/\/api.w.org\/{rel}","templated":true}]}}