{"id":15701,"date":"2026-03-29T13:02:03","date_gmt":"2026-03-29T12:02:03","guid":{"rendered":"https:\/\/bigbuy.tupique.com\/produto\/ladies-watch-frederique-constant-classic-delight-o-33-mm-2\/"},"modified":"2026-04-15T00:14:03","modified_gmt":"2026-04-14T23:14:03","slug":"ladies-watch-frederique-constant-classic-delight-o-33-mm-2","status":"publish","type":"product","link":"https:\/\/bigbuy.tupique.com\/es\/produto\/ladies-watch-frederique-constant-classic-delight-o-33-mm-2\/","title":{"rendered":"Montre Femme Frederique Constant CLASSIC DELIGHT (\u00d8 33 mm)"},"content":{"rendered":"<p>Si vous aimez suivre les derni\u00e8res tendances en mati\u00e8re de mode et accessoires, achetez <b>Montre Femme Frederique Constant CLASSIC DELIGHT (\u00d8 33 mm)<\/b> au meilleur prix.<\/p>\n<ul>\n<li>Fonctions: Date<\/li>\n<li>Genre: Femme<\/li>\n<li>Mat\u00e9riau du bracelet: Acier inoxydable<\/li>\n<li>Imperm\u00e9abilit\u00e9: 3 atm<\/li>\n<li>Couleur du cadran: Nacre noire<\/li>\n<li>Verre: Saphir<\/li>\n<li>Inclut: Le coffret de la marque est inclus<\/li>\n<li>Type de mouvement: Automatique<\/li>\n<li>Diam\u00e8tre du bo\u00eetier de la montre: \u00d8 33 mm<\/li>\n<li>Liens suppl\u00e9mentaires: Non<\/li>\n<li>Type de montre: Montre-bracelet<\/li>\n<li>Couleur: Argent\u00e9<\/li>\n<li>Design: Femme<\/li>\n<li>diam\u00e8tre approx.: 32 mm<\/li>\n<\/ul>","protected":false},"excerpt":{"rendered":"<p>Si vous aimez suivre les derni\u00e8res tendances en mati\u00e8re de mode et accessoires, achetez Montre Femme Frederique Constant CLASSIC DELIGHT (\u00d8 33 mm) au meilleur prix. Fonctions: Date Genre: Femme Mat\u00e9riau du bracelet: Acier inoxydable Imperm\u00e9abilit\u00e9: 3 atm Couleur du cadran: Nacre noire Verre: Saphir Inclut: Le coffret de la marque est inclus Type de [&hellip;]<\/p>\n","protected":false},"featured_media":15695,"comment_status":"open","ping_status":"closed","template":"","meta":[],"product_brand":[795],"product_cat":[544,546,545],"product_tag":[103,542,543],"class_list":{"0":"post-15701","1":"product","2":"type-product","3":"status-publish","4":"has-post-thumbnail","6":"product_brand-brandp_6826","7":"product_cat-mode-accessoires","8":"product_cat-montres-femme","9":"product_cat-montres-bracelets","10":"product_tag-tag_1261","11":"product_tag-tag_1274","12":"product_tag-tag_61","14":"first","15":"instock","16":"taxable","17":"shipping-taxable","18":"purchasable","19":"product-type-simple"},"_links":{"self":[{"href":"https:\/\/bigbuy.tupique.com\/es\/wp-json\/wp\/v2\/product\/15701","targetHints":{"allow":["GET"]}}],"collection":[{"href":"https:\/\/bigbuy.tupique.com\/es\/wp-json\/wp\/v2\/product"}],"about":[{"href":"https:\/\/bigbuy.tupique.com\/es\/wp-json\/wp\/v2\/types\/product"}],"replies":[{"embeddable":true,"href":"https:\/\/bigbuy.tupique.com\/es\/wp-json\/wp\/v2\/comments?post=15701"}],"wp:featuredmedia":[{"embeddable":true,"href":"https:\/\/bigbuy.tupique.com\/es\/wp-json\/wp\/v2\/media\/15695"}],"wp:attachment":[{"href":"https:\/\/bigbuy.tupique.com\/es\/wp-json\/wp\/v2\/media?parent=15701"}],"wp:term":[{"taxonomy":"product_brand","embeddable":true,"href":"https:\/\/bigbuy.tupique.com\/es\/wp-json\/wp\/v2\/product_brand?post=15701"},{"taxonomy":"product_cat","embeddable":true,"href":"https:\/\/bigbuy.tupique.com\/es\/wp-json\/wp\/v2\/product_cat?post=15701"},{"taxonomy":"product_tag","embeddable":true,"href":"https:\/\/bigbuy.tupique.com\/es\/wp-json\/wp\/v2\/product_tag?post=15701"}],"curies":[{"name":"wp","href":"https:\/\/api.w.org\/{rel}","templated":true}]}}