{"id":156944,"date":"2026-04-09T14:58:48","date_gmt":"2026-04-09T13:58:48","guid":{"rendered":"https:\/\/bigbuy.tupique.com\/produto\/printer-hp-4ra88fb19\/"},"modified":"2026-04-15T00:49:40","modified_gmt":"2026-04-14T23:49:40","slug":"printer-hp-4ra88fb19","status":"publish","type":"product","link":"https:\/\/bigbuy.tupique.com\/es\/produto\/printer-hp-4ra88fb19\/","title":{"rendered":"Imprimante HP 4RA88F#B19"},"content":{"rendered":"<p>Si vous \u00eates passionn\u00e9 d&#8217;<b>informatique et d&#8217;\u00e9lectronique<\/b>, si vous \u00eates \u00e0 la pointe de la technologie et qu&#8217;aucun d\u00e9tail ne vous \u00e9chappe, achetez <b>Imprimante HP 4RA88F#B19<\/b> au meilleur prix.<\/p>\n<p>La <b>imprimante laser HP 4RA88F#B19<\/b> est un appareil con\u00e7u pour les environnements professionnels et les bureaux n\u00e9cessitant une impression rapide et une qualit\u00e9 couleur. Ce mod\u00e8le, \u00e9galement connu sous le nom de <b>HP LaserJet Pro 4202dw<\/b>, se distingue par sa capacit\u00e9 \u00e0 imprimer jusqu\u2019\u00e0 <b>33 pages par minute (ppm)<\/b>, garantissant une production efficace pour les t\u00e2ches quotidiennes \u00e0 fort volume. Elle offre une impression en <b>noir et bleu<\/b>, permettant des documents avec une utilisation chromatique sp\u00e9cifique et professionnelle, id\u00e9ale pour les rapports, pr\u00e9sentations ou supports d\u2019entreprise. C\u00f4t\u00e9 connectivit\u00e9, elle int\u00e8gre des technologies sans fil modernes telles que le <b>Bluetooth et le Wi-Fi<\/b>, facilitant l\u2019impression directe depuis mobiles, ordinateurs ou tablettes sans c\u00e2bles, et offrant une grande flexibilit\u00e9 d\u2019installation dans l\u2019espace de travail. Son \u00e9cran LCD int\u00e9gr\u00e9 fournit une interface claire et simple pour g\u00e9rer les fonctions, configurer et suivre l\u2019impression, am\u00e9liorant ainsi l\u2019ergonomie et le contr\u00f4le de l\u2019appareil. Cette imprimante allie rapidit\u00e9, couleur et polyvalence sans fil, ainsi que la fiabilit\u00e9 propre \u00e0 la marque HP pour les solutions d\u2019impression professionnelles o\u00f9 vitesse et connectivit\u00e9 sont essentielles. En r\u00e9sum\u00e9, la HP 4RA88F#B19 offre un \u00e9quilibre optimal entre fonctionnalit\u00e9s avanc\u00e9es et facilit\u00e9 d\u2019utilisation, r\u00e9pondant aux besoins actuels d\u2019impression dans les bureaux modernes.<\/p>\n<ul>\n<li>Technologie:\n<ul>\n<li>LCD<\/li>\n<li>Laser<\/li>\n<\/ul>\n<\/li>\n<li>Produit \u00e0 brancher: Oui<\/li>\n<li>Type de prise: Prise EU<\/li>\n<li>Type:\n<ul>\n<li>Imprimante<\/li>\n<li>Couleur<\/li>\n<\/ul>\n<\/li>\n<li>Bloc d\u2019Alimentation: r\u00e9seau \u00e9lectrique<\/li>\n<li>R\u00e9solution d&#8217;image maximale: 600 x 600 dpi<\/li>\n<li>M\u00e9moire interne: 512 MB<\/li>\n<li>Connectivit\u00e9:\n<ul>\n<li>Wi-Fi<\/li>\n<li>Bluetooth<\/li>\n<li>Ethernet LAN<\/li>\n<\/ul>\n<\/li>\n<li>Connexions:\n<ul>\n<li>USB 2.0<\/li>\n<li>Ethernet LAN<\/li>\n<li>USB<\/li>\n<li>USB 2.0 x 3<\/li>\n<\/ul>\n<\/li>\n<li>Caract\u00e9ristiques:\n<ul>\n<li>\u00c9cran integr\u00e9<\/li>\n<li>\u00c9cran LCD<\/li>\n<li>Impression recto verso<\/li>\n<\/ul>\n<\/li>\n<li>Couleur:\n<ul>\n<li>Bleu<\/li>\n<li>Blanc<\/li>\n<li>Noir<\/li>\n<\/ul>\n<\/li>\n<li>Impression couleur: Oui<\/li>\n<li>Taille: 10&#215;15<\/li>\n<li>Mati\u00e8re: Plastique<\/li>\n<li>R\u00e9solution: 600 x 600 dpi<\/li>\n<li>vitesse:\n<ul>\n<li>33 ppm<\/li>\n<li>10\/100\/1000 Mbps<\/li>\n<li>10\/100 Mbps<\/li>\n<\/ul>\n<\/li>\n<li>Capacit\u00e9: 250 Volets<\/li>\n<li>Papier: A4<\/li>\n<li>Impression recto verso: Automatique<\/li>\n<li>Niveau sonore: 51 dB<\/li>\n<li>Fr\u00e9quence d&#8217;entr\u00e9e AC: 50-60 Hz<\/li>\n<li>Fr\u00e9quence: 1200 Hz<\/li>\n<li>Type de commande: Boutons<\/li>\n<li>Tension: 220-240 V<\/li>\n<li>consommation d&#8217;\u00e9nergie: 17 kWh<\/li>\n<li>Temp\u00e9rature approximative: -20\u00ba \/ 40\u00ba<\/li>\n<li>Utilisation recommand\u00e9e: Entreprise et commerce<\/li>\n<li>Plateau: 2<\/li>\n<li>Inclut: Cartouche<\/li>\n<li>M\u00e9t\u00e9o: 9 s<\/li>\n<\/ul>","protected":false},"excerpt":{"rendered":"<p>Si vous \u00eates passionn\u00e9 d&#8217;informatique et d&#8217;\u00e9lectronique, si vous \u00eates \u00e0 la pointe de la technologie et qu&#8217;aucun d\u00e9tail ne vous \u00e9chappe, achetez Imprimante HP 4RA88F#B19 au meilleur prix. La imprimante laser HP 4RA88F#B19 est un appareil con\u00e7u pour les environnements professionnels et les bureaux n\u00e9cessitant une impression rapide et une qualit\u00e9 couleur. Ce mod\u00e8le, [&hellip;]<\/p>\n","protected":false},"featured_media":156936,"comment_status":"open","ping_status":"closed","template":"","meta":[],"product_brand":[630],"product_cat":[592,65,581],"product_tag":[213,106],"class_list":{"0":"post-156944","1":"product","2":"type-product","3":"status-publish","4":"has-post-thumbnail","6":"product_brand-brandp_909","7":"product_cat-imprimantes","8":"product_cat-informatique-electronique","9":"product_cat-informatique-peripheriques-et-consommables","10":"product_tag-tag_933","11":"product_tag-tag_1295","13":"first","14":"instock","15":"taxable","16":"shipping-taxable","17":"purchasable","18":"product-type-simple"},"_links":{"self":[{"href":"https:\/\/bigbuy.tupique.com\/es\/wp-json\/wp\/v2\/product\/156944","targetHints":{"allow":["GET"]}}],"collection":[{"href":"https:\/\/bigbuy.tupique.com\/es\/wp-json\/wp\/v2\/product"}],"about":[{"href":"https:\/\/bigbuy.tupique.com\/es\/wp-json\/wp\/v2\/types\/product"}],"replies":[{"embeddable":true,"href":"https:\/\/bigbuy.tupique.com\/es\/wp-json\/wp\/v2\/comments?post=156944"}],"wp:featuredmedia":[{"embeddable":true,"href":"https:\/\/bigbuy.tupique.com\/es\/wp-json\/wp\/v2\/media\/156936"}],"wp:attachment":[{"href":"https:\/\/bigbuy.tupique.com\/es\/wp-json\/wp\/v2\/media?parent=156944"}],"wp:term":[{"taxonomy":"product_brand","embeddable":true,"href":"https:\/\/bigbuy.tupique.com\/es\/wp-json\/wp\/v2\/product_brand?post=156944"},{"taxonomy":"product_cat","embeddable":true,"href":"https:\/\/bigbuy.tupique.com\/es\/wp-json\/wp\/v2\/product_cat?post=156944"},{"taxonomy":"product_tag","embeddable":true,"href":"https:\/\/bigbuy.tupique.com\/es\/wp-json\/wp\/v2\/product_tag?post=156944"}],"curies":[{"name":"wp","href":"https:\/\/api.w.org\/{rel}","templated":true}]}}