{"id":15677,"date":"2026-03-29T13:01:28","date_gmt":"2026-03-29T12:01:28","guid":{"rendered":"https:\/\/bigbuy.tupique.com\/produto\/superautomatic-coffee-maker-melitta-caffeo-passione-silver-1000-w-1400-w-15-bar-12-l-1400-w\/"},"modified":"2026-05-11T20:02:34","modified_gmt":"2026-05-11T18:02:34","slug":"superautomatic-coffee-maker-melitta-caffeo-passione-silver-1000-w-1400-w-15-bar-12-l-1400-w","status":"publish","type":"product","link":"https:\/\/bigbuy.tupique.com\/es\/produto\/superautomatic-coffee-maker-melitta-caffeo-passione-silver-1000-w-1400-w-15-bar-12-l-1400-w\/","title":{"rendered":"Cafeti\u00e8re superautomatique Melitta Caffeo Passione Argent\u00e9 1000 W 1400 W 15 bar 1,2 L 1400 W"},"content":{"rendered":"<p>Si vous recherchez des \u00e9lectrom\u00e9nagers pour votre maison aux meilleurs prix, ne manquez pas <b>Cafeti\u00e8re superautomatique Melitta Caffeo Passione Argent\u00e9 1000 W 1400 W 15 bar 1,2 L 1400 W<\/b> et une large s\u00e9lection de petits \u00e9lectrom\u00e9nagers de qualit\u00e9 !<\/p>\n<p>La <b>cafeti\u00e8re super-automatique Melitta Caffeo Passione<\/b> est une machine \u00e0 espresso con\u00e7ue pour r\u00e9pondre aux exigences des amateurs de caf\u00e9 avec un appareil fonctionnel et \u00e9l\u00e9gant. Sa structure combine des mat\u00e9riaux en <b>acier inoxydable et plastique<\/b> avec une finition <b>gris et argent\u00e9<\/b>, apportant un aspect moderne et sophistiqu\u00e9 \u00e0 toute cuisine. Elle dispose d\u2019une <b>capacit\u00e9 de 1,2 litre<\/b>, id\u00e9ale pour pr\u00e9parer plusieurs tasses de caf\u00e9 sans interruption, et d\u2019une <b>puissance de 1000 W<\/b> garantissant un chauffage rapide et une extraction efficace, essentielle pour obtenir un espresso cors\u00e9 et aromatique. Son poids d\u2019environ <b>8 kg<\/b> refl\u00e8te la robustesse de ses composants et sa stabilit\u00e9 en fonctionnement. De plus, elle int\u00e8gre des fonctions de s\u00e9curit\u00e9 et de confort telles que l\u2019<b>arr\u00eat automatique<\/b> et un <b>interrupteur marche\/arr\u00eat<\/b> facilement accessible, facilitant son utilisation et contribuant \u00e0 l\u2019\u00e9conomie d\u2019\u00e9nergie. La Melitta Caffeo Passione allie la praticit\u00e9 d\u2019une cafeti\u00e8re enti\u00e8rement automatique \u00e0 un design compact, adapt\u00e9e aux foyers et bureaux o\u00f9 la qualit\u00e9 du caf\u00e9 et l\u2019efficacit\u00e9 de pr\u00e9paration sont valoris\u00e9es. Son design \u00e9pur\u00e9 et sa construction solide en font une option fiable dans le segment des cafeti\u00e8res super-automatiques en acier inoxydable. Cette cafeti\u00e8re repr\u00e9sente une solution compl\u00e8te pour ceux qui recherchent un espresso de qualit\u00e9 avec un appareil durable et facile \u00e0 utiliser.<\/p>\n<ul>\n<li>Produit \u00e0 brancher: Oui<\/li>\n<li>Type de prise: Prise EU<\/li>\n<li>Type:\n<ul>\n<li>Cafeti\u00e8re superautomatique<\/li>\n<li>Machine \u00e0 espresso<\/li>\n<\/ul>\n<\/li>\n<li>Bloc d\u2019Alimentation: r\u00e9seau \u00e9lectrique<\/li>\n<li>Couleur:\n<ul>\n<li>Gris<\/li>\n<li>Argent\u00e9<\/li>\n<\/ul>\n<\/li>\n<li>puissance:\n<ul>\n<li>1450 W<\/li>\n<li>1000 W<\/li>\n<li>1400 W<\/li>\n<\/ul>\n<\/li>\n<li>\u00c9lev\u00e9: 39 cm<\/li>\n<li>Long: 38 cm<\/li>\n<li>Pression: 15 bar<\/li>\n<li>Capacit\u00e9:\n<ul>\n<li>125 g<\/li>\n<li>1,2 L<\/li>\n<\/ul>\n<\/li>\n<li>Mati\u00e8re:\n<ul>\n<li>Acier inoxydable<\/li>\n<li>Plastique<\/li>\n<\/ul>\n<\/li>\n<li>Caract\u00e9ristiques:\n<ul>\n<li>Arr\u00eat Automatique<\/li>\n<li>Interrupteur marche\/arr\u00eat<\/li>\n<\/ul>\n<\/li>\n<li>Classification \u00e9nerg\u00e9tique: A<\/li>\n<li>Tension:\n<ul>\n<li>240 V<\/li>\n<li>220-240 V<\/li>\n<\/ul>\n<\/li>\n<li>Fr\u00e9quence: 50 Hz<\/li>\n<li>\u00c9cran integr\u00e9: Non<\/li>\n<li>Niveaux de temp\u00e9rature: 3 niveaux<\/li>\n<\/ul>","protected":false},"excerpt":{"rendered":"<p><span class=\"unit-info\">426.3920 &euro; \/ 100 gr<\/span><\/p>","protected":false},"featured_media":15673,"comment_status":"open","ping_status":"closed","template":"","meta":[],"product_brand":[305],"product_cat":[725,60,77],"product_tag":[59,56],"class_list":{"0":"post-15677","1":"product","2":"type-product","3":"status-publish","4":"has-post-thumbnail","6":"product_brand-brandp_4976","7":"product_cat-cafetieres","8":"product_cat-cuisine-gourmet","9":"product_cat-petit-electromenager","10":"product_tag-tag_1304","11":"product_tag-tag_930","13":"first","14":"instock","15":"taxable","16":"shipping-taxable","17":"purchasable","18":"product-type-simple"},"_links":{"self":[{"href":"https:\/\/bigbuy.tupique.com\/es\/wp-json\/wp\/v2\/product\/15677","targetHints":{"allow":["GET"]}}],"collection":[{"href":"https:\/\/bigbuy.tupique.com\/es\/wp-json\/wp\/v2\/product"}],"about":[{"href":"https:\/\/bigbuy.tupique.com\/es\/wp-json\/wp\/v2\/types\/product"}],"replies":[{"embeddable":true,"href":"https:\/\/bigbuy.tupique.com\/es\/wp-json\/wp\/v2\/comments?post=15677"}],"wp:featuredmedia":[{"embeddable":true,"href":"https:\/\/bigbuy.tupique.com\/es\/wp-json\/wp\/v2\/media\/15673"}],"wp:attachment":[{"href":"https:\/\/bigbuy.tupique.com\/es\/wp-json\/wp\/v2\/media?parent=15677"}],"wp:term":[{"taxonomy":"product_brand","embeddable":true,"href":"https:\/\/bigbuy.tupique.com\/es\/wp-json\/wp\/v2\/product_brand?post=15677"},{"taxonomy":"product_cat","embeddable":true,"href":"https:\/\/bigbuy.tupique.com\/es\/wp-json\/wp\/v2\/product_cat?post=15677"},{"taxonomy":"product_tag","embeddable":true,"href":"https:\/\/bigbuy.tupique.com\/es\/wp-json\/wp\/v2\/product_tag?post=15677"}],"curies":[{"name":"wp","href":"https:\/\/api.w.org\/{rel}","templated":true}]}}