{"id":15672,"date":"2026-03-29T13:01:20","date_gmt":"2026-03-29T12:01:20","guid":{"rendered":"https:\/\/bigbuy.tupique.com\/produto\/superautomatic-coffee-maker-melitta-solo-silver-e950-103-silver-1400-w-1450-w-15-bar-12-l-1400-w\/"},"modified":"2026-04-16T20:16:39","modified_gmt":"2026-04-16T19:16:39","slug":"superautomatic-coffee-maker-melitta-solo-silver-e950-103-silver-1400-w-1450-w-15-bar-12-l-1400-w","status":"publish","type":"product","link":"https:\/\/bigbuy.tupique.com\/es\/produto\/superautomatic-coffee-maker-melitta-solo-silver-e950-103-silver-1400-w-1450-w-15-bar-12-l-1400-w\/","title":{"rendered":"Cafeti\u00e8re superautomatique Melitta Solo Silver E950-103 Argent\u00e9 1400 W 1450 W 15 bar 1,2 L 1400 W"},"content":{"rendered":"<p>Si vous recherchez des \u00e9lectrom\u00e9nagers pour votre maison aux meilleurs prix, ne manquez pas <b>Cafeti\u00e8re superautomatique Melitta Solo Silver E950-103 Argent\u00e9 1400 W 1450 W 15 bar 1,2 L 1400 W<\/b> et une large s\u00e9lection de petits \u00e9lectrom\u00e9nagers de qualit\u00e9 !<\/p>\n<p>La <b>cafeti\u00e8re super-automatique Solo Silver E950-103<\/b> de Melitta est une machine \u00e0 espresso con\u00e7ue pour offrir un caf\u00e9 de qualit\u00e9 professionnelle avec une utilisation simple et efficace. Cette cafeti\u00e8re associe une finition \u00e9l\u00e9gante en <b>blanc et argent\u00e9<\/b>, fabriqu\u00e9e en mat\u00e9riaux tels que <b>acier inoxydable et plastique<\/b>, avec des dimensions compactes d\u2019environ <b>20 cm<\/b>, facilitant son int\u00e9gration dans toute cuisine. Elle dispose d\u2019un <b>moulin int\u00e9gr\u00e9<\/b> permettant de choisir entre <b>trois niveaux de mouture<\/b> pour adapter la texture du caf\u00e9 au go\u00fbt personnel, ainsi que de <b>trois niveaux d\u2019intensit\u00e9<\/b>, offrant un contr\u00f4le total sur la saveur. La <b>pression de 15 bars<\/b> garantit une extraction optimale, essentielle pour obtenir une cr\u00e8me onctueuse et un ar\u00f4me \u00e9quilibr\u00e9. Son r\u00e9servoir d\u2019eau a une capacit\u00e9 de <b>1,2 litre<\/b>, tandis que le r\u00e9servoir \u00e0 grains peut contenir jusqu\u2019\u00e0 <b>120 grammes<\/b>, facilitant la pr\u00e9paration de plusieurs caf\u00e9s sans recharges fr\u00e9quentes. La machine propose un volume d\u2019eau variable de <b>30 \u00e0 220 ml<\/b> r\u00e9glable via un bec ajustable pour pr\u00e9parer diff\u00e9rentes tailles de tasse. Parmi ses fonctionnalit\u00e9s, on trouve un <b>programme automatique de nettoyage et d\u00e9tartrage<\/b>, qui aide \u00e0 l\u2019entretien et prolonge la dur\u00e9e de vie de l\u2019appareil, ainsi qu\u2019un bac d\u2019\u00e9gouttage amovible pour faciliter l\u2019hygi\u00e8ne. De plus, elle dispose d\u2019une fonction <b>d\u2019arr\u00eat automatique<\/b> qui optimise la consommation d\u2019\u00e9nergie et d\u2019un chauffe-tasse pour garantir la temp\u00e9rature id\u00e9ale de service. Ce mod\u00e8le est con\u00e7u pour ceux qui recherchent une solution polyvalente avec des performances professionnelles sans renoncer \u00e0 un design sobre et fonctionnel. La Melitta Solo Silver E950-103 allie pr\u00e9cision, confort et style pour les amateurs de caf\u00e9 exigeants.<\/p>\n<ul>\n<li>Produit \u00e0 brancher: Oui<\/li>\n<li>Type de prise: Prise EU<\/li>\n<li>Type:\n<ul>\n<li>Cafeti\u00e8re superautomatique<\/li>\n<li>Machine \u00e0 espresso<\/li>\n<\/ul>\n<\/li>\n<li>Bloc d\u2019Alimentation: r\u00e9seau \u00e9lectrique<\/li>\n<li>Couleur:\n<ul>\n<li>Blanc<\/li>\n<li>Argent\u00e9<\/li>\n<\/ul>\n<\/li>\n<li>Largeur: 20 cm<\/li>\n<li>puissance:\n<ul>\n<li>1400 W<\/li>\n<li>1450 W<\/li>\n<\/ul>\n<\/li>\n<li>Pression: 15 bar<\/li>\n<li>Capacit\u00e9:\n<ul>\n<li>125 g<\/li>\n<li>1,2 L<\/li>\n<\/ul>\n<\/li>\n<li>Mati\u00e8re:\n<ul>\n<li>Acier inoxydable<\/li>\n<li>Plastique<\/li>\n<\/ul>\n<\/li>\n<li>Caract\u00e9ristiques:\n<ul>\n<li>Arr\u00eat Automatique<\/li>\n<li>Bac d&#8217;\u00e9gouttage amovible<\/li>\n<li>R\u00e9servoir d&#8217;eau amovible<\/li>\n<li>Interrupteur marche\/arr\u00eat<\/li>\n<li>Temp\u00e9rature r\u00e9glable<\/li>\n<\/ul>\n<\/li>\n<li>Classification \u00e9nerg\u00e9tique: A<\/li>\n<li>Tension: 240 V<\/li>\n<li>Auto-nettoyant: Oui<\/li>\n<li>\u00c9cran integr\u00e9: Non<\/li>\n<li>Niveaux de temp\u00e9rature: 3 niveaux<\/li>\n<li>\u00c9lev\u00e9: 32,5 cm<\/li>\n<\/ul>","protected":false},"excerpt":{"rendered":"<p><span class=\"unit-info\">299.9920 &euro; \/ 100 gr<\/span><\/p>","protected":false},"featured_media":15662,"comment_status":"open","ping_status":"closed","template":"","meta":[],"product_brand":[305],"product_cat":[725,60,77],"product_tag":[59,56],"class_list":{"0":"post-15672","1":"product","2":"type-product","3":"status-publish","4":"has-post-thumbnail","6":"product_brand-brandp_4976","7":"product_cat-cafetieres","8":"product_cat-cuisine-gourmet","9":"product_cat-petit-electromenager","10":"product_tag-tag_1304","11":"product_tag-tag_930","13":"first","14":"instock","15":"taxable","16":"shipping-taxable","17":"purchasable","18":"product-type-simple"},"_links":{"self":[{"href":"https:\/\/bigbuy.tupique.com\/es\/wp-json\/wp\/v2\/product\/15672","targetHints":{"allow":["GET"]}}],"collection":[{"href":"https:\/\/bigbuy.tupique.com\/es\/wp-json\/wp\/v2\/product"}],"about":[{"href":"https:\/\/bigbuy.tupique.com\/es\/wp-json\/wp\/v2\/types\/product"}],"replies":[{"embeddable":true,"href":"https:\/\/bigbuy.tupique.com\/es\/wp-json\/wp\/v2\/comments?post=15672"}],"wp:featuredmedia":[{"embeddable":true,"href":"https:\/\/bigbuy.tupique.com\/es\/wp-json\/wp\/v2\/media\/15662"}],"wp:attachment":[{"href":"https:\/\/bigbuy.tupique.com\/es\/wp-json\/wp\/v2\/media?parent=15672"}],"wp:term":[{"taxonomy":"product_brand","embeddable":true,"href":"https:\/\/bigbuy.tupique.com\/es\/wp-json\/wp\/v2\/product_brand?post=15672"},{"taxonomy":"product_cat","embeddable":true,"href":"https:\/\/bigbuy.tupique.com\/es\/wp-json\/wp\/v2\/product_cat?post=15672"},{"taxonomy":"product_tag","embeddable":true,"href":"https:\/\/bigbuy.tupique.com\/es\/wp-json\/wp\/v2\/product_tag?post=15672"}],"curies":[{"name":"wp","href":"https:\/\/api.w.org\/{rel}","templated":true}]}}