{"id":15659,"date":"2026-03-29T13:00:58","date_gmt":"2026-03-29T12:00:58","guid":{"rendered":"https:\/\/bigbuy.tupique.com\/produto\/switch-d-link-dgs-1510-20-e\/"},"modified":"2026-04-15T00:13:59","modified_gmt":"2026-04-14T23:13:59","slug":"switch-d-link-dgs-1510-20-e","status":"publish","type":"product","link":"https:\/\/bigbuy.tupique.com\/es\/produto\/switch-d-link-dgs-1510-20-e\/","title":{"rendered":"Switch D-Link DGS-1510-20\/E"},"content":{"rendered":"<p>Si vous \u00eates passionn\u00e9 d&#8217;<b>informatique et d&#8217;\u00e9lectronique<\/b>, si vous \u00eates \u00e0 la pointe de la technologie et qu&#8217;aucun d\u00e9tail ne vous \u00e9chappe, achetez <b>Switch D-Link DGS-1510-20\/E<\/b> au meilleur prix.<\/p>\n<p>Le <b>DGS-1510-20\/E<\/b> de <b>D-Link<\/b> est un <b>switch manageable haute performance<\/b> con\u00e7u pour les environnements PME\/PMI n\u00e9cessitant une interconnexion fiable et \u00e9volutive entre \u00e9quipements r\u00e9seau. Il offre une configuration avanc\u00e9e avec <b>16 ports Gigabit Ethernet 10\/100\/1000 Mbps<\/b>, compl\u00e9t\u00e9s par <b>2 ports Gigabit SFP<\/b> pour connexions fibre et <b>2 ports 10G SFP+<\/b> d\u00e9di\u00e9s aux liaisons rapides ou au stacking physique, id\u00e9al pour des architectures r\u00e9seau exigeant flexibilit\u00e9 et \u00e9volutivit\u00e9. Conforme aux normes IEEE 802.3 10Base-T, 802.3u 100Base-TX, 802.3ab 1000Base-T et 802.3ae 10GbE, il garantit une large compatibilit\u00e9 et supporte le contr\u00f4le de flux IEEE 802.3x en mode full duplex pour optimiser la transmission des donn\u00e9es. Sa capacit\u00e9 de commutation est de <b>76 Gbps<\/b> et il peut g\u00e9rer jusqu\u2019\u00e0 <b>16 000 entr\u00e9es MAC<\/b>, assurant une gestion efficace du trafic et de la segmentation r\u00e9seau. Pour des performances optimales, il propose des modes full\/half duplex \u00e0 diff\u00e9rentes vitesses et supporte les c\u00e2bles r\u00e9seau UTP Cat 5 et Cat 5e, avec une port\u00e9e maximale de 100 m\u00e8tres, ainsi que les c\u00e2bles STP standards EIA\/TIA-568, s\u2019adaptant \u00e0 diverses installations. C\u00f4t\u00e9 construction, ce switch pr\u00e9sente un design en <b>gris<\/b> et format <b>rackable<\/b>, facilitant son int\u00e9gration en baie ou installation professionnelle. Sa consommation \u00e9lectrique est contenue, avec un maximum de 20,3 W, tandis que le niveau sonore atteint 43,8 dB(A), des points importants pour les environnements sensibles \u00e0 l\u2019efficacit\u00e9 et au confort acoustique. Ses dimensions compactes de <b>280 x 180 x 44 mm<\/b> et un poids de 1,24 kg facilitent montage et maintenance. Il inclut \u00e9galement une indication LED de fonctionnement pour une surveillance simple et rapide de l\u2019\u00e9tat de l\u2019appareil. Le DGS-1510-20\/E offre une solution robuste et une technologie avanc\u00e9e r\u00e9pondant aux besoins de connectivit\u00e9 et de gestion des r\u00e9seaux d\u2019entreprises moyennes, apportant fiabilit\u00e9 et flexibilit\u00e9 dans le d\u00e9ploiement des infrastructures de donn\u00e9es.<\/p>\n<ul>\n<li>Connexions:\n<ul>\n<li>RJ45<\/li>\n<li>SFP<\/li>\n<li>Ethernet LAN<\/li>\n<\/ul>\n<\/li>\n<li>Type de prise: Prise EU<\/li>\n<li>Produit \u00e0 brancher: Oui<\/li>\n<li>Type:\n<ul>\n<li>Switch<\/li>\n<li>Empilable<\/li>\n<\/ul>\n<\/li>\n<li>Bloc d\u2019Alimentation:\n<ul>\n<li>r\u00e9seau \u00e9lectrique<\/li>\n<li>Incluses<\/li>\n<\/ul>\n<\/li>\n<li>Couleur: Gris<\/li>\n<li>Tension:\n<ul>\n<li>100-240 V<\/li>\n<li>100 &#8211; 240 V<\/li>\n<\/ul>\n<\/li>\n<li>Ventillateur: 1<\/li>\n<li>Fr\u00e9quence: 50-60 Hz<\/li>\n<li>Niveau sonore: 43.8 dB<\/li>\n<li>Caract\u00e9ristiques: T\u00e9moin de fonctionnement LED<\/li>\n<li>Fr\u00e9quence d&#8217;entr\u00e9e AC: 50-60 Hz<\/li>\n<li>Poids: 1,24 Kg<\/li>\n<li>Facteur de forme: 1U<\/li>\n<\/ul>","protected":false},"excerpt":{"rendered":"<p>Si vous \u00eates passionn\u00e9 d&#8217;informatique et d&#8217;\u00e9lectronique, si vous \u00eates \u00e0 la pointe de la technologie et qu&#8217;aucun d\u00e9tail ne vous \u00e9chappe, achetez Switch D-Link DGS-1510-20\/E au meilleur prix. Le DGS-1510-20\/E de D-Link est un switch manageable haute performance con\u00e7u pour les environnements PME\/PMI n\u00e9cessitant une interconnexion fiable et \u00e9volutive entre \u00e9quipements r\u00e9seau. Il offre [&hellip;]<\/p>\n","protected":false},"featured_media":15658,"comment_status":"open","ping_status":"closed","template":"","meta":[],"product_brand":[640],"product_cat":[65,584,585],"product_tag":[106],"class_list":{"0":"post-15659","1":"product","2":"type-product","3":"status-publish","4":"has-post-thumbnail","6":"product_brand-brandp_543","7":"product_cat-informatique-electronique","8":"product_cat-informatique-reseaux-et-composants","9":"product_cat-switch","10":"product_tag-tag_1295","12":"first","13":"instock","14":"taxable","15":"shipping-taxable","16":"purchasable","17":"product-type-simple"},"_links":{"self":[{"href":"https:\/\/bigbuy.tupique.com\/es\/wp-json\/wp\/v2\/product\/15659","targetHints":{"allow":["GET"]}}],"collection":[{"href":"https:\/\/bigbuy.tupique.com\/es\/wp-json\/wp\/v2\/product"}],"about":[{"href":"https:\/\/bigbuy.tupique.com\/es\/wp-json\/wp\/v2\/types\/product"}],"replies":[{"embeddable":true,"href":"https:\/\/bigbuy.tupique.com\/es\/wp-json\/wp\/v2\/comments?post=15659"}],"wp:featuredmedia":[{"embeddable":true,"href":"https:\/\/bigbuy.tupique.com\/es\/wp-json\/wp\/v2\/media\/15658"}],"wp:attachment":[{"href":"https:\/\/bigbuy.tupique.com\/es\/wp-json\/wp\/v2\/media?parent=15659"}],"wp:term":[{"taxonomy":"product_brand","embeddable":true,"href":"https:\/\/bigbuy.tupique.com\/es\/wp-json\/wp\/v2\/product_brand?post=15659"},{"taxonomy":"product_cat","embeddable":true,"href":"https:\/\/bigbuy.tupique.com\/es\/wp-json\/wp\/v2\/product_cat?post=15659"},{"taxonomy":"product_tag","embeddable":true,"href":"https:\/\/bigbuy.tupique.com\/es\/wp-json\/wp\/v2\/product_tag?post=15659"}],"curies":[{"name":"wp","href":"https:\/\/api.w.org\/{rel}","templated":true}]}}