{"id":15630,"date":"2026-03-29T13:00:20","date_gmt":"2026-03-29T12:00:20","guid":{"rendered":"https:\/\/bigbuy.tupique.com\/produto\/projector-epson-v11ha73040\/"},"modified":"2026-04-15T00:13:50","modified_gmt":"2026-04-14T23:13:50","slug":"projector-epson-v11ha73040","status":"publish","type":"product","link":"https:\/\/bigbuy.tupique.com\/es\/produto\/projector-epson-v11ha73040\/","title":{"rendered":"Projecteur Epson V11HA73040"},"content":{"rendered":"<p>Si vous \u00eates passionn\u00e9 d&#8217;<b>informatique et d&#8217;\u00e9lectronique<\/b>, si vous \u00eates \u00e0 la pointe de la technologie et qu&#8217;aucun d\u00e9tail ne vous \u00e9chappe, achetez <b>Projecteur Epson V11HA73040<\/b> au meilleur prix.<\/p>\n<ul>\n<li>Produit \u00e0 brancher: Oui<\/li>\n<li>Type: Projecteur<\/li>\n<li>Type de prise: Prise EU<\/li>\n<li>Bloc d\u2019Alimentation: r\u00e9seau \u00e9lectrique<\/li>\n<li>Couleur: Blanc<\/li>\n<li>Connexions:\n<ul>\n<li>USB 2.0<\/li>\n<li>HDMI<\/li>\n<li>USB B 2.0 x 1<\/li>\n<\/ul>\n<\/li>\n<li>Connectivit\u00e9: Wi-Fi<\/li>\n<li>Fr\u00e9quence: 50-60 Hz<\/li>\n<li>Rapport d&#8217;aspect: 16:9<\/li>\n<li>R\u00e9solution: Full HD<\/li>\n<li>Piles incluses: Oui<\/li>\n<li>Inclut:\n<ul>\n<li>T\u00e9l\u00e9commande<\/li>\n<li>Manuel de l&#8217;utilisateur<\/li>\n<\/ul>\n<\/li>\n<li>Tension: 100 &#8211; 240 V<\/li>\n<li>Fr\u00e9quence d&#8217;entr\u00e9e AC: 50-60 Hz<\/li>\n<li>puissance: 200 W<\/li>\n<li>Niveau sonore: 28 dB<\/li>\n<li>Pr\u00e9cision (humidit\u00e9 relative): 20 % &#8211; 80 %<\/li>\n<li>Connecteurs: Kensington<\/li>\n<li>Caract\u00e9ristiques: Haut-parleurs int\u00e9gr\u00e9s<\/li>\n<li>Utilisation recommand\u00e9e: R\u00e9cepteur de ome cinema<\/li>\n<\/ul>","protected":false},"excerpt":{"rendered":"<p>Si vous \u00eates passionn\u00e9 d&#8217;informatique et d&#8217;\u00e9lectronique, si vous \u00eates \u00e0 la pointe de la technologie et qu&#8217;aucun d\u00e9tail ne vous \u00e9chappe, achetez Projecteur Epson V11HA73040 au meilleur prix. Produit \u00e0 brancher: Oui Type: Projecteur Type de prise: Prise EU Bloc d\u2019Alimentation: r\u00e9seau \u00e9lectrique Couleur: Blanc Connexions: USB 2.0 HDMI USB B 2.0 x 1 [&hellip;]<\/p>\n","protected":false},"featured_media":15627,"comment_status":"open","ping_status":"closed","template":"","meta":[],"product_brand":[632],"product_cat":[65,581,583],"product_tag":[566],"class_list":{"0":"post-15630","1":"product","2":"type-product","3":"status-publish","4":"has-post-thumbnail","6":"product_brand-brandp_547","7":"product_cat-informatique-electronique","8":"product_cat-informatique-peripheriques-et-consommables","9":"product_cat-projecteurs","10":"product_tag-tag_547","12":"first","13":"instock","14":"taxable","15":"shipping-taxable","16":"purchasable","17":"product-type-simple"},"_links":{"self":[{"href":"https:\/\/bigbuy.tupique.com\/es\/wp-json\/wp\/v2\/product\/15630","targetHints":{"allow":["GET"]}}],"collection":[{"href":"https:\/\/bigbuy.tupique.com\/es\/wp-json\/wp\/v2\/product"}],"about":[{"href":"https:\/\/bigbuy.tupique.com\/es\/wp-json\/wp\/v2\/types\/product"}],"replies":[{"embeddable":true,"href":"https:\/\/bigbuy.tupique.com\/es\/wp-json\/wp\/v2\/comments?post=15630"}],"wp:featuredmedia":[{"embeddable":true,"href":"https:\/\/bigbuy.tupique.com\/es\/wp-json\/wp\/v2\/media\/15627"}],"wp:attachment":[{"href":"https:\/\/bigbuy.tupique.com\/es\/wp-json\/wp\/v2\/media?parent=15630"}],"wp:term":[{"taxonomy":"product_brand","embeddable":true,"href":"https:\/\/bigbuy.tupique.com\/es\/wp-json\/wp\/v2\/product_brand?post=15630"},{"taxonomy":"product_cat","embeddable":true,"href":"https:\/\/bigbuy.tupique.com\/es\/wp-json\/wp\/v2\/product_cat?post=15630"},{"taxonomy":"product_tag","embeddable":true,"href":"https:\/\/bigbuy.tupique.com\/es\/wp-json\/wp\/v2\/product_tag?post=15630"}],"curies":[{"name":"wp","href":"https:\/\/api.w.org\/{rel}","templated":true}]}}