{"id":15604,"date":"2026-03-29T12:59:37","date_gmt":"2026-03-29T11:59:37","guid":{"rendered":"https:\/\/bigbuy.tupique.com\/produto\/multifunction-printer-epson-c11ch67402\/"},"modified":"2026-04-16T16:22:39","modified_gmt":"2026-04-16T15:22:39","slug":"multifunction-printer-epson-c11ch67402","status":"publish","type":"product","link":"https:\/\/bigbuy.tupique.com\/es\/produto\/multifunction-printer-epson-c11ch67402\/","title":{"rendered":"Imprimante Multifonction Epson C11CH67402"},"content":{"rendered":"<p>Si vous \u00eates passionn\u00e9 d&#8217;<b>informatique et d&#8217;\u00e9lectronique<\/b>, si vous \u00eates \u00e0 la pointe de la technologie et qu&#8217;aucun d\u00e9tail ne vous \u00e9chappe, achetez <b>Imprimante Multifonction Epson C11CH67402<\/b> au meilleur prix.<\/p>\n<p>La <b>imprimante multifonction<\/b> Epson C11CH67402 est con\u00e7ue pour r\u00e9pondre aux besoins des environnements professionnels et domestiques exigeant polyvalence et efficacit\u00e9 au quotidien. Ce mod\u00e8le tout-en-un, en <b>noir<\/b>, permet <b>impression, num\u00e9risation et fax jusqu\u2019au format A3<\/b>, offrant ainsi plus de possibilit\u00e9s que les appareils limit\u00e9s \u00e0 des formats plus petits. Elle dispose d\u2019un <b>\u00e9cran tactile LCD<\/b> couleur intuitif, facilitant la configuration et l\u2019acc\u00e8s direct aux principales fonctions, m\u00eame pour les utilisateurs d\u00e9butants. Parmi ses atouts figurent la <b>double connectivit\u00e9 : Wi-Fi et Ethernet LAN<\/b>, permettant une int\u00e9gration flexible aussi bien dans les r\u00e9seaux d\u2019entreprise que dans les petits bureaux n\u00e9cessitant mobilit\u00e9 et libert\u00e9 d\u2019installation. Cette imprimante prend en charge <b>l\u2019impression recto verso (duplex)<\/b> et poss\u00e8de un chargeur automatique de documents, optimisant les flux de travail pour la num\u00e9risation et la copie de documents volumineux sans intervention manuelle constante. Gr\u00e2ce \u00e0 la <b>technologie jet d\u2019encre PrecisionCore<\/b>, elle offre des impressions couleur de haute qualit\u00e9 avec une r\u00e9solution allant <b>jusqu\u2019\u00e0 4800 x 2400 dpi<\/b>, garantissant des textes nets et des images \u00e9clatantes pour les rapports professionnels comme pour les projets graphiques. Le scanner int\u00e9gr\u00e9 atteint une r\u00e9solution optique de <b>1200 x 2400 dpi<\/b>, id\u00e9ale pour des num\u00e9risations pr\u00e9cises. Son design pratique comprend des bacs \u00e0 papier de grande capacit\u00e9 et une compatibilit\u00e9 avec les principaux formats ISO A jusqu\u2019au A3, facilitant la gestion de gros volumes. Compatible avec l\u2019impression mobile, elle permet l\u2019envoi de documents \u00e0 distance et l\u2019utilisation de services cloud, simplifiant la gestion documentaire. En r\u00e9sum\u00e9, l\u2019Epson C11CH67402 est un choix avanc\u00e9 pour ceux qui recherchent fiabilit\u00e9, connectivit\u00e9 et fonctionnalit\u00e9s dans une imprimante multifonction robuste et compl\u00e8te.<\/p>\n<ul>\n<li>Compatible: Windows, Mac OS<\/li>\n<li>Produit \u00e0 brancher: Oui<\/li>\n<li>Type de prise: Prise EU<\/li>\n<li>Caract\u00e9ristiques:\n<ul>\n<li>\u00c9cran integr\u00e9<\/li>\n<li>\u00c9cran couleur<\/li>\n<li>\u00c9cran LCD<\/li>\n<li>Garantie<\/li>\n<li>Impression recto verso<\/li>\n<li>Scanner Double Face<\/li>\n<li>Tactile<\/li>\n<\/ul>\n<\/li>\n<li>R\u00e9solution d&#8217;image maximale: 4800 x 2400 dpi<\/li>\n<li>Technologie:\n<ul>\n<li>LCD<\/li>\n<li>Injection d&#8217;encre<\/li>\n<\/ul>\n<\/li>\n<li>Type:\n<ul>\n<li>Imprimante Multifonction<\/li>\n<li>Tout en un<\/li>\n<\/ul>\n<\/li>\n<li>Couleur: Noir<\/li>\n<li>Taille: A3<\/li>\n<li>Connexions:\n<ul>\n<li>USB<\/li>\n<li>Ethernet LAN<\/li>\n<\/ul>\n<\/li>\n<li>Fonctions: Rappel automatique<\/li>\n<li>Connectivit\u00e9: Wi-Fi<\/li>\n<li>Format: PDF<\/li>\n<li>Bloc d\u2019Alimentation: Cordon d&#8217;alimentation CA<\/li>\n<li>Impression couleur: Oui<\/li>\n<li>Scanner: 1200 x 2400 dpi<\/li>\n<li>Ecran: 4,3&#8243;<\/li>\n<li>Impression recto verso: Automatique<\/li>\n<li>Capacit\u00e9: 550 Volets<\/li>\n<li>Papier: B5<\/li>\n<li>Utilisation recommand\u00e9e: Maison<\/li>\n<li>Inclut: Cartouche<\/li>\n<li>\u00c9lev\u00e9: 35 cm<\/li>\n<li>Profondeur: 45 cm<\/li>\n<\/ul>","protected":false},"excerpt":{"rendered":"<p>Si vous \u00eates passionn\u00e9 d&#8217;informatique et d&#8217;\u00e9lectronique, si vous \u00eates \u00e0 la pointe de la technologie et qu&#8217;aucun d\u00e9tail ne vous \u00e9chappe, achetez Imprimante Multifonction Epson C11CH67402 au meilleur prix. La imprimante multifonction Epson C11CH67402 est con\u00e7ue pour r\u00e9pondre aux besoins des environnements professionnels et domestiques exigeant polyvalence et efficacit\u00e9 au quotidien. Ce mod\u00e8le tout-en-un, [&hellip;]<\/p>\n","protected":false},"featured_media":15603,"comment_status":"open","ping_status":"closed","template":"","meta":[],"product_brand":[632],"product_cat":[592,65,581],"product_tag":[213,59,106],"class_list":{"0":"post-15604","1":"product","2":"type-product","3":"status-publish","4":"has-post-thumbnail","6":"product_brand-brandp_547","7":"product_cat-imprimantes","8":"product_cat-informatique-electronique","9":"product_cat-informatique-peripheriques-et-consommables","10":"product_tag-tag_933","11":"product_tag-tag_1304","12":"product_tag-tag_1295","14":"first","15":"instock","16":"taxable","17":"shipping-taxable","18":"purchasable","19":"product-type-simple"},"_links":{"self":[{"href":"https:\/\/bigbuy.tupique.com\/es\/wp-json\/wp\/v2\/product\/15604","targetHints":{"allow":["GET"]}}],"collection":[{"href":"https:\/\/bigbuy.tupique.com\/es\/wp-json\/wp\/v2\/product"}],"about":[{"href":"https:\/\/bigbuy.tupique.com\/es\/wp-json\/wp\/v2\/types\/product"}],"replies":[{"embeddable":true,"href":"https:\/\/bigbuy.tupique.com\/es\/wp-json\/wp\/v2\/comments?post=15604"}],"wp:featuredmedia":[{"embeddable":true,"href":"https:\/\/bigbuy.tupique.com\/es\/wp-json\/wp\/v2\/media\/15603"}],"wp:attachment":[{"href":"https:\/\/bigbuy.tupique.com\/es\/wp-json\/wp\/v2\/media?parent=15604"}],"wp:term":[{"taxonomy":"product_brand","embeddable":true,"href":"https:\/\/bigbuy.tupique.com\/es\/wp-json\/wp\/v2\/product_brand?post=15604"},{"taxonomy":"product_cat","embeddable":true,"href":"https:\/\/bigbuy.tupique.com\/es\/wp-json\/wp\/v2\/product_cat?post=15604"},{"taxonomy":"product_tag","embeddable":true,"href":"https:\/\/bigbuy.tupique.com\/es\/wp-json\/wp\/v2\/product_tag?post=15604"}],"curies":[{"name":"wp","href":"https:\/\/api.w.org\/{rel}","templated":true}]}}