{"id":15593,"date":"2026-03-29T12:59:22","date_gmt":"2026-03-29T11:59:22","guid":{"rendered":"https:\/\/bigbuy.tupique.com\/produto\/steering-wheel-logitech-g923-gaming-pc-ps4-ps5\/"},"modified":"2026-05-11T20:02:35","modified_gmt":"2026-05-11T18:02:35","slug":"steering-wheel-logitech-g923-gaming-pc-ps4-ps5","status":"publish","type":"product","link":"https:\/\/bigbuy.tupique.com\/es\/produto\/steering-wheel-logitech-g923-gaming-pc-ps4-ps5\/","title":{"rendered":"Volant Logitech G923 Jeux PC, PS4 PS5"},"content":{"rendered":"<p>Si vous \u00eates passionn\u00e9 d&#8217;<b>informatique et d&#8217;\u00e9lectronique<\/b>, si vous \u00eates \u00e0 la pointe de la technologie et qu&#8217;aucun d\u00e9tail ne vous \u00e9chappe, achetez <b>Volant Logitech G923 Jeux PC, PS4 PS5<\/b> au meilleur prix.<\/p>\n<p>Le <b>volant<\/b> <b>Logitech G923<\/b> est une solution avanc\u00e9e pour les passionn\u00e9s de simulation de conduite, con\u00e7u sp\u00e9cialement pour PlayStation 4 et PC, et compatible nativement avec PlayStation 5. Ce mod\u00e8le se distingue par l\u2019int\u00e9gration de la technologie innovante <b>TrueForce<\/b>, un syst\u00e8me de <b>Force Feedback<\/b> de derni\u00e8re g\u00e9n\u00e9ration capable de transmettre en temps r\u00e9el les vibrations et la force g\u00e9n\u00e9r\u00e9es par les moteurs et la physique des jeux, offrant ainsi un r\u00e9alisme nettement sup\u00e9rieur aux g\u00e9n\u00e9rations pr\u00e9c\u00e9dentes. Le G923 propose une connexion <b>filaire via USB<\/b>, assurant une r\u00e9ponse imm\u00e9diate et fiable lors des sessions de jeu comp\u00e9titives. Le design ergonomique du volant est r\u00e9alis\u00e9 en <b>aluminium, cuir et acier inoxydable<\/b>, compl\u00e9t\u00e9 par des p\u00e9dales robustes en <b>acier lamin\u00e9 \u00e0 froid et polyoxym\u00e9thyl\u00e8ne (POM)<\/b>, garantissant une sensation premium au toucher et une grande durabilit\u00e9. Il comprend un <b>s\u00e9lecteur rotatif 24 positions<\/b> permettant d\u2019ajuster instantan\u00e9ment la traction, le couple moteur et la force de freinage directement depuis le volant, ainsi que des <b>boutons int\u00e9gr\u00e9s<\/b> pour un acc\u00e8s direct aux commandes principales de la PlayStation. La p\u00e9dale de frein progressive simule fid\u00e8lement la r\u00e9ponse d\u2019un syst\u00e8me de freinage r\u00e9el gr\u00e2ce \u00e0 son <b>ressort sensible \u00e0 la pression<\/b>, tandis que <b>l\u2019assistance double embrayage programmable<\/b> dans les jeux compatibles permet des d\u00e9parts plus pr\u00e9cis et comp\u00e9titifs. Le volant int\u00e8gre \u00e9galement un <b>rep\u00e8re central<\/b> et un <b>indicateur de r\u00e9gime moteur (LED RPM)<\/b> sur l\u2019anneau, facilitant le suivi visuel pendant la course. Gr\u00e2ce au logiciel <b>Logitech G HUB<\/b>, il est possible de personnaliser la sensibilit\u00e9, les niveaux de retour de force et l\u2019attribution des boutons pour s\u2019adapter \u00e0 chaque pr\u00e9f\u00e9rence de conduite et \u00e0 diff\u00e9rents jeux. Dans l\u2019ensemble, le Logitech G923 s\u2019impose comme un volant polyvalent et techniquement avanc\u00e9, destin\u00e9 aux utilisateurs recherchant pr\u00e9cision, authenticit\u00e9 et hautes performances dans les simulateurs de course.<\/p>\n<ul>\n<li>Type:\n<ul>\n<li>Jeux<\/li>\n<li>Volant<\/li>\n<\/ul>\n<\/li>\n<li>Compatible:\n<ul>\n<li>PC, PS4<\/li>\n<li>PS5<\/li>\n<li>PlayStation 4<\/li>\n<\/ul>\n<\/li>\n<li>Couleur: Noir<\/li>\n<li>Caract\u00e9ristiques:\n<ul>\n<li>USB<\/li>\n<li>Ergonomique<\/li>\n<\/ul>\n<\/li>\n<li>Connexions: USB<\/li>\n<li>Bloc d\u2019Alimentation: Avec fil<\/li>\n<\/ul>","protected":false},"excerpt":{"rendered":"<p>Si vous \u00eates passionn\u00e9 d&#8217;informatique et d&#8217;\u00e9lectronique, si vous \u00eates \u00e0 la pointe de la technologie et qu&#8217;aucun d\u00e9tail ne vous \u00e9chappe, achetez Volant Logitech G923 Jeux PC, PS4 PS5 au meilleur prix. Le volant Logitech G923 est une solution avanc\u00e9e pour les passionn\u00e9s de simulation de conduite, con\u00e7u sp\u00e9cialement pour PlayStation 4 et PC, [&hellip;]<\/p>\n","protected":false},"featured_media":15591,"comment_status":"open","ping_status":"closed","template":"","meta":[],"product_brand":[647],"product_cat":[730,609,65],"product_tag":[59],"class_list":{"0":"post-15593","1":"product","2":"type-product","3":"status-publish","4":"has-post-thumbnail","6":"product_brand-brandp_561","7":"product_cat-accessoires-pour-consoles","8":"product_cat-electronique-jouets-electroniques","9":"product_cat-informatique-electronique","10":"product_tag-tag_1304","12":"first","13":"instock","14":"taxable","15":"shipping-taxable","16":"purchasable","17":"product-type-simple"},"_links":{"self":[{"href":"https:\/\/bigbuy.tupique.com\/es\/wp-json\/wp\/v2\/product\/15593","targetHints":{"allow":["GET"]}}],"collection":[{"href":"https:\/\/bigbuy.tupique.com\/es\/wp-json\/wp\/v2\/product"}],"about":[{"href":"https:\/\/bigbuy.tupique.com\/es\/wp-json\/wp\/v2\/types\/product"}],"replies":[{"embeddable":true,"href":"https:\/\/bigbuy.tupique.com\/es\/wp-json\/wp\/v2\/comments?post=15593"}],"wp:featuredmedia":[{"embeddable":true,"href":"https:\/\/bigbuy.tupique.com\/es\/wp-json\/wp\/v2\/media\/15591"}],"wp:attachment":[{"href":"https:\/\/bigbuy.tupique.com\/es\/wp-json\/wp\/v2\/media?parent=15593"}],"wp:term":[{"taxonomy":"product_brand","embeddable":true,"href":"https:\/\/bigbuy.tupique.com\/es\/wp-json\/wp\/v2\/product_brand?post=15593"},{"taxonomy":"product_cat","embeddable":true,"href":"https:\/\/bigbuy.tupique.com\/es\/wp-json\/wp\/v2\/product_cat?post=15593"},{"taxonomy":"product_tag","embeddable":true,"href":"https:\/\/bigbuy.tupique.com\/es\/wp-json\/wp\/v2\/product_tag?post=15593"}],"curies":[{"name":"wp","href":"https:\/\/api.w.org\/{rel}","templated":true}]}}