{"id":15590,"date":"2026-03-29T12:59:18","date_gmt":"2026-03-29T11:59:18","guid":{"rendered":"https:\/\/bigbuy.tupique.com\/produto\/steering-wheel-logitech-g923-gaming-pcxbox-one\/"},"modified":"2026-04-16T16:22:39","modified_gmt":"2026-04-16T15:22:39","slug":"steering-wheel-logitech-g923-gaming-pcxbox-one","status":"publish","type":"product","link":"https:\/\/bigbuy.tupique.com\/es\/produto\/steering-wheel-logitech-g923-gaming-pcxbox-one\/","title":{"rendered":"Volant Logitech G923 Jeux PC,Xbox One"},"content":{"rendered":"<p>Si vous \u00eates passionn\u00e9 d&#8217;<b>informatique et d&#8217;\u00e9lectronique<\/b>, si vous \u00eates \u00e0 la pointe de la technologie et qu&#8217;aucun d\u00e9tail ne vous \u00e9chappe, achetez <b>Volant Logitech G923 Jeux PC,Xbox One<\/b> au meilleur prix.<\/p>\n<p>Le <b>volant de simulation Logitech G923<\/b> est un p\u00e9riph\u00e9rique haute pr\u00e9cision con\u00e7u pour offrir une exp\u00e9rience r\u00e9aliste dans les jeux de conduite, compatible avec <b>PC, Xbox Series X et Xbox One<\/b>. Cet appareil pr\u00e9sente une finition \u00e9l\u00e9gante <b>noire<\/b> avec un design <b>ergonomique<\/b> favorisant le confort lors de longues sessions de jeu. Sa connexion via <b>USB 2.0<\/b> garantit une installation simple et une communication stable, compatible avec les syst\u00e8mes d\u2019exploitation <b>Windows<\/b>. Le Logitech G923 int\u00e8gre la technologie innovante <b>TRUFORCE<\/b>, qui fournit un retour haptique avanc\u00e9 et une force de retour d\u00e9taill\u00e9e et pr\u00e9cise, offrant des sensations fid\u00e8les aux irr\u00e9gularit\u00e9s du terrain et aux dynamiques du moteur en temps r\u00e9el. Ce mod\u00e8le est un <b>volant gaming<\/b> robuste, con\u00e7u pour les simracers recherchant un \u00e9quilibre entre performance technique et r\u00e9alisme, avec des p\u00e9dales incluses qui compl\u00e8tent l\u2019exp\u00e9rience. Gr\u00e2ce \u00e0 ses mat\u00e9riaux et sa construction, il offre durabilit\u00e9 et grande r\u00e9activit\u00e9 au contr\u00f4le, am\u00e9liorant l\u2019immersion et la ma\u00eetrise dans les simulateurs de conduite. En r\u00e9sum\u00e9, le Logitech G923 est une option technique avanc\u00e9e pour les utilisateurs souhaitant maximiser l\u2019exp\u00e9rience de conduite virtuelle avec pr\u00e9cision, confort et compatibilit\u00e9 avec les principales plateformes de jeu.<\/p>\n<ul>\n<li>Plate-forme: PC,Xbox One<\/li>\n<li>Type:\n<ul>\n<li>Jeux<\/li>\n<li>Volant<\/li>\n<li>Avec fil<\/li>\n<\/ul>\n<\/li>\n<li>Couleur: Noir<\/li>\n<li>Caract\u00e9ristiques:\n<ul>\n<li>USB<\/li>\n<li>Poign\u00e9e ergonomique<\/li>\n<\/ul>\n<\/li>\n<li>Connexions: USB<\/li>\n<li>Bloc d\u2019Alimentation:\n<ul>\n<li>Batterie<\/li>\n<li>Avec fil<\/li>\n<\/ul>\n<\/li>\n<li>Dimensions approx.: 30 x 30 x 30 cm<\/li>\n<li>Compatible: Windows<\/li>\n<\/ul>","protected":false},"excerpt":{"rendered":"<p>Si vous \u00eates passionn\u00e9 d&#8217;informatique et d&#8217;\u00e9lectronique, si vous \u00eates \u00e0 la pointe de la technologie et qu&#8217;aucun d\u00e9tail ne vous \u00e9chappe, achetez Volant Logitech G923 Jeux PC,Xbox One au meilleur prix. Le volant de simulation Logitech G923 est un p\u00e9riph\u00e9rique haute pr\u00e9cision con\u00e7u pour offrir une exp\u00e9rience r\u00e9aliste dans les jeux de conduite, compatible [&hellip;]<\/p>\n","protected":false},"featured_media":15588,"comment_status":"open","ping_status":"closed","template":"","meta":[],"product_brand":[647],"product_cat":[730,609,65],"product_tag":[59],"class_list":{"0":"post-15590","1":"product","2":"type-product","3":"status-publish","4":"has-post-thumbnail","6":"product_brand-brandp_561","7":"product_cat-accessoires-pour-consoles","8":"product_cat-electronique-jouets-electroniques","9":"product_cat-informatique-electronique","10":"product_tag-tag_1304","12":"first","13":"instock","14":"taxable","15":"shipping-taxable","16":"purchasable","17":"product-type-simple"},"_links":{"self":[{"href":"https:\/\/bigbuy.tupique.com\/es\/wp-json\/wp\/v2\/product\/15590","targetHints":{"allow":["GET"]}}],"collection":[{"href":"https:\/\/bigbuy.tupique.com\/es\/wp-json\/wp\/v2\/product"}],"about":[{"href":"https:\/\/bigbuy.tupique.com\/es\/wp-json\/wp\/v2\/types\/product"}],"replies":[{"embeddable":true,"href":"https:\/\/bigbuy.tupique.com\/es\/wp-json\/wp\/v2\/comments?post=15590"}],"wp:featuredmedia":[{"embeddable":true,"href":"https:\/\/bigbuy.tupique.com\/es\/wp-json\/wp\/v2\/media\/15588"}],"wp:attachment":[{"href":"https:\/\/bigbuy.tupique.com\/es\/wp-json\/wp\/v2\/media?parent=15590"}],"wp:term":[{"taxonomy":"product_brand","embeddable":true,"href":"https:\/\/bigbuy.tupique.com\/es\/wp-json\/wp\/v2\/product_brand?post=15590"},{"taxonomy":"product_cat","embeddable":true,"href":"https:\/\/bigbuy.tupique.com\/es\/wp-json\/wp\/v2\/product_cat?post=15590"},{"taxonomy":"product_tag","embeddable":true,"href":"https:\/\/bigbuy.tupique.com\/es\/wp-json\/wp\/v2\/product_tag?post=15590"}],"curies":[{"name":"wp","href":"https:\/\/api.w.org\/{rel}","templated":true}]}}