{"id":15582,"date":"2026-03-29T12:59:09","date_gmt":"2026-03-29T11:59:09","guid":{"rendered":"https:\/\/bigbuy.tupique.com\/produto\/external-hard-drive-western-digital-wdbfbe0160jbk-eesn-16-tb\/"},"modified":"2026-05-11T19:58:50","modified_gmt":"2026-05-11T17:58:50","slug":"external-hard-drive-western-digital-wdbfbe0160jbk-eesn-16-tb","status":"publish","type":"product","link":"https:\/\/bigbuy.tupique.com\/es\/produto\/external-hard-drive-western-digital-wdbfbe0160jbk-eesn-16-tb\/","title":{"rendered":"Disque Dur Externe Western Digital WDBFBE0160JBK-EESN 16 TB"},"content":{"rendered":"<p>Si vous \u00eates passionn\u00e9 d&#8217;<b>informatique et d&#8217;\u00e9lectronique<\/b>, si vous \u00eates \u00e0 la pointe de la technologie et qu&#8217;aucun d\u00e9tail ne vous \u00e9chappe, achetez <b>Disque Dur Externe Western Digital WDBFBE0160JBK-EESN 16 TB<\/b> au meilleur prix.<\/p>\n<ul>\n<li>Connexions:\n<ul>\n<li>USB-A 3.2<\/li>\n<li>2<\/li>\n<li>USB<\/li>\n<li>SATA<\/li>\n<li>USB-C 3.2 Gen 2 (3.1 Gen 2)<\/li>\n<li>USB x 3<\/li>\n<\/ul>\n<\/li>\n<li>Type:\n<ul>\n<li>Disque Dur Externe<\/li>\n<li>Bureau<\/li>\n<li>HDD<\/li>\n<\/ul>\n<\/li>\n<li>Couleur: Noir<\/li>\n<li>Taille: 3,5&#8243;<\/li>\n<li>Inclut: C\u00e2ble USB<\/li>\n<li>Compatible:\n<ul>\n<li>Windows<\/li>\n<li>Mac OS<\/li>\n<\/ul>\n<\/li>\n<li>Largeur: 10 cm<\/li>\n<li>\u00c9lev\u00e9: 18 cm<\/li>\n<li>Nombre de Baies: 3,5&#8221; x 2<\/li>\n<\/ul>","protected":false},"excerpt":{"rendered":"<p>Si vous \u00eates passionn\u00e9 d&#8217;informatique et d&#8217;\u00e9lectronique, si vous \u00eates \u00e0 la pointe de la technologie et qu&#8217;aucun d\u00e9tail ne vous \u00e9chappe, achetez Disque Dur Externe Western Digital WDBFBE0160JBK-EESN 16 TB au meilleur prix. Connexions: USB-A 3.2 2 USB SATA USB-C 3.2 Gen 2 (3.1 Gen 2) USB x 3 Type: Disque Dur Externe Bureau [&hellip;]<\/p>\n","protected":false},"featured_media":15581,"comment_status":"open","ping_status":"closed","template":"","meta":[],"product_brand":[792],"product_cat":[588,65,584],"product_tag":[106],"class_list":{"0":"post-15582","1":"product","2":"type-product","3":"status-publish","4":"has-post-thumbnail","6":"product_brand-brandp_589","7":"product_cat-disques-durs","8":"product_cat-informatique-electronique","9":"product_cat-informatique-reseaux-et-composants","10":"product_tag-tag_1295","12":"first","13":"instock","14":"taxable","15":"shipping-taxable","16":"purchasable","17":"product-type-simple"},"_links":{"self":[{"href":"https:\/\/bigbuy.tupique.com\/es\/wp-json\/wp\/v2\/product\/15582","targetHints":{"allow":["GET"]}}],"collection":[{"href":"https:\/\/bigbuy.tupique.com\/es\/wp-json\/wp\/v2\/product"}],"about":[{"href":"https:\/\/bigbuy.tupique.com\/es\/wp-json\/wp\/v2\/types\/product"}],"replies":[{"embeddable":true,"href":"https:\/\/bigbuy.tupique.com\/es\/wp-json\/wp\/v2\/comments?post=15582"}],"wp:featuredmedia":[{"embeddable":true,"href":"https:\/\/bigbuy.tupique.com\/es\/wp-json\/wp\/v2\/media\/15581"}],"wp:attachment":[{"href":"https:\/\/bigbuy.tupique.com\/es\/wp-json\/wp\/v2\/media?parent=15582"}],"wp:term":[{"taxonomy":"product_brand","embeddable":true,"href":"https:\/\/bigbuy.tupique.com\/es\/wp-json\/wp\/v2\/product_brand?post=15582"},{"taxonomy":"product_cat","embeddable":true,"href":"https:\/\/bigbuy.tupique.com\/es\/wp-json\/wp\/v2\/product_cat?post=15582"},{"taxonomy":"product_tag","embeddable":true,"href":"https:\/\/bigbuy.tupique.com\/es\/wp-json\/wp\/v2\/product_tag?post=15582"}],"curies":[{"name":"wp","href":"https:\/\/api.w.org\/{rel}","templated":true}]}}