{"id":15498,"date":"2026-03-29T12:57:24","date_gmt":"2026-03-29T11:57:24","guid":{"rendered":"https:\/\/bigbuy.tupique.com\/produto\/superautomatic-coffee-maker-melitta-f530-102-black-1450-w-12-l\/"},"modified":"2026-04-16T20:16:41","modified_gmt":"2026-04-16T19:16:41","slug":"superautomatic-coffee-maker-melitta-f530-102-black-1450-w-12-l","status":"publish","type":"product","link":"https:\/\/bigbuy.tupique.com\/es\/produto\/superautomatic-coffee-maker-melitta-f530-102-black-1450-w-12-l\/","title":{"rendered":"Cafeti\u00e8re superautomatique Melitta F530-102 Noir 1450 W 1,2 L"},"content":{"rendered":"<p>Si vous recherchez des \u00e9lectrom\u00e9nagers pour votre maison aux meilleurs prix, ne manquez pas <b>Cafeti\u00e8re superautomatique Melitta F530-102 Noir 1450 W 1,2 L<\/b> et une large s\u00e9lection de petits \u00e9lectrom\u00e9nagers de qualit\u00e9 !<\/p>\n<p>La <b>cafeti\u00e8re super-automatique Melitta F530-102<\/b> en couleur <b>noir<\/b> est con\u00e7ue pour offrir une exp\u00e9rience caf\u00e9 professionnelle et personnalis\u00e9e gr\u00e2ce \u00e0 sa technologie avanc\u00e9e et ses fonctionnalit\u00e9s pratiques. Elle dispose d\u2019un <b>moulin conique en acier inoxydable avec 5 r\u00e9glages diff\u00e9rents<\/b>, permettant de choisir l\u2019intensit\u00e9 d\u00e9sir\u00e9e, y compris une option ultra-l\u00e9g\u00e8re sans pr\u00e9-infusion pour ceux qui pr\u00e9f\u00e8rent un caf\u00e9 plus doux. Elle est \u00e9quip\u00e9e d\u2019un <b>r\u00e9servoir d\u2019eau amovible de 1,2 litre<\/b> et d\u2019un syst\u00e8me de d\u00e9tection automatique du niveau d\u2019eau, facilitant le remplissage et le contr\u00f4le pendant l\u2019utilisation. Sa <b>puissance de 1450 W<\/b> assure un chauffage rapide pour pr\u00e9parer le caf\u00e9 efficacement. Avec un poids d\u2019environ <b>8 kg<\/b> et des dimensions compactes de <b>25,3 cm de large, 39 cm de haut et 38 cm de profondeur<\/b>, elle allie robustesse et design fonctionnel pour s\u2019adapter \u00e0 tout espace de cuisine. La cafeti\u00e8re fonctionne via un <b>syst\u00e8me enti\u00e8rement automatique contr\u00f4l\u00e9 par boutons<\/b>, simplifiant le processus de la mouture \u00e0 l\u2019extraction, offrant confort et pr\u00e9cision. Sa structure en <b>acier inoxydable<\/b> garantit durabilit\u00e9 et un fini \u00e9l\u00e9gant qui s\u2019harmonise avec les espaces contemporains. La Melitta F530-102 se positionne comme un appareil fiable pour ceux qui recherchent un caf\u00e9 de qualit\u00e9 avec de multiples options de personnalisation sans sacrifier la facilit\u00e9 d\u2019utilisation ni l\u2019entretien simple. Cette cafeti\u00e8re super-automatique repr\u00e9sente une solution compl\u00e8te pour les utilisateurs exigeants valorisant fonctionnalit\u00e9 et design en usage domestique ou en petit bureau.<\/p>\n<ul>\n<li>Caract\u00e9ristiques:\n<ul>\n<li>Automatique<\/li>\n<li>Commande par boutons<\/li>\n<\/ul>\n<\/li>\n<li>Type:\n<ul>\n<li>Caf\u00e9ti\u00e8re \u00e9lectrique<\/li>\n<li>Cafeti\u00e8re superautomatique<\/li>\n<\/ul>\n<\/li>\n<li>Produit \u00e0 brancher: Oui<\/li>\n<li>Type de prise: Prise EU<\/li>\n<li>Bloc d\u2019Alimentation: r\u00e9seau \u00e9lectrique<\/li>\n<li>Couleur: Noir<\/li>\n<li>puissance: 1450 W<\/li>\n<li>\u00c9lev\u00e9: 39 cm<\/li>\n<li>Long: 38 cm<\/li>\n<li>Pression: 15 bar<\/li>\n<li>Capacit\u00e9: 125 g<\/li>\n<li>Mati\u00e8re: Acier inoxydable<\/li>\n<li>Tension: 12 V<\/li>\n<\/ul>","protected":false},"excerpt":{"rendered":"<p><span class=\"unit-info\">415.1920 &euro; \/ 100 gr<\/span><\/p>","protected":false},"featured_media":15492,"comment_status":"open","ping_status":"closed","template":"","meta":[],"product_brand":[305],"product_cat":[725,60,77],"product_tag":[59,56],"class_list":{"0":"post-15498","1":"product","2":"type-product","3":"status-publish","4":"has-post-thumbnail","6":"product_brand-brandp_4976","7":"product_cat-cafetieres","8":"product_cat-cuisine-gourmet","9":"product_cat-petit-electromenager","10":"product_tag-tag_1304","11":"product_tag-tag_930","13":"first","14":"instock","15":"taxable","16":"shipping-taxable","17":"purchasable","18":"product-type-simple"},"_links":{"self":[{"href":"https:\/\/bigbuy.tupique.com\/es\/wp-json\/wp\/v2\/product\/15498","targetHints":{"allow":["GET"]}}],"collection":[{"href":"https:\/\/bigbuy.tupique.com\/es\/wp-json\/wp\/v2\/product"}],"about":[{"href":"https:\/\/bigbuy.tupique.com\/es\/wp-json\/wp\/v2\/types\/product"}],"replies":[{"embeddable":true,"href":"https:\/\/bigbuy.tupique.com\/es\/wp-json\/wp\/v2\/comments?post=15498"}],"wp:featuredmedia":[{"embeddable":true,"href":"https:\/\/bigbuy.tupique.com\/es\/wp-json\/wp\/v2\/media\/15492"}],"wp:attachment":[{"href":"https:\/\/bigbuy.tupique.com\/es\/wp-json\/wp\/v2\/media?parent=15498"}],"wp:term":[{"taxonomy":"product_brand","embeddable":true,"href":"https:\/\/bigbuy.tupique.com\/es\/wp-json\/wp\/v2\/product_brand?post=15498"},{"taxonomy":"product_cat","embeddable":true,"href":"https:\/\/bigbuy.tupique.com\/es\/wp-json\/wp\/v2\/product_cat?post=15498"},{"taxonomy":"product_tag","embeddable":true,"href":"https:\/\/bigbuy.tupique.com\/es\/wp-json\/wp\/v2\/product_tag?post=15498"}],"curies":[{"name":"wp","href":"https:\/\/api.w.org\/{rel}","templated":true}]}}