{"id":15247,"date":"2026-03-29T12:43:10","date_gmt":"2026-03-29T11:43:10","guid":{"rendered":"https:\/\/bigbuy.tupique.com\/produto\/trolley-videowall-vogels-7353080-65\/"},"modified":"2026-04-15T00:12:57","modified_gmt":"2026-04-14T23:12:57","slug":"trolley-videowall-vogels-7353080-65","status":"publish","type":"product","link":"https:\/\/bigbuy.tupique.com\/es\/produto\/trolley-videowall-vogels-7353080-65\/","title":{"rendered":"Trolley Videowall Vogel&#8217;s 7353080 65&#8243;"},"content":{"rendered":"<p>Si vous \u00eates passionn\u00e9 d&#8217;<b>informatique et d&#8217;\u00e9lectronique<\/b>, si vous \u00eates \u00e0 la pointe de la technologie et qu&#8217;aucun d\u00e9tail ne vous \u00e9chappe, achetez <b>Trolley Videowall Vogel&#8217;s 7353080 65&#8243;<\/b> au meilleur prix.<\/p>\n<ul>\n<li>Type:\n<ul>\n<li>Support pour le sol<\/li>\n<li>Trolley<\/li>\n<li>SSD<\/li>\n<\/ul>\n<\/li>\n<li>Couleur:\n<ul>\n<li>Noir<\/li>\n<li>Multicouleur<\/li>\n<\/ul>\n<\/li>\n<li>Caract\u00e9ristiques:\n<ul>\n<li>Motoris\u00e9<\/li>\n<li>4 roues pour facilit\u00e9 son d\u00e9placement<\/li>\n<\/ul>\n<\/li>\n<li>Montage: Ind\u00e9pendant<\/li>\n<li>Ecran: 65&#8243;<\/li>\n<li>Compatible: VESA 800 x 600<\/li>\n<li>Pouces: 86&#8243;<\/li>\n<li>M\u00e9moire RAM: 8 GB RAM<\/li>\n<li>Syst\u00e8me d&#8217;exploitation: Windows 10 Pro<\/li>\n<\/ul>","protected":false},"excerpt":{"rendered":"<p>Si vous \u00eates passionn\u00e9 d&#8217;informatique et d&#8217;\u00e9lectronique, si vous \u00eates \u00e0 la pointe de la technologie et qu&#8217;aucun d\u00e9tail ne vous \u00e9chappe, achetez Trolley Videowall Vogel&#8217;s 7353080 65&#8243; au meilleur prix. Type: Support pour le sol Trolley SSD Couleur: Noir Multicouleur Caract\u00e9ristiques: Motoris\u00e9 4 roues pour facilit\u00e9 son d\u00e9placement Montage: Ind\u00e9pendant Ecran: 65&#8243; Compatible: VESA [&hellip;]<\/p>\n","protected":false},"featured_media":15246,"comment_status":"open","ping_status":"closed","template":"","meta":[],"product_brand":[643],"product_cat":[589,65,590],"product_tag":[210],"class_list":{"0":"post-15247","1":"product","2":"type-product","3":"status-publish","4":"has-post-thumbnail","6":"product_brand-brandp_920","7":"product_cat-electronique-television","8":"product_cat-informatique-electronique","9":"product_cat-supports-de-television","10":"product_tag-tag_25","12":"first","13":"instock","14":"taxable","15":"shipping-taxable","16":"purchasable","17":"product-type-simple"},"_links":{"self":[{"href":"https:\/\/bigbuy.tupique.com\/es\/wp-json\/wp\/v2\/product\/15247","targetHints":{"allow":["GET"]}}],"collection":[{"href":"https:\/\/bigbuy.tupique.com\/es\/wp-json\/wp\/v2\/product"}],"about":[{"href":"https:\/\/bigbuy.tupique.com\/es\/wp-json\/wp\/v2\/types\/product"}],"replies":[{"embeddable":true,"href":"https:\/\/bigbuy.tupique.com\/es\/wp-json\/wp\/v2\/comments?post=15247"}],"wp:featuredmedia":[{"embeddable":true,"href":"https:\/\/bigbuy.tupique.com\/es\/wp-json\/wp\/v2\/media\/15246"}],"wp:attachment":[{"href":"https:\/\/bigbuy.tupique.com\/es\/wp-json\/wp\/v2\/media?parent=15247"}],"wp:term":[{"taxonomy":"product_brand","embeddable":true,"href":"https:\/\/bigbuy.tupique.com\/es\/wp-json\/wp\/v2\/product_brand?post=15247"},{"taxonomy":"product_cat","embeddable":true,"href":"https:\/\/bigbuy.tupique.com\/es\/wp-json\/wp\/v2\/product_cat?post=15247"},{"taxonomy":"product_tag","embeddable":true,"href":"https:\/\/bigbuy.tupique.com\/es\/wp-json\/wp\/v2\/product_tag?post=15247"}],"curies":[{"name":"wp","href":"https:\/\/api.w.org\/{rel}","templated":true}]}}