{"id":15211,"date":"2026-03-29T12:42:27","date_gmt":"2026-03-29T11:42:27","guid":{"rendered":"https:\/\/bigbuy.tupique.com\/produto\/switch-trendnet-tpe-tg262\/"},"modified":"2026-04-16T09:11:51","modified_gmt":"2026-04-16T08:11:51","slug":"switch-trendnet-tpe-tg262","status":"publish","type":"product","link":"https:\/\/bigbuy.tupique.com\/es\/produto\/switch-trendnet-tpe-tg262\/","title":{"rendered":"Switch Trendnet TPE-TG262"},"content":{"rendered":"<p>Si vous \u00eates passionn\u00e9 d&#8217;<b>informatique et d&#8217;\u00e9lectronique<\/b>, si vous \u00eates \u00e0 la pointe de la technologie et qu&#8217;aucun d\u00e9tail ne vous \u00e9chappe, achetez <b>Switch Trendnet TPE-TG262<\/b> au meilleur prix.<\/p>\n<p>Le <b>switch TPE-TG262<\/b> de <b>Trendnet<\/b> est un appareil r\u00e9seau non administrable con\u00e7u pour des environnements professionnels n\u00e9cessitant une connexion fiable et efficace. Ce <b>switch<\/b> dispose de <b>24 ports Gigabit Ethernet RJ45<\/b>, offrant des vitesses de transfert de <b>10\/100\/1000 Mbps<\/b>, id\u00e9ales pour soutenir des r\u00e9seaux \u00e0 forte demande et assurer une communication fluide entre plusieurs appareils. Il int\u00e8gre \u00e9galement un <b>port PoE (Power over Ethernet)<\/b> permettant d\u2019alimenter des dispositifs compatibles, tels que des cam\u00e9ras IP ou points d\u2019acc\u00e8s sans fil, sans c\u00e2bles d\u2019alimentation suppl\u00e9mentaires, facilitant ainsi l\u2019installation et r\u00e9duisant le c\u00e2blage. Dot\u00e9 d\u2019un <b>bo\u00eetier m\u00e9tallique noir robuste<\/b>, ce mod\u00e8le est con\u00e7u pour un montage en rack 19 pouces au format <b>1U<\/b>, offrant une solution compacte et r\u00e9sistante pour centres de donn\u00e9es ou salles de t\u00e9l\u00e9communications. Sa compatibilit\u00e9 avec les normes IEEE 802.3, incluant <b>802.3at PoE+<\/b> et <b>802.3af<\/b>, garantit une alimentation s\u00e9curis\u00e9e et efficace. Le switch fonctionne au niveau de la <b>couche 2<\/b>, supportant le mode duplex int\u00e9gral pour optimiser le flux de donn\u00e9es et r\u00e9duire les collisions, assurant ainsi des performances maximales sur les r\u00e9seaux locaux. Il comprend des emplacements pour modules SFP permettant des connexions fibre optique longue distance, augmentant la polyvalence et la port\u00e9e du r\u00e9seau selon les besoins sp\u00e9cifiques. Cet \u00e9quipement offre aussi une installation facile gr\u00e2ce \u00e0 son design plug and play, sans configuration pr\u00e9alable, ce qui le rend adapt\u00e9 aux administrateurs r\u00e9seau recherchant simplicit\u00e9 et performance stable. En r\u00e9sum\u00e9, le Trendnet TPE-TG262 est une solution efficace et \u00e9volutive pour \u00e9tendre ou moderniser l\u2019infrastructure r\u00e9seau avec un <b>switch gigabit PoE+ fiable et haute capacit\u00e9<\/b>.<\/p>\n<ul>\n<li>Type:\n<ul>\n<li>Commutateur R\u00e9seau Armoire<\/li>\n<li>Switch<\/li>\n<\/ul>\n<\/li>\n<li>Tension: 100-240 V<\/li>\n<li>vitesse: 10\/100\/1000 Mbps<\/li>\n<li>puissance:\n<ul>\n<li>380 W<\/li>\n<li>40 W<\/li>\n<\/ul>\n<\/li>\n<li>Produit \u00e0 brancher: Oui<\/li>\n<li>Connexions:\n<ul>\n<li>RJ45<\/li>\n<li>RJ45 x 24<\/li>\n<li>PoE x 1<\/li>\n<\/ul>\n<\/li>\n<li>Type de prise: Prise EU<\/li>\n<li>Bloc d\u2019Alimentation: r\u00e9seau \u00e9lectrique<\/li>\n<li>Couleur: Noir<\/li>\n<li>Ventillateur: 2<\/li>\n<li>Longueur du c\u00e2ble: 1,5 m<\/li>\n<li>Fr\u00e9quence: 50-60 Hz<\/li>\n<li>Niveau sonore: 30 dB<\/li>\n<li>Mati\u00e8re: M\u00e9tal<\/li>\n<li>Ports: 24<\/li>\n<\/ul>","protected":false},"excerpt":{"rendered":"<p>Si vous \u00eates passionn\u00e9 d&#8217;informatique et d&#8217;\u00e9lectronique, si vous \u00eates \u00e0 la pointe de la technologie et qu&#8217;aucun d\u00e9tail ne vous \u00e9chappe, achetez Switch Trendnet TPE-TG262 au meilleur prix. Le switch TPE-TG262 de Trendnet est un appareil r\u00e9seau non administrable con\u00e7u pour des environnements professionnels n\u00e9cessitant une connexion fiable et efficace. Ce switch dispose de [&hellip;]<\/p>\n","protected":false},"featured_media":15209,"comment_status":"open","ping_status":"closed","template":"","meta":[],"product_brand":[635],"product_cat":[65,584,585],"product_tag":[106],"class_list":{"0":"post-15211","1":"product","2":"type-product","3":"status-publish","4":"has-post-thumbnail","6":"product_brand-brandp_4777","7":"product_cat-informatique-electronique","8":"product_cat-informatique-reseaux-et-composants","9":"product_cat-switch","10":"product_tag-tag_1295","12":"first","13":"instock","14":"taxable","15":"shipping-taxable","16":"purchasable","17":"product-type-simple"},"_links":{"self":[{"href":"https:\/\/bigbuy.tupique.com\/es\/wp-json\/wp\/v2\/product\/15211","targetHints":{"allow":["GET"]}}],"collection":[{"href":"https:\/\/bigbuy.tupique.com\/es\/wp-json\/wp\/v2\/product"}],"about":[{"href":"https:\/\/bigbuy.tupique.com\/es\/wp-json\/wp\/v2\/types\/product"}],"replies":[{"embeddable":true,"href":"https:\/\/bigbuy.tupique.com\/es\/wp-json\/wp\/v2\/comments?post=15211"}],"wp:featuredmedia":[{"embeddable":true,"href":"https:\/\/bigbuy.tupique.com\/es\/wp-json\/wp\/v2\/media\/15209"}],"wp:attachment":[{"href":"https:\/\/bigbuy.tupique.com\/es\/wp-json\/wp\/v2\/media?parent=15211"}],"wp:term":[{"taxonomy":"product_brand","embeddable":true,"href":"https:\/\/bigbuy.tupique.com\/es\/wp-json\/wp\/v2\/product_brand?post=15211"},{"taxonomy":"product_cat","embeddable":true,"href":"https:\/\/bigbuy.tupique.com\/es\/wp-json\/wp\/v2\/product_cat?post=15211"},{"taxonomy":"product_tag","embeddable":true,"href":"https:\/\/bigbuy.tupique.com\/es\/wp-json\/wp\/v2\/product_tag?post=15211"}],"curies":[{"name":"wp","href":"https:\/\/api.w.org\/{rel}","templated":true}]}}