{"id":15202,"date":"2026-03-29T12:42:17","date_gmt":"2026-03-29T11:42:17","guid":{"rendered":"https:\/\/bigbuy.tupique.com\/produto\/uninterruptible-power-supply-system-interactive-ups-apc-ap7922b-16-x-iec-60320\/"},"modified":"2026-04-16T07:59:49","modified_gmt":"2026-04-16T06:59:49","slug":"uninterruptible-power-supply-system-interactive-ups-apc-ap7922b-16-x-iec-60320","status":"publish","type":"product","link":"https:\/\/bigbuy.tupique.com\/es\/produto\/uninterruptible-power-supply-system-interactive-ups-apc-ap7922b-16-x-iec-60320\/","title":{"rendered":"Syst\u00e8me d&#8217;Alimentation Sans Interruption Interactif APC AP7922B 16 x IEC 60320"},"content":{"rendered":"<p>Si vous \u00eates passionn\u00e9 d&#8217;<b>informatique et d&#8217;\u00e9lectronique<\/b>, si vous \u00eates \u00e0 la pointe de la technologie et qu&#8217;aucun d\u00e9tail ne vous \u00e9chappe, achetez <b>Syst\u00e8me d&#8217;Alimentation Sans Interruption Interactif APC AP7922B 16 x IEC 60320<\/b> au meilleur prix.<\/p>\n<p>Le <b>AP7922B<\/b> d\u2019APC est une unit\u00e9 de distribution \u00e9lectrique (PDU) <b>onduleur interactif<\/b> con\u00e7ue pour une gestion efficace et s\u00e9curis\u00e9e de l\u2019alimentation \u00e9lectrique dans les environnements informatiques, notamment dans les racks 19&#8243; o\u00f9 son <b>format compact 2U<\/b> optimise l\u2019espace. De couleur <b>noire<\/b>, elle offre une capacit\u00e9 nominale de <b>200-230 V<\/b> avec <b>32 A<\/b> et une fr\u00e9quence d\u2019entr\u00e9e de <b>50-60 Hz<\/b>. Elle dispose de <b>16 sorties AC type C13<\/b> compatibles avec les connecteurs IEC309, via un c\u00e2ble d\u2019alimentation de <b>3,05 m\u00e8tres<\/b>. Parmi ses fonctions, elle permet de configurer des d\u00e9lais d\u2019alimentation pour \u00e9viter les pics de courant, autorisant la s\u00e9quence d\u2019allumage et d\u2019extinction des \u00e9quipements connect\u00e9s, pr\u00e9venant ainsi les surcharges et dommages aux appareils d\u00e9pendants. Cette PDU int\u00e8gre un indicateur LED signalant les surcharges et conditions critiques, avec des <b>seuils d\u2019alarme<\/b> configurables pour anticiper les risques \u00e9lectriques. Sa capacit\u00e9 de <b>gestion \u00e0 distance<\/b> via interfaces Web, SNMP et Telnet permet l\u2019acc\u00e8s, la configuration et le contr\u00f4le individuel de chaque prise depuis des sites distants, facilitant l\u2019arr\u00eat, la mise en marche ou le red\u00e9marrage des \u00e9quipements pour minimiser les interruptions co\u00fbteuses. Sur les mod\u00e8les compatibles, un <b>\u00e9cran num\u00e9rique local<\/b> affiche la consommation totale de courant, aidant \u00e0 pr\u00e9venir les surcharges gr\u00e2ce \u00e0 des alertes visuelles claires. Elle est compatible avec la plateforme StruxureWare Data Center Expert pour la surveillance en temps r\u00e9el et les mises \u00e0 jour du firmware via r\u00e9seau, permettant de maintenir l\u2019unit\u00e9 optimis\u00e9e sans remplacement physique. Son design monophas\u00e9 avec une large gamme de connexions d\u2019entr\u00e9e et sortie permet d\u2019alimenter des syst\u00e8mes \u00e9lectriques jusqu\u2019\u00e0 5,7 kW depuis une seule connexion, facilitant installation et maintenance. La certification <b>RoHS<\/b> garantit le respect des normes environnementales sur la r\u00e9duction des substances dangereuses. En r\u00e9sum\u00e9, le <b>APC AP7922B<\/b> est une solution robuste et flexible offrant un contr\u00f4le complet, s\u00e9curit\u00e9 et efficacit\u00e9 dans la distribution \u00e9lectrique pour \u00e9quipements professionnels en rack, adapt\u00e9e aux environnements o\u00f9 la continuit\u00e9 et la gestion pr\u00e9cise de l\u2019\u00e9nergie sont prioritaires.<\/p>\n<ul>\n<li>Produit \u00e0 brancher: Oui<\/li>\n<li>Type de prise: Prise EU<\/li>\n<li>Unit\u00e9s: 2 Unit\u00e9s<\/li>\n<li>Type:\n<ul>\n<li>Syst\u00e8me d&#8217;Alimentation Sans Interruption Interactif<\/li>\n<li>C13<\/li>\n<\/ul>\n<\/li>\n<li>Bloc d\u2019Alimentation: r\u00e9seau \u00e9lectrique<\/li>\n<li>Couleur: Noir<\/li>\n<li>Largeur: 445 mm<\/li>\n<li>Fr\u00e9quence:\n<ul>\n<li>50-60 Hz<\/li>\n<li>50 &#8211; 60 Hz<\/li>\n<\/ul>\n<\/li>\n<li>Tension: 230 V<\/li>\n<li>Certificat: RoHS<\/li>\n<\/ul>","protected":false},"excerpt":{"rendered":"<p><span class=\"unit-info\">874.9950 &euro; \/ 1 unit<\/span><\/p>","protected":false},"featured_media":15199,"comment_status":"open","ping_status":"closed","template":"","meta":[],"product_brand":[649],"product_cat":[65,581,603],"product_tag":[106],"class_list":{"0":"post-15202","1":"product","2":"type-product","3":"status-publish","4":"has-post-thumbnail","6":"product_brand-brandp_532","7":"product_cat-informatique-electronique","8":"product_cat-informatique-peripheriques-et-consommables","9":"product_cat-ups","10":"product_tag-tag_1295","12":"first","13":"instock","14":"taxable","15":"shipping-taxable","16":"purchasable","17":"product-type-simple"},"_links":{"self":[{"href":"https:\/\/bigbuy.tupique.com\/es\/wp-json\/wp\/v2\/product\/15202","targetHints":{"allow":["GET"]}}],"collection":[{"href":"https:\/\/bigbuy.tupique.com\/es\/wp-json\/wp\/v2\/product"}],"about":[{"href":"https:\/\/bigbuy.tupique.com\/es\/wp-json\/wp\/v2\/types\/product"}],"replies":[{"embeddable":true,"href":"https:\/\/bigbuy.tupique.com\/es\/wp-json\/wp\/v2\/comments?post=15202"}],"wp:featuredmedia":[{"embeddable":true,"href":"https:\/\/bigbuy.tupique.com\/es\/wp-json\/wp\/v2\/media\/15199"}],"wp:attachment":[{"href":"https:\/\/bigbuy.tupique.com\/es\/wp-json\/wp\/v2\/media?parent=15202"}],"wp:term":[{"taxonomy":"product_brand","embeddable":true,"href":"https:\/\/bigbuy.tupique.com\/es\/wp-json\/wp\/v2\/product_brand?post=15202"},{"taxonomy":"product_cat","embeddable":true,"href":"https:\/\/bigbuy.tupique.com\/es\/wp-json\/wp\/v2\/product_cat?post=15202"},{"taxonomy":"product_tag","embeddable":true,"href":"https:\/\/bigbuy.tupique.com\/es\/wp-json\/wp\/v2\/product_tag?post=15202"}],"curies":[{"name":"wp","href":"https:\/\/api.w.org\/{rel}","templated":true}]}}