{"id":15174,"date":"2026-03-29T12:41:41","date_gmt":"2026-03-29T11:41:41","guid":{"rendered":"https:\/\/bigbuy.tupique.com\/produto\/monitor-benq-sw321c-32-led-ips-60-hz-50-60-hz\/"},"modified":"2026-05-11T19:58:37","modified_gmt":"2026-05-11T17:58:37","slug":"monitor-benq-sw321c-32-led-ips-60-hz-50-60-hz","status":"publish","type":"product","link":"https:\/\/bigbuy.tupique.com\/es\/produto\/monitor-benq-sw321c-32-led-ips-60-hz-50-60-hz\/","title":{"rendered":"\u00c9cran BenQ SW321C 32&#8243; LED IPS 60 Hz 50-60  Hz"},"content":{"rendered":"<p>Si vous \u00eates passionn\u00e9 d&#8217;<b>informatique et d&#8217;\u00e9lectronique<\/b>, si vous \u00eates \u00e0 la pointe de la technologie et qu&#8217;aucun d\u00e9tail ne vous \u00e9chappe, achetez <b>\u00c9cran BenQ SW321C 32&#8243; LED IPS 60 Hz 50-60  Hz<\/b> au meilleur prix.<\/p>\n<ul>\n<li>Connexions:\n<ul>\n<li>HDMI<\/li>\n<li>DisplayPort 1.4<\/li>\n<li>DisplayPort<\/li>\n<li>HDMI 2.0<\/li>\n<li>2<\/li>\n<li>USB 3.2<\/li>\n<li>HDMI x 2<\/li>\n<li>USB<\/li>\n<li>2 x HDMI<\/li>\n<li>HDCP<\/li>\n<li>USB A x 2<\/li>\n<li>DisplayPort x 1<\/li>\n<li>USB 3.0 x 2<\/li>\n<\/ul>\n<\/li>\n<li>Ecran: 32&#8243;<\/li>\n<li>Brille:\n<ul>\n<li>250 cd\/m2<\/li>\n<li>250 ANSI<\/li>\n<\/ul>\n<\/li>\n<li>Technologie:\n<ul>\n<li>IPS<\/li>\n<li>LED<\/li>\n<\/ul>\n<\/li>\n<li>Produit \u00e0 brancher: Oui<\/li>\n<li>Type de prise: Prise EU<\/li>\n<li>R\u00e9solution (px):\n<ul>\n<li>3840 x 2160 px<\/li>\n<li>3840 \u00d7 2160 px<\/li>\n<\/ul>\n<\/li>\n<li>R\u00e9solution: 4K Ultra HD<\/li>\n<li>Diagonale de l&#8217;\u00e9cran (cm): 81,3 cm<\/li>\n<li>Caract\u00e9ristiques:\n<ul>\n<li>\u00c9cran plat<\/li>\n<li>Plaque Tournante<\/li>\n<li>R\u00e9glable<\/li>\n<li>Interrupteur marche\/arr\u00eat<\/li>\n<li>HDR<\/li>\n<li>Inclinable<\/li>\n<\/ul>\n<\/li>\n<li>Bloc d\u2019Alimentation:\n<ul>\n<li>r\u00e9seau \u00e9lectrique<\/li>\n<li>Courant alternatif<\/li>\n<\/ul>\n<\/li>\n<li>Couleur:\n<ul>\n<li>Gris<\/li>\n<li>sRGB<\/li>\n<\/ul>\n<\/li>\n<li>Temps de r\u00e9ponse: 5 ms<\/li>\n<li>VESA: 10 x 10 cm<\/li>\n<li>Longueur du c\u00e2ble: 1,8 m<\/li>\n<li>Tension:\n<ul>\n<li>100-240 V<\/li>\n<li>220 V<\/li>\n<li>100 &#8211; 240 V<\/li>\n<\/ul>\n<\/li>\n<li>puissance: 60 W<\/li>\n<li>Classification \u00e9nerg\u00e9tique: G<\/li>\n<li>Rapport d&#8217;aspect: 16:9<\/li>\n<li>Fr\u00e9quence:\n<ul>\n<li>50 &#8211; 60 Hz<\/li>\n<li>60 Hz<\/li>\n<\/ul>\n<\/li>\n<li>Type: Axe<\/li>\n<li>Rapport de contraste: 1000:1<\/li>\n<li>consommation d&#8217;\u00e9nergie: 59 kWh<\/li>\n<li>Ecran tactile: Non<\/li>\n<li>Inclut: Sortie d&#8217;\u00e9couteurs<\/li>\n<li>Certificat:\n<ul>\n<li>CE<\/li>\n<li>Certification ENERGY STAR<\/li>\n<\/ul>\n<\/li>\n<li>Angle: 178\u00ba<\/li>\n<li>Connecteurs: Kensington<\/li>\n<li>Inclinaison: -5\u00ba \/ 20\u00ba<\/li>\n<li>Non Inclus: AMD FreeSync<\/li>\n<li>Montage: VESA<\/li>\n<li>Utilisation recommand\u00e9e: Design graphique<\/li>\n<li>Couverture: 100% sRGB<\/li>\n<li>Rotation: 45\u00ba \/ 45\u00b0<\/li>\n<\/ul>","protected":false},"excerpt":{"rendered":"<p>Si vous \u00eates passionn\u00e9 d&#8217;informatique et d&#8217;\u00e9lectronique, si vous \u00eates \u00e0 la pointe de la technologie et qu&#8217;aucun d\u00e9tail ne vous \u00e9chappe, achetez \u00c9cran BenQ SW321C 32&#8243; LED IPS 60 Hz 50-60 Hz au meilleur prix. Connexions: HDMI DisplayPort 1.4 DisplayPort HDMI 2.0 2 USB 3.2 HDMI x 2 USB 2 x HDMI HDCP USB [&hellip;]<\/p>\n","protected":false},"featured_media":15169,"comment_status":"open","ping_status":"closed","template":"","meta":[],"product_brand":[664],"product_cat":[65,581,616],"product_tag":[213,106],"class_list":{"0":"post-15174","1":"product","2":"type-product","3":"status-publish","4":"has-post-thumbnail","6":"product_brand-brandp_537","7":"product_cat-informatique-electronique","8":"product_cat-informatique-peripheriques-et-consommables","9":"product_cat-moniteurs","10":"product_tag-tag_933","11":"product_tag-tag_1295","13":"first","14":"instock","15":"taxable","16":"shipping-taxable","17":"purchasable","18":"product-type-simple"},"_links":{"self":[{"href":"https:\/\/bigbuy.tupique.com\/es\/wp-json\/wp\/v2\/product\/15174","targetHints":{"allow":["GET"]}}],"collection":[{"href":"https:\/\/bigbuy.tupique.com\/es\/wp-json\/wp\/v2\/product"}],"about":[{"href":"https:\/\/bigbuy.tupique.com\/es\/wp-json\/wp\/v2\/types\/product"}],"replies":[{"embeddable":true,"href":"https:\/\/bigbuy.tupique.com\/es\/wp-json\/wp\/v2\/comments?post=15174"}],"wp:featuredmedia":[{"embeddable":true,"href":"https:\/\/bigbuy.tupique.com\/es\/wp-json\/wp\/v2\/media\/15169"}],"wp:attachment":[{"href":"https:\/\/bigbuy.tupique.com\/es\/wp-json\/wp\/v2\/media?parent=15174"}],"wp:term":[{"taxonomy":"product_brand","embeddable":true,"href":"https:\/\/bigbuy.tupique.com\/es\/wp-json\/wp\/v2\/product_brand?post=15174"},{"taxonomy":"product_cat","embeddable":true,"href":"https:\/\/bigbuy.tupique.com\/es\/wp-json\/wp\/v2\/product_cat?post=15174"},{"taxonomy":"product_tag","embeddable":true,"href":"https:\/\/bigbuy.tupique.com\/es\/wp-json\/wp\/v2\/product_tag?post=15174"}],"curies":[{"name":"wp","href":"https:\/\/api.w.org\/{rel}","templated":true}]}}