{"id":151304,"date":"2026-04-08T23:43:06","date_gmt":"2026-04-08T22:43:06","guid":{"rendered":"https:\/\/bigbuy.tupique.com\/produto\/smartphone-samsung-sm-s942bzkgeeb-2\/"},"modified":"2026-04-16T12:00:49","modified_gmt":"2026-04-16T11:00:49","slug":"smartphone-samsung-sm-s942bzkgeeb-2","status":"publish","type":"product","link":"https:\/\/bigbuy.tupique.com\/es\/produto\/smartphone-samsung-sm-s942bzkgeeb-2\/","title":{"rendered":"Smartphone Samsung SM-S942BZKGEEB"},"content":{"rendered":"<p>Si vous \u00eates passionn\u00e9 d&#8217;<b>informatique et d&#8217;\u00e9lectronique<\/b>, si vous \u00eates \u00e0 la pointe de la technologie et qu&#8217;aucun d\u00e9tail ne vous \u00e9chappe, achetez <b>Smartphone Samsung SM-S942BZKGEEB<\/b> au meilleur prix.<\/p>\n<ul>\n<li>Type: Smartphone<\/li>\n<li>Produit \u00e0 brancher: Oui<\/li>\n<li>Bloc d\u2019Alimentation:\n<ul>\n<li>r\u00e9seau \u00e9lectrique<\/li>\n<li>Batterie<\/li>\n<\/ul>\n<\/li>\n<li>Type de prise: Prise EU<\/li>\n<li>Diagonale de l&#8217;\u00e9cran (cm): 16 cm<\/li>\n<li>Connectivit\u00e9: Bluetooth<\/li>\n<li>Connexions:\n<ul>\n<li>USB-C<\/li>\n<li>USB 3.2<\/li>\n<\/ul>\n<\/li>\n<li>Facteur de forme: Bar<\/li>\n<li>Couleur: Noir<\/li>\n<li>GPS: Oui<\/li>\n<li>Glonass: Oui<\/li>\n<li>Acc\u00e9l\u00e9rom\u00e8tre: Oui<\/li>\n<li>Type de flash: LED<\/li>\n<li>Caract\u00e9ristiques: Lecteur d&#8217;empreintes<\/li>\n<li>Gyroscope: Oui<\/li>\n<li>Stabilisateur d&#8217;image: Oui<\/li>\n<li>M\u00e9moire RAM: 12 GB RAM<\/li>\n<li>M\u00e9moire interne: 256 GB<\/li>\n<li>Chargeur sans fil: Oui<\/li>\n<li>Cam\u00e9ra\/Appareil Photo: 50 Mp<\/li>\n<li>Mati\u00e8re: Aluminium<\/li>\n<li>Ecran: 6,3&#8243;<\/li>\n<li>Capacit\u00e9 de la batterie: 4300 mAh<\/li>\n<li>Classification \u00e9nerg\u00e9tique: A<\/li>\n<li>Classification IP: IP68<\/li>\n<li>Fr\u00e9quence: 120 Hz<\/li>\n<li>Technologie: AMOLED<\/li>\n<li>Zoom Num\u00e9rique: 30x<\/li>\n<li>Zoom Optique: 2x<\/li>\n<\/ul>","protected":false},"excerpt":{"rendered":"<p>Si vous \u00eates passionn\u00e9 d&#8217;informatique et d&#8217;\u00e9lectronique, si vous \u00eates \u00e0 la pointe de la technologie et qu&#8217;aucun d\u00e9tail ne vous \u00e9chappe, achetez Smartphone Samsung SM-S942BZKGEEB au meilleur prix. Type: Smartphone Produit \u00e0 brancher: Oui Bloc d\u2019Alimentation: r\u00e9seau \u00e9lectrique Batterie Type de prise: Prise EU Diagonale de l&#8217;\u00e9cran (cm): 16 cm Connectivit\u00e9: Bluetooth Connexions: USB-C [&hellip;]<\/p>\n","protected":false},"featured_media":152285,"comment_status":"open","ping_status":"closed","template":"","meta":[],"product_brand":[183],"product_cat":[575,65,960],"product_tag":[213,566,106],"class_list":{"0":"post-151304","1":"product","2":"type-product","3":"status-publish","4":"has-post-thumbnail","6":"product_brand-brandp_576","7":"product_cat-electronique-telephonie-et-tablettes","8":"product_cat-informatique-electronique","9":"product_cat-telephones-portables","10":"product_tag-tag_933","11":"product_tag-tag_547","12":"product_tag-tag_1295","14":"first","15":"instock","16":"taxable","17":"shipping-taxable","18":"purchasable","19":"product-type-simple"},"_links":{"self":[{"href":"https:\/\/bigbuy.tupique.com\/es\/wp-json\/wp\/v2\/product\/151304","targetHints":{"allow":["GET"]}}],"collection":[{"href":"https:\/\/bigbuy.tupique.com\/es\/wp-json\/wp\/v2\/product"}],"about":[{"href":"https:\/\/bigbuy.tupique.com\/es\/wp-json\/wp\/v2\/types\/product"}],"replies":[{"embeddable":true,"href":"https:\/\/bigbuy.tupique.com\/es\/wp-json\/wp\/v2\/comments?post=151304"}],"wp:featuredmedia":[{"embeddable":true,"href":"https:\/\/bigbuy.tupique.com\/es\/wp-json\/wp\/v2\/media\/152285"}],"wp:attachment":[{"href":"https:\/\/bigbuy.tupique.com\/es\/wp-json\/wp\/v2\/media?parent=151304"}],"wp:term":[{"taxonomy":"product_brand","embeddable":true,"href":"https:\/\/bigbuy.tupique.com\/es\/wp-json\/wp\/v2\/product_brand?post=151304"},{"taxonomy":"product_cat","embeddable":true,"href":"https:\/\/bigbuy.tupique.com\/es\/wp-json\/wp\/v2\/product_cat?post=151304"},{"taxonomy":"product_tag","embeddable":true,"href":"https:\/\/bigbuy.tupique.com\/es\/wp-json\/wp\/v2\/product_tag?post=151304"}],"curies":[{"name":"wp","href":"https:\/\/api.w.org\/{rel}","templated":true}]}}