{"id":15061,"date":"2026-03-29T12:39:03","date_gmt":"2026-03-29T11:39:03","guid":{"rendered":"https:\/\/bigbuy.tupique.com\/produto\/laser-printer-xerox-b305v_dni\/"},"modified":"2026-04-15T00:12:36","modified_gmt":"2026-04-14T23:12:36","slug":"laser-printer-xerox-b305v_dni","status":"publish","type":"product","link":"https:\/\/bigbuy.tupique.com\/es\/produto\/laser-printer-xerox-b305v_dni\/","title":{"rendered":"Imprimante laser Xerox B305V_DNI"},"content":{"rendered":"<p>Si vous \u00eates passionn\u00e9 d&#8217;<b>informatique et d&#8217;\u00e9lectronique<\/b>, si vous \u00eates \u00e0 la pointe de la technologie et qu&#8217;aucun d\u00e9tail ne vous \u00e9chappe, achetez <b>Imprimante laser Xerox B305V_DNI<\/b> au meilleur prix.<\/p>\n<ul>\n<li>Type:\n<ul>\n<li>Imprimante Multifonction<\/li>\n<li>Imprimante laser<\/li>\n<li>Noir et blanc<\/li>\n<li>Tout en un<\/li>\n<\/ul>\n<\/li>\n<li>Format d&#8217;image: JPEG<\/li>\n<li>Impression couleur: Non<\/li>\n<li>Compatible: Windows, Mac OS<\/li>\n<li>Produit \u00e0 brancher: Oui<\/li>\n<li>Type de prise: Prise EU<\/li>\n<li>R\u00e9solution d&#8217;image maximale:\n<ul>\n<li>600 x 600 dpi<\/li>\n<li>2400 x 2400 dpi<\/li>\n<\/ul>\n<\/li>\n<li>Technologie:\n<ul>\n<li>LCD<\/li>\n<li>Laser<\/li>\n<\/ul>\n<\/li>\n<li>Couleur:\n<ul>\n<li>Blanc<\/li>\n<li>Noir<\/li>\n<li>Multicouleur<\/li>\n<li>Monochrome<\/li>\n<li>Bleu\/Blanc<\/li>\n<\/ul>\n<\/li>\n<li>Caract\u00e9ristiques:\n<ul>\n<li>\u00c9cran integr\u00e9<\/li>\n<li>Scanner Double Face<\/li>\n<li>\u00c9cran couleur<\/li>\n<li>\u00c9cran LCD<\/li>\n<li>Guide d&#8217;installation inclus<\/li>\n<li>Impression recto verso<\/li>\n<li>Commande tactile<\/li>\n<\/ul>\n<\/li>\n<li>Connexions:\n<ul>\n<li>USB<\/li>\n<li>Ethernet LAN<\/li>\n<li>USB B<\/li>\n<li>USB B x 1<\/li>\n<\/ul>\n<\/li>\n<li>Taille: A4<\/li>\n<li>Connectivit\u00e9: Wi-Fi<\/li>\n<li>Format:\n<ul>\n<li>PDF<\/li>\n<li>CD<\/li>\n<\/ul>\n<\/li>\n<li>R\u00e9solution: 600 x 600 dpi<\/li>\n<li>Bloc d\u2019Alimentation: Cordon d&#8217;alimentation CA<\/li>\n<li>vitesse:\n<ul>\n<li>38 ppm<\/li>\n<li>10\/100 Mbps<\/li>\n<\/ul>\n<\/li>\n<li>Scanner: 600 x 600 dpi<\/li>\n<li>Ecran: 2,8&#8243;<\/li>\n<li>Fr\u00e9quence: 47-63 Hz<\/li>\n<li>Inclut:\n<ul>\n<li>C\u00e2ble Alimentation<\/li>\n<li>Cartouche<\/li>\n<\/ul>\n<\/li>\n<li>Papier:\n<ul>\n<li>A4<\/li>\n<li>B5<\/li>\n<li>C5<\/li>\n<\/ul>\n<\/li>\n<li>Impression recto verso: Automatique<\/li>\n<li>Tension: 220-240 V<\/li>\n<li>Utilisation recommand\u00e9e: Maison<\/li>\n<li>Plateau: 2<\/li>\n<li>M\u00e9t\u00e9o: 5 s<\/li>\n<li>Diagonale de l&#8217;\u00e9cran (cm): 7,1 cm<\/li>\n<\/ul>","protected":false},"excerpt":{"rendered":"<p>Si vous \u00eates passionn\u00e9 d&#8217;informatique et d&#8217;\u00e9lectronique, si vous \u00eates \u00e0 la pointe de la technologie et qu&#8217;aucun d\u00e9tail ne vous \u00e9chappe, achetez Imprimante laser Xerox B305V_DNI au meilleur prix. Type: Imprimante Multifonction Imprimante laser Noir et blanc Tout en un Format d&#8217;image: JPEG Impression couleur: Non Compatible: Windows, Mac OS Produit \u00e0 brancher: Oui [&hellip;]<\/p>\n","protected":false},"featured_media":15060,"comment_status":"open","ping_status":"closed","template":"","meta":[],"product_brand":[631],"product_cat":[592,65,581],"product_tag":[213,106],"class_list":{"0":"post-15061","1":"product","2":"type-product","3":"status-publish","4":"has-post-thumbnail","6":"product_brand-brandp_922","7":"product_cat-imprimantes","8":"product_cat-informatique-electronique","9":"product_cat-informatique-peripheriques-et-consommables","10":"product_tag-tag_933","11":"product_tag-tag_1295","13":"first","14":"instock","15":"taxable","16":"shipping-taxable","17":"purchasable","18":"product-type-simple"},"_links":{"self":[{"href":"https:\/\/bigbuy.tupique.com\/es\/wp-json\/wp\/v2\/product\/15061","targetHints":{"allow":["GET"]}}],"collection":[{"href":"https:\/\/bigbuy.tupique.com\/es\/wp-json\/wp\/v2\/product"}],"about":[{"href":"https:\/\/bigbuy.tupique.com\/es\/wp-json\/wp\/v2\/types\/product"}],"replies":[{"embeddable":true,"href":"https:\/\/bigbuy.tupique.com\/es\/wp-json\/wp\/v2\/comments?post=15061"}],"wp:featuredmedia":[{"embeddable":true,"href":"https:\/\/bigbuy.tupique.com\/es\/wp-json\/wp\/v2\/media\/15060"}],"wp:attachment":[{"href":"https:\/\/bigbuy.tupique.com\/es\/wp-json\/wp\/v2\/media?parent=15061"}],"wp:term":[{"taxonomy":"product_brand","embeddable":true,"href":"https:\/\/bigbuy.tupique.com\/es\/wp-json\/wp\/v2\/product_brand?post=15061"},{"taxonomy":"product_cat","embeddable":true,"href":"https:\/\/bigbuy.tupique.com\/es\/wp-json\/wp\/v2\/product_cat?post=15061"},{"taxonomy":"product_tag","embeddable":true,"href":"https:\/\/bigbuy.tupique.com\/es\/wp-json\/wp\/v2\/product_tag?post=15061"}],"curies":[{"name":"wp","href":"https:\/\/api.w.org\/{rel}","templated":true}]}}