{"id":15059,"date":"2026-03-29T12:39:01","date_gmt":"2026-03-29T11:39:01","guid":{"rendered":"https:\/\/bigbuy.tupique.com\/produto\/dot-matrix-printer-epson-c11ca92001\/"},"modified":"2026-05-11T19:58:55","modified_gmt":"2026-05-11T17:58:55","slug":"dot-matrix-printer-epson-c11ca92001","status":"publish","type":"product","link":"https:\/\/bigbuy.tupique.com\/es\/produto\/dot-matrix-printer-epson-c11ca92001\/","title":{"rendered":"Imprimante Matricielle Epson C11CA92001"},"content":{"rendered":"<p>Si vous \u00eates passionn\u00e9 d&#8217;<b>informatique et d&#8217;\u00e9lectronique<\/b>, si vous \u00eates \u00e0 la pointe de la technologie et qu&#8217;aucun d\u00e9tail ne vous \u00e9chappe, achetez <b>Imprimante Matricielle Epson C11CA92001<\/b> au meilleur prix.<\/p>\n<p>La <b>imprimante matricielle Epson LQ-2190 (mod\u00e8le C11CA92001)<\/b> est un appareil haute performance con\u00e7u pour les environnements professionnels n\u00e9cessitant des impressions fiables et en grand volume. Cette imprimante <b>24 aiguilles<\/b> offre une <b>vitesse d\u2019impression maximale de 576 caract\u00e8res par seconde<\/b> (\u00e0 12 caract\u00e8res par pouce), ainsi qu\u2019une vitesse brouillon de 432 cps, la rendant particuli\u00e8rement adapt\u00e9e aux processus rapides sans sacrifier la qualit\u00e9. Sa technologie d\u2019impression matricielle monochrome permet d\u2019imprimer sur une large vari\u00e9t\u00e9 de supports, y compris enveloppes, \u00e9tiquettes et papier continu (rouleau), avec un format d\u2019impression maximal jusqu\u2019au <b>A3 (297 x 420 mm)<\/b>. Elle se distingue par sa robustesse et sa durabilit\u00e9, avec une <b>t\u00eate d\u2019impression 24 broches<\/b> ayant une dur\u00e9e de vie estim\u00e9e \u00e0 400 millions d\u2019impacts par aiguille et un MTBF de 20 000 heures, garantissant un fonctionnement continu sur de grandes s\u00e9ries. L\u2019imprimante pr\u00e9sente un design fonctionnel facilitant la gestion du papier gr\u00e2ce \u00e0 plusieurs options d\u2019alimentation : avant, sup\u00e9rieure, inf\u00e9rieure et arri\u00e8re, offrant flexibilit\u00e9 pour diff\u00e9rents espaces et besoins de bureau. C\u00f4t\u00e9 connectivit\u00e9, elle dispose d\u2019interfaces standard <b>USB 2.0 et parall\u00e8le<\/b>, ainsi que d\u2019une option de connexion <b>Ethernet<\/b>, permettant une int\u00e9gration facile dans divers environnements de travail. Elle poss\u00e8de un <b>buffer de 128 Ko<\/b> et un niveau sonore de 54 dB, alliant performance efficace et faible nuisance sonore. Son design pr\u00e9sente une finition <b>gris<\/b> s\u2019adaptant \u00e0 de nombreux espaces professionnels. La long\u00e9vit\u00e9 sup\u00e9rieure de ses rubans, avec une dur\u00e9e estim\u00e9e \u00e0 15 millions de caract\u00e8res, contribue \u00e0 r\u00e9duire les co\u00fbts op\u00e9rationnels et les besoins fr\u00e9quents en maintenance. En r\u00e9sum\u00e9, l\u2019Epson LQ-2190 est une imprimante matricielle fiable, polyvalente et rapide, id\u00e9ale pour les utilisateurs exigeant des impressions volumineuses et constantes en qualit\u00e9 dans un cadre professionnel.<\/p>\n<ul>\n<li>Type:\n<ul>\n<li>Matricielle<\/li>\n<li>Imprimante Matricielle<\/li>\n<\/ul>\n<\/li>\n<li>Technologie: Matricielle<\/li>\n<li>Impression couleur: Non<\/li>\n<li>R\u00e9solution: 360 x 180 dpi<\/li>\n<li>Compatible: Windows<\/li>\n<li>Produit \u00e0 brancher: Oui<\/li>\n<li>Type de prise: Prise EU<\/li>\n<li>Bloc d\u2019Alimentation: r\u00e9seau \u00e9lectrique<\/li>\n<li>Couleur:\n<ul>\n<li>Gris<\/li>\n<li>Noir<\/li>\n<li>Monochrome<\/li>\n<\/ul>\n<\/li>\n<li>Connexions:\n<ul>\n<li>USB 2.0<\/li>\n<li>USB<\/li>\n<li>Ethernet LAN<\/li>\n<\/ul>\n<\/li>\n<li>Fr\u00e9quence: 50 &#8211; 60 Hz<\/li>\n<li>consommation d&#8217;\u00e9nergie: 46 kWh<\/li>\n<li>Tension: 220-240 V<\/li>\n<li>Certificat: Certification ENERGY STAR<\/li>\n<\/ul>","protected":false},"excerpt":{"rendered":"<p>Si vous \u00eates passionn\u00e9 d&#8217;informatique et d&#8217;\u00e9lectronique, si vous \u00eates \u00e0 la pointe de la technologie et qu&#8217;aucun d\u00e9tail ne vous \u00e9chappe, achetez Imprimante Matricielle Epson C11CA92001 au meilleur prix. La imprimante matricielle Epson LQ-2190 (mod\u00e8le C11CA92001) est un appareil haute performance con\u00e7u pour les environnements professionnels n\u00e9cessitant des impressions fiables et en grand volume. [&hellip;]<\/p>\n","protected":false},"featured_media":15057,"comment_status":"open","ping_status":"closed","template":"","meta":[],"product_brand":[632],"product_cat":[592,65,581],"product_tag":[213,106],"class_list":{"0":"post-15059","1":"product","2":"type-product","3":"status-publish","4":"has-post-thumbnail","6":"product_brand-brandp_547","7":"product_cat-imprimantes","8":"product_cat-informatique-electronique","9":"product_cat-informatique-peripheriques-et-consommables","10":"product_tag-tag_933","11":"product_tag-tag_1295","13":"first","14":"instock","15":"taxable","16":"shipping-taxable","17":"purchasable","18":"product-type-simple"},"_links":{"self":[{"href":"https:\/\/bigbuy.tupique.com\/es\/wp-json\/wp\/v2\/product\/15059","targetHints":{"allow":["GET"]}}],"collection":[{"href":"https:\/\/bigbuy.tupique.com\/es\/wp-json\/wp\/v2\/product"}],"about":[{"href":"https:\/\/bigbuy.tupique.com\/es\/wp-json\/wp\/v2\/types\/product"}],"replies":[{"embeddable":true,"href":"https:\/\/bigbuy.tupique.com\/es\/wp-json\/wp\/v2\/comments?post=15059"}],"wp:featuredmedia":[{"embeddable":true,"href":"https:\/\/bigbuy.tupique.com\/es\/wp-json\/wp\/v2\/media\/15057"}],"wp:attachment":[{"href":"https:\/\/bigbuy.tupique.com\/es\/wp-json\/wp\/v2\/media?parent=15059"}],"wp:term":[{"taxonomy":"product_brand","embeddable":true,"href":"https:\/\/bigbuy.tupique.com\/es\/wp-json\/wp\/v2\/product_brand?post=15059"},{"taxonomy":"product_cat","embeddable":true,"href":"https:\/\/bigbuy.tupique.com\/es\/wp-json\/wp\/v2\/product_cat?post=15059"},{"taxonomy":"product_tag","embeddable":true,"href":"https:\/\/bigbuy.tupique.com\/es\/wp-json\/wp\/v2\/product_tag?post=15059"}],"curies":[{"name":"wp","href":"https:\/\/api.w.org\/{rel}","templated":true}]}}