{"id":15000,"date":"2026-03-29T12:37:43","date_gmt":"2026-03-29T11:37:43","guid":{"rendered":"https:\/\/bigbuy.tupique.com\/produto\/video-conferencing-system-logitech-952-000010\/"},"modified":"2026-05-11T19:58:55","modified_gmt":"2026-05-11T17:58:55","slug":"video-conferencing-system-logitech-952-000010","status":"publish","type":"product","link":"https:\/\/bigbuy.tupique.com\/es\/produto\/video-conferencing-system-logitech-952-000010\/","title":{"rendered":"Syst\u00e8me de Vid\u00e9oconf\u00e9rence Logitech 952-000010"},"content":{"rendered":"<p>Si vous \u00eates passionn\u00e9 d&#8217;<b>informatique et d&#8217;\u00e9lectronique<\/b>, si vous \u00eates \u00e0 la pointe de la technologie et qu&#8217;aucun d\u00e9tail ne vous \u00e9chappe, achetez <b>Syst\u00e8me de Vid\u00e9oconf\u00e9rence Logitech 952-000010<\/b> au meilleur prix.<\/p>\n<ul>\n<li>Type:\n<ul>\n<li>Set de r\u00e9cepteur et \u00e9metteur<\/li>\n<li>Syst\u00e8me de Vid\u00e9oconf\u00e9rence<\/li>\n<li>Avec fil<\/li>\n<\/ul>\n<\/li>\n<li>R\u00e9solution (px): 3840 x 2160 px<\/li>\n<li>Connexions:\n<ul>\n<li>USB-A 3.2<\/li>\n<li>Micro USB B<\/li>\n<li>HDMI 2.0<\/li>\n<li>6<\/li>\n<li>2<\/li>\n<li>USB 3.2<\/li>\n<li>USB x 3<\/li>\n<li>HDMI<\/li>\n<li>USB x 6<\/li>\n<li>USB-C 3.2 Gen 1 (3.1 Gen 1) x 2<\/li>\n<\/ul>\n<\/li>\n<li>Inclut: Kit de Montage<\/li>\n<li>Caract\u00e9ristiques:\n<ul>\n<li>Plug and play<\/li>\n<li>T\u00e9moin de fonctionnement LED<\/li>\n<\/ul>\n<\/li>\n<li>Bloc d\u2019Alimentation:\n<ul>\n<li>Courant alternatif<\/li>\n<li>USB<\/li>\n<li>Avec fil<\/li>\n<li>CC<\/li>\n<\/ul>\n<\/li>\n<li>Couleur: Noir<\/li>\n<li>Syst\u00e8me d&#8217;exploitation: Windows 10<\/li>\n<li>Type de prise: Prise EU<\/li>\n<li>Non inclut: Adaptateur AC<\/li>\n<\/ul>","protected":false},"excerpt":{"rendered":"<p>Si vous \u00eates passionn\u00e9 d&#8217;informatique et d&#8217;\u00e9lectronique, si vous \u00eates \u00e0 la pointe de la technologie et qu&#8217;aucun d\u00e9tail ne vous \u00e9chappe, achetez Syst\u00e8me de Vid\u00e9oconf\u00e9rence Logitech 952-000010 au meilleur prix. Type: Set de r\u00e9cepteur et \u00e9metteur Syst\u00e8me de Vid\u00e9oconf\u00e9rence Avec fil R\u00e9solution (px): 3840 x 2160 px Connexions: USB-A 3.2 Micro USB B HDMI [&hellip;]<\/p>\n","protected":false},"featured_media":177852,"comment_status":"open","ping_status":"closed","template":"","meta":[],"product_brand":[647],"product_cat":[65,581,607],"product_tag":[213,106],"class_list":{"0":"post-15000","1":"product","2":"type-product","3":"status-publish","4":"has-post-thumbnail","6":"product_brand-brandp_561","7":"product_cat-informatique-electronique","8":"product_cat-informatique-peripheriques-et-consommables","9":"product_cat-webcam","10":"product_tag-tag_933","11":"product_tag-tag_1295","13":"first","14":"instock","15":"taxable","16":"shipping-taxable","17":"purchasable","18":"product-type-simple"},"_links":{"self":[{"href":"https:\/\/bigbuy.tupique.com\/es\/wp-json\/wp\/v2\/product\/15000","targetHints":{"allow":["GET"]}}],"collection":[{"href":"https:\/\/bigbuy.tupique.com\/es\/wp-json\/wp\/v2\/product"}],"about":[{"href":"https:\/\/bigbuy.tupique.com\/es\/wp-json\/wp\/v2\/types\/product"}],"replies":[{"embeddable":true,"href":"https:\/\/bigbuy.tupique.com\/es\/wp-json\/wp\/v2\/comments?post=15000"}],"wp:featuredmedia":[{"embeddable":true,"href":"https:\/\/bigbuy.tupique.com\/es\/wp-json\/wp\/v2\/media\/177852"}],"wp:attachment":[{"href":"https:\/\/bigbuy.tupique.com\/es\/wp-json\/wp\/v2\/media?parent=15000"}],"wp:term":[{"taxonomy":"product_brand","embeddable":true,"href":"https:\/\/bigbuy.tupique.com\/es\/wp-json\/wp\/v2\/product_brand?post=15000"},{"taxonomy":"product_cat","embeddable":true,"href":"https:\/\/bigbuy.tupique.com\/es\/wp-json\/wp\/v2\/product_cat?post=15000"},{"taxonomy":"product_tag","embeddable":true,"href":"https:\/\/bigbuy.tupique.com\/es\/wp-json\/wp\/v2\/product_tag?post=15000"}],"curies":[{"name":"wp","href":"https:\/\/api.w.org\/{rel}","templated":true}]}}