{"id":14969,"date":"2026-03-29T12:25:54","date_gmt":"2026-03-29T11:25:54","guid":{"rendered":"https:\/\/bigbuy.tupique.com\/produto\/uninterruptible-power-supply-system-interactive-ups-apc-smt2200rmi2unc-1980w\/"},"modified":"2026-04-15T00:12:23","modified_gmt":"2026-04-14T23:12:23","slug":"uninterruptible-power-supply-system-interactive-ups-apc-smt2200rmi2unc-1980w","status":"publish","type":"product","link":"https:\/\/bigbuy.tupique.com\/es\/produto\/uninterruptible-power-supply-system-interactive-ups-apc-smt2200rmi2unc-1980w\/","title":{"rendered":"Syst\u00e8me d&#8217;Alimentation Sans Interruption Interactif APC SMT2200RMI2UNC 1980W"},"content":{"rendered":"<p>Si vous \u00eates passionn\u00e9 d&#8217;<b>informatique et d&#8217;\u00e9lectronique<\/b>, si vous \u00eates \u00e0 la pointe de la technologie et qu&#8217;aucun d\u00e9tail ne vous \u00e9chappe, achetez <b>Syst\u00e8me d&#8217;Alimentation Sans Interruption Interactif APC SMT2200RMI2UNC 1980W<\/b> au meilleur prix.<\/p>\n<p>Le <b>SAI interactif<\/b> <b>APC Smart-UPS 2200VA<\/b> est une solution avanc\u00e9e pour la protection des \u00e9quipements critiques, con\u00e7ue pour r\u00e9pondre aux exigences des environnements professionnels tels que les centres de donn\u00e9es, serveurs et syst\u00e8mes IT sensibles. Ce mod\u00e8le de couleur <b>noire<\/b> int\u00e8gre une technologie interactive assurant une <b>r\u00e9gulation automatique de la tension (AVR)<\/b>, corrigeant efficacement les fluctuations \u00e9lectriques sans solliciter les batteries, ce qui maximise la disponibilit\u00e9 et prot\u00e8ge contre les surtensions, pics de courant et perturbations \u00e9lectriques. Il dispose d&#8217;une <b>capacit\u00e9 de d\u00e9marrage \u00e0 froid<\/b>, garantissant l&#8217;alimentation m\u00eame lors de coupures prolong\u00e9es, ainsi qu&#8217;une <b>alarme sonore et un indicateur de surcharge<\/b> qui signalent imm\u00e9diatement l&#8217;\u00e9tat du syst\u00e8me et tout incident de charge. Son <b>interface LCD intuitive<\/b> facilite la surveillance et la configuration locale de l\u2019onduleur avec des informations claires et une navigation simple, tandis que la <b>carte de gestion r\u00e9seau pr\u00e9install\u00e9e<\/b> permet un contr\u00f4le et une supervision \u00e0 distance depuis n&#8217;importe quel point via le r\u00e9seau, compl\u00e9t\u00e9e par des ports <b>USB 2.0<\/b> et de gestion s\u00e9rie pour une connectivit\u00e9 polyvalente. La <b>gestion intelligente et optimis\u00e9e de la batterie<\/b> prolonge sa dur\u00e9e de vie en adaptant la charge selon la temp\u00e9rature et informe de mani\u00e8re proactive sur la maintenance ou le remplacement \u00e0 effectuer. De plus, le syst\u00e8me int\u00e8gre des batteries rempla\u00e7ables \u00e0 chaud pour faciliter l\u2019entretien sans interruption de l\u2019alimentation, contribuant \u00e0 r\u00e9duire le temps moyen de r\u00e9paration (MTTR) dans les environnements \u00e0 haute disponibilit\u00e9. Il inclut des fonctions telles que <b>notification de batterie d\u00e9connect\u00e9e<\/b>, <b>autotests automatiques<\/b> et <b>alarmes sonores<\/b> pour garantir un niveau de s\u00e9curit\u00e9 maximal, conform\u00e9ment aux normes des agences de certification les plus reconnues. Cet onduleur offre, avec son mode \u00e9co haute efficacit\u00e9, une conception robuste pens\u00e9e pour un fonctionnement continu et fiable, compl\u00e9t\u00e9e par des <b>groupes de prises programmables<\/b> et des options avanc\u00e9es de personnalisation pour s\u2019adapter \u00e0 tout environnement professionnel. En r\u00e9sum\u00e9, l\u2019APC Smart-UPS 2200VA s\u2019impose comme une r\u00e9f\u00e9rence pour ceux qui recherchent une protection \u00e9lectrique fiable, une gestion avanc\u00e9e et une maintenance facilit\u00e9e dans les applications critiques.<\/p>\n<ul>\n<li>puissance:\n<ul>\n<li>2200 VA<\/li>\n<li>1980 W<\/li>\n<\/ul>\n<\/li>\n<li>Technologie:\n<ul>\n<li>LCD<\/li>\n<li>VRLA<\/li>\n<\/ul>\n<\/li>\n<li>Produit \u00e0 brancher: Oui<\/li>\n<li>Type de prise: Prise EU<\/li>\n<li>Unit\u00e9s: 2 Unit\u00e9s<\/li>\n<li>Temps de charge approx.: 5 heures<\/li>\n<li>Type:\n<ul>\n<li>Syst\u00e8me d&#8217;Alimentation Sans Interruption Interactif<\/li>\n<li>Tour<\/li>\n<\/ul>\n<\/li>\n<li>Bloc d\u2019Alimentation: r\u00e9seau \u00e9lectrique<\/li>\n<li>Couleur: Noir<\/li>\n<li>Largeur: 480 mm<\/li>\n<li>Connexions:\n<ul>\n<li>USB 2.0<\/li>\n<li>AC x 9<\/li>\n<li>C20 coupler<\/li>\n<li>RJ45<\/li>\n<\/ul>\n<\/li>\n<li>Fr\u00e9quence: 50\/60 Hz<\/li>\n<li>Tension de sortie:\n<ul>\n<li>230 V<\/li>\n<li>240 V<\/li>\n<\/ul>\n<\/li>\n<li>Niveau sonore: 55 dB<\/li>\n<li>Caract\u00e9ristiques:\n<ul>\n<li>Alarme<\/li>\n<li>Interactif<\/li>\n<li>D\u00e9marrage \u00e0 froid<\/li>\n<li>Indicateur de surcharge<\/li>\n<li>T\u00e9moin de fonctionnement LED<\/li>\n<\/ul>\n<\/li>\n<li>Fonctions: Hot Swap<\/li>\n<li>Ann\u00e9e: 2016<\/li>\n<li>Tension: 220 V<\/li>\n<li>Certificat: RoHS<\/li>\n<li>Poids: 0,12 kg<\/li>\n<\/ul>","protected":false},"excerpt":{"rendered":"<p><span class=\"unit-info\">1532.4950 &euro; \/ 1 unit<\/span><\/p>","protected":false},"featured_media":14966,"comment_status":"open","ping_status":"closed","template":"","meta":[],"product_brand":[649],"product_cat":[65,581,603],"product_tag":[106],"class_list":{"0":"post-14969","1":"product","2":"type-product","3":"status-publish","4":"has-post-thumbnail","6":"product_brand-brandp_532","7":"product_cat-informatique-electronique","8":"product_cat-informatique-peripheriques-et-consommables","9":"product_cat-ups","10":"product_tag-tag_1295","12":"first","13":"instock","14":"taxable","15":"shipping-taxable","16":"purchasable","17":"product-type-simple"},"_links":{"self":[{"href":"https:\/\/bigbuy.tupique.com\/es\/wp-json\/wp\/v2\/product\/14969","targetHints":{"allow":["GET"]}}],"collection":[{"href":"https:\/\/bigbuy.tupique.com\/es\/wp-json\/wp\/v2\/product"}],"about":[{"href":"https:\/\/bigbuy.tupique.com\/es\/wp-json\/wp\/v2\/types\/product"}],"replies":[{"embeddable":true,"href":"https:\/\/bigbuy.tupique.com\/es\/wp-json\/wp\/v2\/comments?post=14969"}],"wp:featuredmedia":[{"embeddable":true,"href":"https:\/\/bigbuy.tupique.com\/es\/wp-json\/wp\/v2\/media\/14966"}],"wp:attachment":[{"href":"https:\/\/bigbuy.tupique.com\/es\/wp-json\/wp\/v2\/media?parent=14969"}],"wp:term":[{"taxonomy":"product_brand","embeddable":true,"href":"https:\/\/bigbuy.tupique.com\/es\/wp-json\/wp\/v2\/product_brand?post=14969"},{"taxonomy":"product_cat","embeddable":true,"href":"https:\/\/bigbuy.tupique.com\/es\/wp-json\/wp\/v2\/product_cat?post=14969"},{"taxonomy":"product_tag","embeddable":true,"href":"https:\/\/bigbuy.tupique.com\/es\/wp-json\/wp\/v2\/product_tag?post=14969"}],"curies":[{"name":"wp","href":"https:\/\/api.w.org\/{rel}","templated":true}]}}