{"id":14951,"date":"2026-03-29T12:25:31","date_gmt":"2026-03-29T11:25:31","guid":{"rendered":"https:\/\/bigbuy.tupique.com\/produto\/projector-acer-mr-jqf11-001\/"},"modified":"2026-04-15T00:12:21","modified_gmt":"2026-04-14T23:12:21","slug":"projector-acer-mr-jqf11-001","status":"publish","type":"product","link":"https:\/\/bigbuy.tupique.com\/es\/produto\/projector-acer-mr-jqf11-001\/","title":{"rendered":"Projecteur Acer MR.JQF11.001"},"content":{"rendered":"<p>Si vous \u00eates passionn\u00e9 d&#8217;<b>informatique et d&#8217;\u00e9lectronique<\/b>, si vous \u00eates \u00e0 la pointe de la technologie et qu&#8217;aucun d\u00e9tail ne vous \u00e9chappe, achetez <b>Projecteur Acer MR.JQF11.001<\/b> au meilleur prix.<\/p>\n<ul>\n<li>Bloc d\u2019Alimentation:\n<ul>\n<li>r\u00e9seau \u00e9lectrique<\/li>\n<li>CC<\/li>\n<\/ul>\n<\/li>\n<li>Produit \u00e0 brancher: Oui<\/li>\n<li>Type:\n<ul>\n<li>Projecteur<\/li>\n<li>De toit<\/li>\n<\/ul>\n<\/li>\n<li>Type de prise: Prise EU<\/li>\n<li>R\u00e9solution: XGA<\/li>\n<li>Technologie: DLP<\/li>\n<li>Couleur: Blanc<\/li>\n<li>Connexions:\n<ul>\n<li>2<\/li>\n<li>HDMI<\/li>\n<li>VGA x 2<\/li>\n<li>PC Audio-in x 1<\/li>\n<\/ul>\n<\/li>\n<li>Mati\u00e8re: Plastique<\/li>\n<li>Caract\u00e9ristiques:\n<ul>\n<li>Guide d&#8217;installation inclus<\/li>\n<li>T\u00e9moin de fonctionnement LED<\/li>\n<li>Haut-parleurs int\u00e9gr\u00e9s<\/li>\n<\/ul>\n<\/li>\n<li>Rapport d&#8217;aspect: 4:3<\/li>\n<li>Format: 4:3<\/li>\n<li>Ann\u00e9e: 2018<\/li>\n<li>Langue: Anglais<\/li>\n<li>Tension:\n<ul>\n<li>230 V<\/li>\n<li>120 &#8211; 230 V<\/li>\n<\/ul>\n<\/li>\n<li>Piles incluses: Oui<\/li>\n<li>Sortie audio: Oui<\/li>\n<li>Compatible: Windows<\/li>\n<li>Inclut: T\u00e9l\u00e9commande<\/li>\n<li>puissance: 220 W<\/li>\n<li>R\u00e9cepteur: NTSC,PAL,SECAM<\/li>\n<li>Niveau sonore: 32 dB<\/li>\n<li>Fonctionne \u00e0 piles: 1 Litio Ion, incluidas<\/li>\n<li>\u00c9cran integr\u00e9: Non<\/li>\n<li>Rapport de contraste: 20000:1<\/li>\n<li>R\u00e9solution (px): 1024 x 768 px<\/li>\n<\/ul>","protected":false},"excerpt":{"rendered":"<p>Si vous \u00eates passionn\u00e9 d&#8217;informatique et d&#8217;\u00e9lectronique, si vous \u00eates \u00e0 la pointe de la technologie et qu&#8217;aucun d\u00e9tail ne vous \u00e9chappe, achetez Projecteur Acer MR.JQF11.001 au meilleur prix. Bloc d\u2019Alimentation: r\u00e9seau \u00e9lectrique CC Produit \u00e0 brancher: Oui Type: Projecteur De toit Type de prise: Prise EU R\u00e9solution: XGA Technologie: DLP Couleur: Blanc Connexions: 2 [&hellip;]<\/p>\n","protected":false},"featured_media":14948,"comment_status":"open","ping_status":"closed","template":"","meta":[],"product_brand":[653],"product_cat":[65,581,583],"product_tag":[],"class_list":{"0":"post-14951","1":"product","2":"type-product","3":"status-publish","4":"has-post-thumbnail","6":"product_brand-brandp_529","7":"product_cat-informatique-electronique","8":"product_cat-informatique-peripheriques-et-consommables","9":"product_cat-projecteurs","11":"first","12":"instock","13":"taxable","14":"shipping-taxable","15":"purchasable","16":"product-type-simple"},"_links":{"self":[{"href":"https:\/\/bigbuy.tupique.com\/es\/wp-json\/wp\/v2\/product\/14951","targetHints":{"allow":["GET"]}}],"collection":[{"href":"https:\/\/bigbuy.tupique.com\/es\/wp-json\/wp\/v2\/product"}],"about":[{"href":"https:\/\/bigbuy.tupique.com\/es\/wp-json\/wp\/v2\/types\/product"}],"replies":[{"embeddable":true,"href":"https:\/\/bigbuy.tupique.com\/es\/wp-json\/wp\/v2\/comments?post=14951"}],"wp:featuredmedia":[{"embeddable":true,"href":"https:\/\/bigbuy.tupique.com\/es\/wp-json\/wp\/v2\/media\/14948"}],"wp:attachment":[{"href":"https:\/\/bigbuy.tupique.com\/es\/wp-json\/wp\/v2\/media?parent=14951"}],"wp:term":[{"taxonomy":"product_brand","embeddable":true,"href":"https:\/\/bigbuy.tupique.com\/es\/wp-json\/wp\/v2\/product_brand?post=14951"},{"taxonomy":"product_cat","embeddable":true,"href":"https:\/\/bigbuy.tupique.com\/es\/wp-json\/wp\/v2\/product_cat?post=14951"},{"taxonomy":"product_tag","embeddable":true,"href":"https:\/\/bigbuy.tupique.com\/es\/wp-json\/wp\/v2\/product_tag?post=14951"}],"curies":[{"name":"wp","href":"https:\/\/api.w.org\/{rel}","templated":true}]}}