{"id":14901,"date":"2026-03-29T12:24:21","date_gmt":"2026-03-29T11:24:21","guid":{"rendered":"https:\/\/bigbuy.tupique.com\/produto\/monitor-philips-276b1jh-00-lcd-27-ips-lcd-flicker-free-50-60-hz-75-hz-50-60-hz-27\/"},"modified":"2026-04-15T17:38:23","modified_gmt":"2026-04-15T16:38:23","slug":"monitor-philips-276b1jh-00-lcd-27-ips-lcd-flicker-free-50-60-hz-75-hz-50-60-hz-27","status":"publish","type":"product","link":"https:\/\/bigbuy.tupique.com\/es\/produto\/monitor-philips-276b1jh-00-lcd-27-ips-lcd-flicker-free-50-60-hz-75-hz-50-60-hz-27\/","title":{"rendered":"\u00c9cran Philips 276B1JH\/00 LCD 27&#8243; IPS LCD Flicker free 50 &#8211; 60 Hz 75 Hz 50-60  Hz 27&#8243;"},"content":{"rendered":"<p>Si vous \u00eates passionn\u00e9 d&#8217;<b>informatique et d&#8217;\u00e9lectronique<\/b>, si vous \u00eates \u00e0 la pointe de la technologie et qu&#8217;aucun d\u00e9tail ne vous \u00e9chappe, achetez <b>\u00c9cran Philips 276B1JH\/00 LCD 27&#8243; IPS LCD Flicker free 50 &#8211; 60 Hz 75 Hz 50-60  Hz 27&#8243;<\/b> au meilleur prix.<\/p>\n<p>Le <b>moniteur 27&#8243; Philips 276B1JH\/00<\/b> est un \u00e9cran con\u00e7u pour offrir une exp\u00e9rience visuelle confortable et de haute qualit\u00e9 gr\u00e2ce \u00e0 sa technologie avanc\u00e9e. Avec un <b>\u00e9cran de 27 pouces<\/b> et un <b>format 16:9<\/b>, il offre un espace large et \u00e9quilibr\u00e9 pour travailler ou profiter de contenus multim\u00e9dias. Cet \u00e9cran utilise une dalle <b>IPS (In-Plane Switching)<\/b>, garantissant des couleurs pr\u00e9cises et de larges angles de vision, id\u00e9aux pour les t\u00e2ches n\u00e9cessitant une fid\u00e9lit\u00e9 colorim\u00e9trique et une visualisation constante sous diff\u00e9rents angles sans d\u00e9formation des couleurs. Il associe cette technologie \u00e0 un <b>r\u00e9tro\u00e9clairage LED<\/b> efficace et une dalle <b>LCD<\/b> offrant une luminosit\u00e9 adapt\u00e9e et une image nette. De plus, il int\u00e8gre la technologie <b>Flicker Free<\/b> qui r\u00e9duit le scintillement de l\u2019\u00e9cran pour minimiser la fatigue oculaire lors d\u2019une utilisation prolong\u00e9e. Son design en <b>noir<\/b> est sobre et professionnel, adapt\u00e9 aux espaces de travail ou d\u2019\u00e9tude. C\u00f4t\u00e9 ergonomie, il est \u00e9quip\u00e9 d\u2019un support r\u00e9glable en hauteur, avec fonctions d\u2019inclinaison et de rotation (pivot), facilitant l\u2019adaptation de l\u2019\u00e9cran \u00e0 la posture de l\u2019utilisateur pour un meilleur confort visuel et une bonne sant\u00e9 posturale. En connectivit\u00e9, il dispose d\u2019un port <b>HDMI<\/b> pour une connexion facile avec divers appareils modernes. Sa r\u00e9solution optimale de <b>2560 pixels en horizontal<\/b> assure des images nettes et d\u00e9taill\u00e9es, adapt\u00e9es \u00e0 la retouche, au design, \u00e0 la programmation ou au multit\u00e2che. Il ne poss\u00e8de pas d\u2019\u00e9cran tactile, il est donc pr\u00e9vu pour des environnements classiques privil\u00e9giant des p\u00e9riph\u00e9riques externes pour l\u2019interaction. En r\u00e9sum\u00e9, le <b>Philips 276B1JH\/00<\/b> est un moniteur 27 pouces aux caract\u00e9ristiques techniques \u00e9quilibr\u00e9es, offrant une bonne qualit\u00e9 d\u2019image et une ergonomie avanc\u00e9e pour les utilisateurs recherchant polyvalence et confort dans leur \u00e9quipement d\u2019affichage.<\/p>\n<ul>\n<li>Type:\n<ul>\n<li>\u00c9cran<\/li>\n<li>Axe<\/li>\n<\/ul>\n<\/li>\n<li>Couleur: Noir<\/li>\n<li>Compatible: VESA<\/li>\n<li>Classification \u00e9nerg\u00e9tique: E<\/li>\n<li>Produit \u00e0 brancher: Oui<\/li>\n<li>Diagonale de l&#8217;\u00e9cran (cm): 68,6 cm<\/li>\n<li>R\u00e9solution (px): 2560 x 1440 px<\/li>\n<li>Type de prise: Prise EU<\/li>\n<li>Connexions:\n<ul>\n<li>Ethernet LAN<\/li>\n<li>DisplayPort 1.4<\/li>\n<li>HDMI<\/li>\n<li>DisplayPort<\/li>\n<li>USB 3.2<\/li>\n<li>HDMI 1.4<\/li>\n<li>USB<\/li>\n<li>USB-C<\/li>\n<li>HDCP<\/li>\n<li>USB A x 4<\/li>\n<li>DisplayPort x 1<\/li>\n<li>USB 2.0 x 2<\/li>\n<li>USB x 3<\/li>\n<\/ul>\n<\/li>\n<li>Technologie:\n<ul>\n<li>LCD<\/li>\n<li>IPS<\/li>\n<li>LED<\/li>\n<li>Flicker free<\/li>\n<\/ul>\n<\/li>\n<li>Ecran: 27&#8243;<\/li>\n<li>Bloc d\u2019Alimentation:\n<ul>\n<li>r\u00e9seau \u00e9lectrique<\/li>\n<li>CC<\/li>\n<\/ul>\n<\/li>\n<li>Temps de r\u00e9ponse: 4 ms<\/li>\n<li>VESA: 10 x 10 cm<\/li>\n<li>Brille:\n<ul>\n<li>350 cd\/m\u00b2<\/li>\n<li>350 lm ANSI<\/li>\n<\/ul>\n<\/li>\n<li>Tension:\n<ul>\n<li>100-240 V<\/li>\n<li>220 V<\/li>\n<li>100 &#8211; 240 V<\/li>\n<\/ul>\n<\/li>\n<li>R\u00e9solution: Quad HD<\/li>\n<li>Rapport d&#8217;aspect: 16:9<\/li>\n<li>Fr\u00e9quence:\n<ul>\n<li>50 &#8211; 60 Hz<\/li>\n<li>75 Hz<\/li>\n<\/ul>\n<\/li>\n<li>Caract\u00e9ristiques:\n<ul>\n<li>R\u00e9glable<\/li>\n<li>Inclinable<\/li>\n<li>Avec stand<\/li>\n<li>Inclinaison r\u00e9glable<\/li>\n<li>Plug &amp; Play<\/li>\n<li>Capteur de lumi\u00e8re<\/li>\n<li>Haut-parleurs int\u00e9gr\u00e9s<\/li>\n<li>\u00c9cran plat<\/li>\n<\/ul>\n<\/li>\n<li>puissance: 100 W<\/li>\n<li>Rapport de contraste: 1000:1<\/li>\n<li>Tension de sortie: 19 V<\/li>\n<li>Finition: Mat<\/li>\n<li>Ports: Sortie audio<\/li>\n<li>Inclinaison: -90 \/ 90\u00b0<\/li>\n<li>Connectivit\u00e9: Ethernet LAN<\/li>\n<li>Syst\u00e8me d&#8217;exploitation: Windows 10 Pro<\/li>\n<li>Fr\u00e9quence d&#8217;entr\u00e9e AC: 50-60 Hz<\/li>\n<li>Ecran tactile: Non<\/li>\n<li>Emballage respectueux de l\u2019environnement: 100 % recyclable<\/li>\n<li>Angle: 178\u00ba<\/li>\n<li>Pr\u00e9cision (humidit\u00e9 relative): 20 % &#8211; 80 %<\/li>\n<li>Connecteurs: Kensington<\/li>\n<li>Non Inclus: AMD FreeSync<\/li>\n<li>Montage: VESA<\/li>\n<li>Inclut: Manuel de l&#8217;utilisateur<\/li>\n<li>Rotation: -180\u00ba \/ 180\u00ba<\/li>\n<li>Densit\u00e9 des pixels (dpi): 109 dpi<\/li>\n<\/ul>","protected":false},"excerpt":{"rendered":"<p>Si vous \u00eates passionn\u00e9 d&#8217;informatique et d&#8217;\u00e9lectronique, si vous \u00eates \u00e0 la pointe de la technologie et qu&#8217;aucun d\u00e9tail ne vous \u00e9chappe, achetez \u00c9cran Philips 276B1JH\/00 LCD 27&#8243; IPS LCD Flicker free 50 &#8211; 60 Hz 75 Hz 50-60 Hz 27&#8243; au meilleur prix. Le moniteur 27&#8243; Philips 276B1JH\/00 est un \u00e9cran con\u00e7u pour offrir [&hellip;]<\/p>\n","protected":false},"featured_media":14894,"comment_status":"open","ping_status":"closed","template":"","meta":[],"product_brand":[315],"product_cat":[65,581,616],"product_tag":[213,106],"class_list":{"0":"post-14901","1":"product","2":"type-product","3":"status-publish","4":"has-post-thumbnail","6":"product_brand-brandp_571","7":"product_cat-informatique-electronique","8":"product_cat-informatique-peripheriques-et-consommables","9":"product_cat-moniteurs","10":"product_tag-tag_933","11":"product_tag-tag_1295","13":"first","14":"instock","15":"taxable","16":"shipping-taxable","17":"purchasable","18":"product-type-simple"},"_links":{"self":[{"href":"https:\/\/bigbuy.tupique.com\/es\/wp-json\/wp\/v2\/product\/14901","targetHints":{"allow":["GET"]}}],"collection":[{"href":"https:\/\/bigbuy.tupique.com\/es\/wp-json\/wp\/v2\/product"}],"about":[{"href":"https:\/\/bigbuy.tupique.com\/es\/wp-json\/wp\/v2\/types\/product"}],"replies":[{"embeddable":true,"href":"https:\/\/bigbuy.tupique.com\/es\/wp-json\/wp\/v2\/comments?post=14901"}],"wp:featuredmedia":[{"embeddable":true,"href":"https:\/\/bigbuy.tupique.com\/es\/wp-json\/wp\/v2\/media\/14894"}],"wp:attachment":[{"href":"https:\/\/bigbuy.tupique.com\/es\/wp-json\/wp\/v2\/media?parent=14901"}],"wp:term":[{"taxonomy":"product_brand","embeddable":true,"href":"https:\/\/bigbuy.tupique.com\/es\/wp-json\/wp\/v2\/product_brand?post=14901"},{"taxonomy":"product_cat","embeddable":true,"href":"https:\/\/bigbuy.tupique.com\/es\/wp-json\/wp\/v2\/product_cat?post=14901"},{"taxonomy":"product_tag","embeddable":true,"href":"https:\/\/bigbuy.tupique.com\/es\/wp-json\/wp\/v2\/product_tag?post=14901"}],"curies":[{"name":"wp","href":"https:\/\/api.w.org\/{rel}","templated":true}]}}