{"id":14855,"date":"2026-03-29T12:23:22","date_gmt":"2026-03-29T11:23:22","guid":{"rendered":"https:\/\/bigbuy.tupique.com\/produto\/switch-netgear-ms510txup-100eus-blue\/"},"modified":"2026-04-15T00:12:07","modified_gmt":"2026-04-14T23:12:07","slug":"switch-netgear-ms510txup-100eus-blue","status":"publish","type":"product","link":"https:\/\/bigbuy.tupique.com\/es\/produto\/switch-netgear-ms510txup-100eus-blue\/","title":{"rendered":"Switch Netgear MS510TXUP-100EUS Bleu"},"content":{"rendered":"<p>Si vous \u00eates passionn\u00e9 d&#8217;<b>informatique et d&#8217;\u00e9lectronique<\/b>, si vous \u00eates \u00e0 la pointe de la technologie et qu&#8217;aucun d\u00e9tail ne vous \u00e9chappe, achetez <b>Switch Netgear MS510TXUP-100EUS Bleu<\/b> au meilleur prix.<\/p>\n<ul>\n<li>Couleur:\n<ul>\n<li>Bleu<\/li>\n<li>Gris<\/li>\n<\/ul>\n<\/li>\n<li>Connexions:\n<ul>\n<li>RJ45<\/li>\n<li>8<\/li>\n<li>PoE x 1<\/li>\n<li>rj45 x 8<\/li>\n<\/ul>\n<\/li>\n<li>Produit \u00e0 brancher: Oui<\/li>\n<li>Classification IP: IP20<\/li>\n<li>Type de prise: Prise EU<\/li>\n<li>Ports:\n<ul>\n<li>8<\/li>\n<li>10<\/li>\n<\/ul>\n<\/li>\n<li>Type: Switch<\/li>\n<li>Bloc d\u2019Alimentation:\n<ul>\n<li>r\u00e9seau \u00e9lectrique<\/li>\n<li>Incluses<\/li>\n<\/ul>\n<\/li>\n<li>Ventillateur: 3<\/li>\n<li>Niveau sonore: 33 dB<\/li>\n<li>M\u00e9moire Flash: 64 MB<\/li>\n<li>Poids: 2,5 kg<\/li>\n<li>M\u00e9moire interne: 256 MB<\/li>\n<li>Support: Multisupport<\/li>\n<li>Tension: 220 V<\/li>\n<li>Poids approx.: 2,5 kg<\/li>\n<li>Largeur: 33 cm<\/li>\n<li>puissance: 60 W<\/li>\n<li>Temp\u00e9rature approximative: &#8211; 20\u00baC \/ 70\u00b0C<\/li>\n<li>S\u00e9curit\u00e9: IGMP<\/li>\n<\/ul>","protected":false},"excerpt":{"rendered":"<p>Si vous \u00eates passionn\u00e9 d&#8217;informatique et d&#8217;\u00e9lectronique, si vous \u00eates \u00e0 la pointe de la technologie et qu&#8217;aucun d\u00e9tail ne vous \u00e9chappe, achetez Switch Netgear MS510TXUP-100EUS Bleu au meilleur prix. Couleur: Bleu Gris Connexions: RJ45 8 PoE x 1 rj45 x 8 Produit \u00e0 brancher: Oui Classification IP: IP20 Type de prise: Prise EU Ports: [&hellip;]<\/p>\n","protected":false},"featured_media":14852,"comment_status":"open","ping_status":"closed","template":"","meta":[],"product_brand":[633],"product_cat":[65,584,585],"product_tag":[106],"class_list":{"0":"post-14855","1":"product","2":"type-product","3":"status-publish","4":"has-post-thumbnail","6":"product_brand-brandp_567","7":"product_cat-informatique-electronique","8":"product_cat-informatique-reseaux-et-composants","9":"product_cat-switch","10":"product_tag-tag_1295","12":"first","13":"instock","14":"taxable","15":"shipping-taxable","16":"purchasable","17":"product-type-simple"},"_links":{"self":[{"href":"https:\/\/bigbuy.tupique.com\/es\/wp-json\/wp\/v2\/product\/14855","targetHints":{"allow":["GET"]}}],"collection":[{"href":"https:\/\/bigbuy.tupique.com\/es\/wp-json\/wp\/v2\/product"}],"about":[{"href":"https:\/\/bigbuy.tupique.com\/es\/wp-json\/wp\/v2\/types\/product"}],"replies":[{"embeddable":true,"href":"https:\/\/bigbuy.tupique.com\/es\/wp-json\/wp\/v2\/comments?post=14855"}],"wp:featuredmedia":[{"embeddable":true,"href":"https:\/\/bigbuy.tupique.com\/es\/wp-json\/wp\/v2\/media\/14852"}],"wp:attachment":[{"href":"https:\/\/bigbuy.tupique.com\/es\/wp-json\/wp\/v2\/media?parent=14855"}],"wp:term":[{"taxonomy":"product_brand","embeddable":true,"href":"https:\/\/bigbuy.tupique.com\/es\/wp-json\/wp\/v2\/product_brand?post=14855"},{"taxonomy":"product_cat","embeddable":true,"href":"https:\/\/bigbuy.tupique.com\/es\/wp-json\/wp\/v2\/product_cat?post=14855"},{"taxonomy":"product_tag","embeddable":true,"href":"https:\/\/bigbuy.tupique.com\/es\/wp-json\/wp\/v2\/product_tag?post=14855"}],"curies":[{"name":"wp","href":"https:\/\/api.w.org\/{rel}","templated":true}]}}