{"id":148418,"date":"2026-04-08T18:05:53","date_gmt":"2026-04-08T17:05:53","guid":{"rendered":"https:\/\/bigbuy.tupique.com\/produto\/hard-drive-samsung-990-pro-1-tb-ssd\/"},"modified":"2026-04-15T21:38:35","modified_gmt":"2026-04-15T20:38:35","slug":"hard-drive-samsung-990-pro-1-tb-ssd","status":"publish","type":"product","link":"https:\/\/bigbuy.tupique.com\/es\/produto\/hard-drive-samsung-990-pro-1-tb-ssd\/","title":{"rendered":"Disque dur Samsung 990 PRO 1 TB SSD"},"content":{"rendered":"<p>Si vous \u00eates passionn\u00e9 d&#8217;<b>informatique et d&#8217;\u00e9lectronique<\/b>, si vous \u00eates \u00e0 la pointe de la technologie et qu&#8217;aucun d\u00e9tail ne vous \u00e9chappe, achetez <b>Disque dur Samsung 990 PRO 1 TB SSD<\/b> au meilleur prix.<\/p>\n<p>Le <b>Samsung 990 PRO<\/b> est un <b>disque dur SSD<\/b> haute performance con\u00e7u pour les utilisateurs exigeant vitesse et fiabilit\u00e9 sur des syst\u00e8mes avanc\u00e9s. Ce mod\u00e8le offre une <b>capacit\u00e9 de 1 To<\/b>, id\u00e9ale pour stocker de gros volumes de donn\u00e9es et des applications lourdes, et utilise un format <b>M.2 2280<\/b> garantissant la compatibilit\u00e9 avec la plupart des cartes m\u00e8res modernes d\u00e9di\u00e9es au gaming, \u00e0 l\u2019\u00e9dition et aux stations de travail. Gr\u00e2ce \u00e0 sa connexion <b>PCI Express 4.0<\/b>, le 990 PRO b\u00e9n\u00e9ficie d\u2019une bande passante \u00e9lev\u00e9e qui se traduit par des vitesses de transfert nettement sup\u00e9rieures aux g\u00e9n\u00e9rations pr\u00e9c\u00e9dentes, optimal pour g\u00e9rer des fichiers volumineux et des processus n\u00e9cessitant un acc\u00e8s rapide au disque. Il int\u00e8gre \u00e9galement la technologie <b>NVMe 2.0<\/b>, qui r\u00e9duit la latence et maximise l\u2019efficacit\u00e9 du contr\u00f4leur pour une exp\u00e9rience utilisateur fluide et r\u00e9active. Son design <b>noir<\/b> se distingue par un aspect sobre et professionnel, tandis que son chiffrement interne <b>AES 256 bits<\/b> ajoute une couche essentielle de s\u00e9curit\u00e9 pour prot\u00e9ger les donn\u00e9es sensibles contre les acc\u00e8s non autoris\u00e9s. Avec une largeur compacte et standard de <b>22 mm<\/b>, le Samsung 990 PRO s\u2019installe facilement dans les \u00e9quipements compatibles, offrant une solution avanc\u00e9e pour ceux qui souhaitent mettre \u00e0 jour leur syst\u00e8me avec une technologie de pointe sans sacrifier l\u2019espace ni le design. Ce SSD incarne l\u2019engagement de Samsung en mati\u00e8re de vitesse, s\u00e9curit\u00e9 et efficacit\u00e9 de stockage, constituant un choix cl\u00e9 pour les professionnels et passionn\u00e9s cherchant \u00e0 maximiser les performances de leurs appareils informatiques.<\/p>\n<ul>\n<li>Type:\n<ul>\n<li>Interne<\/li>\n<li>SSD<\/li>\n<li>V-NAND MLC<\/li>\n<\/ul>\n<\/li>\n<li>Caract\u00e9ristiques: Temp\u00e9rature<\/li>\n<li>Disque dur:\n<ul>\n<li>1 TB SSD<\/li>\n<li>1000 GB<\/li>\n<\/ul>\n<\/li>\n<li>Taille: 2,5&#8243;<\/li>\n<li>vitesse:\n<ul>\n<li>7450 MB\/s<\/li>\n<li>6900 MB\/s<\/li>\n<\/ul>\n<\/li>\n<li>Dimensions approx.:\n<ul>\n<li>8 x 2,2 x 0,22 cm<\/li>\n<li>80 mm<\/li>\n<li>22 mm<\/li>\n<\/ul>\n<\/li>\n<li>Utilisation recommand\u00e9e: PC de bureau<\/li>\n<li>Poids approx.: 9 g<\/li>\n<li>Largeur:\n<ul>\n<li>8 cm<\/li>\n<li>80 mm<\/li>\n<li>22 mm<\/li>\n<\/ul>\n<\/li>\n<li>Type de m\u00e9moire: V-NAND MLC<\/li>\n<li>Connexions:\n<ul>\n<li>PCIe<\/li>\n<li>M.2 2280<\/li>\n<li>PCIe 4.0<\/li>\n<li>M.2<\/li>\n<li>PCI Express 4.0<\/li>\n<\/ul>\n<\/li>\n<li>\u00c9lev\u00e9: 2.2 cm<\/li>\n<li>Couleur: Noir<\/li>\n<li>Compatible:\n<ul>\n<li>SSD NVMe<\/li>\n<li>PC<\/li>\n<\/ul>\n<\/li>\n<li>S\u00e9curit\u00e9: AES 256-bits<\/li>\n<li>Plage de temp\u00e9ratures de travail: 0\u00ba \/ 70\u00ba<\/li>\n<li>Tension: 3,3 V<\/li>\n<li>Type de stockage: SSD<\/li>\n<\/ul>","protected":false},"excerpt":{"rendered":"<p>Si vous \u00eates passionn\u00e9 d&#8217;informatique et d&#8217;\u00e9lectronique, si vous \u00eates \u00e0 la pointe de la technologie et qu&#8217;aucun d\u00e9tail ne vous \u00e9chappe, achetez Disque dur Samsung 990 PRO 1 TB SSD au meilleur prix. Le Samsung 990 PRO est un disque dur SSD haute performance con\u00e7u pour les utilisateurs exigeant vitesse et fiabilit\u00e9 sur des [&hellip;]<\/p>\n","protected":false},"featured_media":148374,"comment_status":"open","ping_status":"closed","template":"","meta":[],"product_brand":[183],"product_cat":[588,65,584],"product_tag":[106],"class_list":{"0":"post-148418","1":"product","2":"type-product","3":"status-publish","4":"has-post-thumbnail","6":"product_brand-brandp_576","7":"product_cat-disques-durs","8":"product_cat-informatique-electronique","9":"product_cat-informatique-reseaux-et-composants","10":"product_tag-tag_1295","12":"first","13":"instock","14":"taxable","15":"shipping-taxable","16":"purchasable","17":"product-type-simple"},"_links":{"self":[{"href":"https:\/\/bigbuy.tupique.com\/es\/wp-json\/wp\/v2\/product\/148418","targetHints":{"allow":["GET"]}}],"collection":[{"href":"https:\/\/bigbuy.tupique.com\/es\/wp-json\/wp\/v2\/product"}],"about":[{"href":"https:\/\/bigbuy.tupique.com\/es\/wp-json\/wp\/v2\/types\/product"}],"replies":[{"embeddable":true,"href":"https:\/\/bigbuy.tupique.com\/es\/wp-json\/wp\/v2\/comments?post=148418"}],"wp:featuredmedia":[{"embeddable":true,"href":"https:\/\/bigbuy.tupique.com\/es\/wp-json\/wp\/v2\/media\/148374"}],"wp:attachment":[{"href":"https:\/\/bigbuy.tupique.com\/es\/wp-json\/wp\/v2\/media?parent=148418"}],"wp:term":[{"taxonomy":"product_brand","embeddable":true,"href":"https:\/\/bigbuy.tupique.com\/es\/wp-json\/wp\/v2\/product_brand?post=148418"},{"taxonomy":"product_cat","embeddable":true,"href":"https:\/\/bigbuy.tupique.com\/es\/wp-json\/wp\/v2\/product_cat?post=148418"},{"taxonomy":"product_tag","embeddable":true,"href":"https:\/\/bigbuy.tupique.com\/es\/wp-json\/wp\/v2\/product_tag?post=148418"}],"curies":[{"name":"wp","href":"https:\/\/api.w.org\/{rel}","templated":true}]}}