{"id":14827,"date":"2026-03-29T12:22:44","date_gmt":"2026-03-29T11:22:44","guid":{"rendered":"https:\/\/bigbuy.tupique.com\/produto\/access-point-fritz-box-wlan-4060-white\/"},"modified":"2026-04-15T14:54:09","modified_gmt":"2026-04-15T13:54:09","slug":"access-point-fritz-box-wlan-4060-white","status":"publish","type":"product","link":"https:\/\/bigbuy.tupique.com\/es\/produto\/access-point-fritz-box-wlan-4060-white\/","title":{"rendered":"Point d&#8217;Acc\u00e8s Fritz! Box WLAN 4060 Blanc"},"content":{"rendered":"<p>Si vous \u00eates passionn\u00e9 d&#8217;<b>informatique et d&#8217;\u00e9lectronique<\/b>, si vous \u00eates \u00e0 la pointe de la technologie et qu&#8217;aucun d\u00e9tail ne vous \u00e9chappe, achetez <b>Point d&#8217;Acc\u00e8s Fritz! Box WLAN 4060 Blanc<\/b> au meilleur prix.<\/p>\n<p>Le <b>point d\u2019acc\u00e8s<\/b> <b>FRITZ!Box 4060 Edition International<\/b> de la marque Fritz! est un appareil con\u00e7u pour offrir une connexion sans fil \u00e0 haute vitesse et grande stabilit\u00e9, id\u00e9al pour les environnements domestiques et professionnels en Espagne. Ce mod\u00e8le se distingue par sa technologie sans fil <b>Wi-Fi 6 (802.11ax) tribande<\/b>, fonctionnant simultan\u00e9ment sur les bandes <b>2,4 GHz et 5 GHz<\/b>, offrant une vitesse maximale combin\u00e9e allant jusqu\u2019\u00e0 <b>6 Gbps<\/b>. Gr\u00e2ce \u00e0 son architecture <b>4&#215;4 MU-MIMO<\/b> et son support pour le <b>Wi-Fi Mesh<\/b>, il garantit une couverture \u00e9tendue et des performances optimales m\u00eame avec plusieurs appareils connect\u00e9s simultan\u00e9ment. \u00c9quip\u00e9 d\u2019un port WAN haute capacit\u00e9 de <b>2,5 Gbps<\/b> pour une connexion Internet ultra-rapide, ainsi que de trois ports LAN Gigabit Ethernet permettant d\u2019int\u00e9grer des \u00e9quipements c\u00e2bl\u00e9s avec des vitesses maximales de <b>1 Gbps<\/b>. Son interface Ethernet prend en charge les normes de c\u00e2blage modernes <b>10\/100\/1000Base-T(X)<\/b> assurant compatibilit\u00e9 et transfert rapide des donn\u00e9es au sein du r\u00e9seau local. Il int\u00e8gre des fonctions avanc\u00e9es de s\u00e9curit\u00e9 telles que les algorithmes <b>WPA2 et WPA3<\/b> pour prot\u00e9ger le r\u00e9seau sans fil contre les acc\u00e8s non autoris\u00e9s. De plus, il dispose d\u2019une centrale VoIP int\u00e9gr\u00e9e avec base <b>DECT<\/b> facilitant la connexion des appareils de t\u00e9l\u00e9phonie et domotique, \u00e9largissant la polyvalence de l\u2019\u00e9quipement. Le syst\u00e8me NAS associ\u00e9 \u00e0 un port USB 3.0 offre une fonctionnalit\u00e9 de stockage en r\u00e9seau avec des vitesses de transfert \u00e9lev\u00e9es. Avec un design \u00e9l\u00e9gant en couleur <b>blanc<\/b>, un indicateur LED et un support pour la <b>connexion Bluetooth<\/b>, ce point d\u2019acc\u00e8s allie esth\u00e9tique et fonctionnalit\u00e9. Le FRITZ!Box 4060 est une solution compl\u00e8te pour ceux qui souhaitent renforcer leur r\u00e9seau sans fil avec une technologie avanc\u00e9e et une connectivit\u00e9 robuste, s\u2019adaptant aux besoins actuels des foyers et bureaux.<\/p>\n<ul>\n<li>Type:\n<ul>\n<li>Acc\u00e8s \u00e0 distance<\/li>\n<li>Point d&#8217;Acc\u00e8s<\/li>\n<\/ul>\n<\/li>\n<li>Produit \u00e0 brancher: Oui<\/li>\n<li>Type de prise: Prise EU<\/li>\n<li>Connectivit\u00e9:\n<ul>\n<li>Wi-Fi 6 GHz<\/li>\n<li>Wi-Fi<\/li>\n<li>LAN 10\/100\/1000Mbps<\/li>\n<li>Bluetooth<\/li>\n<\/ul>\n<\/li>\n<li>Caract\u00e9ristiques:\n<ul>\n<li>Sans fil<\/li>\n<li>T\u00e9moin LED<\/li>\n<\/ul>\n<\/li>\n<li>Bloc d\u2019Alimentation: r\u00e9seau \u00e9lectrique<\/li>\n<li>Couleur: Blanc<\/li>\n<li>Connexions:\n<ul>\n<li>Ethernet LAN<\/li>\n<li>3<\/li>\n<li>Sans fil<\/li>\n<\/ul>\n<\/li>\n<li>vitesse:\n<ul>\n<li>1000 Mbit\/s<\/li>\n<li>10 Gbit\/s<\/li>\n<\/ul>\n<\/li>\n<li>Inclut: C\u00e2ble Ethernet LAN<\/li>\n<li>Tension: 220 V<\/li>\n<li>Fr\u00e9quence:\n<ul>\n<li>5 GHz<\/li>\n<li>2,4 GHz<\/li>\n<\/ul>\n<\/li>\n<\/ul>","protected":false},"excerpt":{"rendered":"<p>Si vous \u00eates passionn\u00e9 d&#8217;informatique et d&#8217;\u00e9lectronique, si vous \u00eates \u00e0 la pointe de la technologie et qu&#8217;aucun d\u00e9tail ne vous \u00e9chappe, achetez Point d&#8217;Acc\u00e8s Fritz! Box WLAN 4060 Blanc au meilleur prix. Le point d\u2019acc\u00e8s FRITZ!Box 4060 Edition International de la marque Fritz! est un appareil con\u00e7u pour offrir une connexion sans fil \u00e0 [&hellip;]<\/p>\n","protected":false},"featured_media":14826,"comment_status":"open","ping_status":"closed","template":"","meta":[],"product_brand":[654],"product_cat":[65,584,591],"product_tag":[106],"class_list":{"0":"post-14827","1":"product","2":"type-product","3":"status-publish","4":"has-post-thumbnail","6":"product_brand-brandp_2453","7":"product_cat-informatique-electronique","8":"product_cat-informatique-reseaux-et-composants","9":"product_cat-points-d-acces","10":"product_tag-tag_1295","12":"first","13":"instock","14":"taxable","15":"shipping-taxable","16":"purchasable","17":"product-type-simple"},"_links":{"self":[{"href":"https:\/\/bigbuy.tupique.com\/es\/wp-json\/wp\/v2\/product\/14827","targetHints":{"allow":["GET"]}}],"collection":[{"href":"https:\/\/bigbuy.tupique.com\/es\/wp-json\/wp\/v2\/product"}],"about":[{"href":"https:\/\/bigbuy.tupique.com\/es\/wp-json\/wp\/v2\/types\/product"}],"replies":[{"embeddable":true,"href":"https:\/\/bigbuy.tupique.com\/es\/wp-json\/wp\/v2\/comments?post=14827"}],"wp:featuredmedia":[{"embeddable":true,"href":"https:\/\/bigbuy.tupique.com\/es\/wp-json\/wp\/v2\/media\/14826"}],"wp:attachment":[{"href":"https:\/\/bigbuy.tupique.com\/es\/wp-json\/wp\/v2\/media?parent=14827"}],"wp:term":[{"taxonomy":"product_brand","embeddable":true,"href":"https:\/\/bigbuy.tupique.com\/es\/wp-json\/wp\/v2\/product_brand?post=14827"},{"taxonomy":"product_cat","embeddable":true,"href":"https:\/\/bigbuy.tupique.com\/es\/wp-json\/wp\/v2\/product_cat?post=14827"},{"taxonomy":"product_tag","embeddable":true,"href":"https:\/\/bigbuy.tupique.com\/es\/wp-json\/wp\/v2\/product_tag?post=14827"}],"curies":[{"name":"wp","href":"https:\/\/api.w.org\/{rel}","templated":true}]}}