{"id":148062,"date":"2026-04-08T17:33:36","date_gmt":"2026-04-08T16:33:36","guid":{"rendered":"https:\/\/bigbuy.tupique.com\/produto\/tablet-samsung-galaxy-tab-s10-fe-109-x520b-109-octa-core-8-gb-ram-128-gb-grey\/"},"modified":"2026-05-11T19:55:36","modified_gmt":"2026-05-11T17:55:36","slug":"tablet-samsung-galaxy-tab-s10-fe-109-x520b-109-octa-core-8-gb-ram-128-gb-grey","status":"publish","type":"product","link":"https:\/\/bigbuy.tupique.com\/es\/produto\/tablet-samsung-galaxy-tab-s10-fe-109-x520b-109-octa-core-8-gb-ram-128-gb-grey\/","title":{"rendered":"Tablette Samsung Galaxy Tab S10 FE 10,9&#8243; X520B 10,9&#8243; Octa Core 8 GB RAM 128 GB Gris"},"content":{"rendered":"<p>Si vous \u00eates passionn\u00e9 d&#8217;<b>informatique et d&#8217;\u00e9lectronique<\/b>, si vous \u00eates \u00e0 la pointe de la technologie et qu&#8217;aucun d\u00e9tail ne vous \u00e9chappe, achetez <b>Tablette Samsung Galaxy Tab S10 FE 10,9&#8243; X520B 10,9&#8243; Octa Core 8 GB RAM 128 GB Gris<\/b> au meilleur prix.<\/p>\n<p>La <b>Tablette<\/b> Samsung mod\u00e8le SM-X520NZAREUB se pr\u00e9sente comme une option polyvalente adapt\u00e9e aussi bien \u00e0 un usage professionnel qu\u2019au divertissement quotidien, alliant design \u00e9l\u00e9gant et fonctionnalit\u00e9s avanc\u00e9es sous la qualit\u00e9 reconnue de la marque Samsung. Elle dispose d\u2019un <b>\u00e9cran LCD de 10,9 pouces<\/b> offrant une exp\u00e9rience visuelle immersive, id\u00e9ale pour regarder des vid\u00e9os, naviguer sur Internet ou travailler avec des applications cr\u00e9atives, ainsi que pour les appels vid\u00e9o gr\u00e2ce \u00e0 la <b>cam\u00e9ra frontale<\/b>. Elle propose des options de <b>m\u00e9moire RAM de 6 Go ou 8 Go<\/b>, assurant des performances fluides en multit\u00e2che et avec des applications exigeantes, tandis que sa <b>capacit\u00e9 de stockage interne de 128 Go<\/b> permet de conserver de nombreux fichiers et applications, facilitant le travail et les loisirs partout. Le bo\u00eetier en <b>gris<\/b> fabriqu\u00e9 en <b>plastique<\/b> apporte une touche moderne et r\u00e9sistante, tandis que des sp\u00e9cificit\u00e9s comme la <b>mise au point automatique<\/b> de la cam\u00e9ra am\u00e9liorent la qualit\u00e9 des photos et vid\u00e9os prises. Ce mod\u00e8le int\u00e8gre \u00e9galement un processeur Octa-core, optimisant la gestion des processus complexes avec rapidit\u00e9. La Samsung Tablette SM-X520NZAREUB s\u2019impose ainsi comme une solution \u00e9quilibr\u00e9e pour ceux qui recherchent performance, portabilit\u00e9 et exp\u00e9rience multim\u00e9dia avanc\u00e9e dans un seul appareil.<\/p>\n<ul>\n<li>Type: Tablette<\/li>\n<li>Type de prise: Prise EU<\/li>\n<li>Produit \u00e0 brancher: Oui<\/li>\n<li>Diagonale de l&#8217;\u00e9cran (cm): 27,7 cm<\/li>\n<li>M\u00e9moire interne:\n<ul>\n<li>8 GB<\/li>\n<li>128 GB<\/li>\n<li>256 GB<\/li>\n<\/ul>\n<\/li>\n<li>GPS: Oui<\/li>\n<li>Gyroscope: Oui<\/li>\n<li>Glonass: Oui<\/li>\n<li>Acc\u00e9l\u00e9rom\u00e8tre: Oui<\/li>\n<li>Technologie:\n<ul>\n<li>TFT<\/li>\n<li>IPS LCD<\/li>\n<li>Mime<\/li>\n<\/ul>\n<\/li>\n<li>M\u00e9moire RAM:\n<ul>\n<li>6 GB RAM<\/li>\n<li>8 GB RAM<\/li>\n<\/ul>\n<\/li>\n<li>R\u00e9solution (px):\n<ul>\n<li>1080 px<\/li>\n<li>3840 x 2160 px<\/li>\n<\/ul>\n<\/li>\n<li>Connexions:\n<ul>\n<li>USB 2.0<\/li>\n<li>USB-C<\/li>\n<li>USB<\/li>\n<li>USB-C 2.0<\/li>\n<\/ul>\n<\/li>\n<li>Processeur: Octa Core<\/li>\n<li>Connectivit\u00e9:\n<ul>\n<li>NFC<\/li>\n<li>Wi-Fi<\/li>\n<li>Bluetooth<\/li>\n<li>GPS<\/li>\n<li>Galileo<\/li>\n<li>Wi-Fi 6 GHz<\/li>\n<li>Bluetooth 5.3<\/li>\n<\/ul>\n<\/li>\n<li>Bloc d\u2019Alimentation:\n<ul>\n<li>r\u00e9seau \u00e9lectrique<\/li>\n<li>USB<\/li>\n<\/ul>\n<\/li>\n<li>Capacit\u00e9 de la batterie: 8000 mAh<\/li>\n<li>Syst\u00e8me d&#8217;exploitation: Android<\/li>\n<li>Cam\u00e9ra\/Appareil Photo:\n<ul>\n<li>12 mpx<\/li>\n<li>13 mpx<\/li>\n<li>13 MP<\/li>\n<li>Arri\u00e8re<\/li>\n<\/ul>\n<\/li>\n<li>Ecran: 10,9&#8243;<\/li>\n<li>Couleur: Gris<\/li>\n<li>Mati\u00e8re: Plastique<\/li>\n<li>Caract\u00e9ristiques:\n<ul>\n<li>Cam\u00e9ra frontale<\/li>\n<li>\u00c9cran LCD<\/li>\n<li>Autofocus<\/li>\n<li>Lecteur de Cartes<\/li>\n<li>Lecteur d&#8217;empreintes<\/li>\n<li>Boussole \u00e9lectronique<\/li>\n<\/ul>\n<\/li>\n<li>Classification \u00e9nerg\u00e9tique: F<\/li>\n<li>Classification IP: IP68<\/li>\n<li>Fonctions: Acc\u00e9l\u00e9rom\u00e8tre<\/li>\n<li>R\u00e9solution:\n<ul>\n<li>1080 p<\/li>\n<li>WUXGA+<\/li>\n<\/ul>\n<\/li>\n<li>vitesse: 30 fps<\/li>\n<li>Non Inclus:\n<ul>\n<li>Adaptateur AC<\/li>\n<li>Connexion au r\u00e9seau mobile<\/li>\n<\/ul>\n<\/li>\n<li>Taille maximale de la carte m\u00e9moire: 2 TB<\/li>\n<li>Cartes M\u00e9moire Compatibles: MicroSD (TransFlash)<\/li>\n<li>Inclut: Crayon tactile<\/li>\n<li>Autonomie approx.:\n<ul>\n<li>20 heures<\/li>\n<li>12 heures<\/li>\n<\/ul>\n<\/li>\n<li>Noyaux: 8 Noyaux<\/li>\n<\/ul>","protected":false},"excerpt":{"rendered":"<p>Si vous \u00eates passionn\u00e9 d&#8217;informatique et d&#8217;\u00e9lectronique, si vous \u00eates \u00e0 la pointe de la technologie et qu&#8217;aucun d\u00e9tail ne vous \u00e9chappe, achetez Tablette Samsung Galaxy Tab S10 FE 10,9&#8243; X520B 10,9&#8243; Octa Core 8 GB RAM 128 GB Gris au meilleur prix. La Tablette Samsung mod\u00e8le SM-X520NZAREUB se pr\u00e9sente comme une option polyvalente adapt\u00e9e [&hellip;]<\/p>\n","protected":false},"featured_media":189877,"comment_status":"open","ping_status":"closed","template":"","meta":[],"product_brand":[183],"product_cat":[575,65,1052],"product_tag":[566,106],"class_list":{"0":"post-148062","1":"product","2":"type-product","3":"status-publish","4":"has-post-thumbnail","6":"product_brand-brandp_576","7":"product_cat-electronique-telephonie-et-tablettes","8":"product_cat-informatique-electronique","9":"product_cat-tablettes","10":"product_tag-tag_547","11":"product_tag-tag_1295","13":"first","14":"instock","15":"taxable","16":"shipping-taxable","17":"purchasable","18":"product-type-simple"},"_links":{"self":[{"href":"https:\/\/bigbuy.tupique.com\/es\/wp-json\/wp\/v2\/product\/148062","targetHints":{"allow":["GET"]}}],"collection":[{"href":"https:\/\/bigbuy.tupique.com\/es\/wp-json\/wp\/v2\/product"}],"about":[{"href":"https:\/\/bigbuy.tupique.com\/es\/wp-json\/wp\/v2\/types\/product"}],"replies":[{"embeddable":true,"href":"https:\/\/bigbuy.tupique.com\/es\/wp-json\/wp\/v2\/comments?post=148062"}],"wp:featuredmedia":[{"embeddable":true,"href":"https:\/\/bigbuy.tupique.com\/es\/wp-json\/wp\/v2\/media\/189877"}],"wp:attachment":[{"href":"https:\/\/bigbuy.tupique.com\/es\/wp-json\/wp\/v2\/media?parent=148062"}],"wp:term":[{"taxonomy":"product_brand","embeddable":true,"href":"https:\/\/bigbuy.tupique.com\/es\/wp-json\/wp\/v2\/product_brand?post=148062"},{"taxonomy":"product_cat","embeddable":true,"href":"https:\/\/bigbuy.tupique.com\/es\/wp-json\/wp\/v2\/product_cat?post=148062"},{"taxonomy":"product_tag","embeddable":true,"href":"https:\/\/bigbuy.tupique.com\/es\/wp-json\/wp\/v2\/product_tag?post=148062"}],"curies":[{"name":"wp","href":"https:\/\/api.w.org\/{rel}","templated":true}]}}