{"id":14795,"date":"2026-03-29T12:22:01","date_gmt":"2026-03-29T11:22:01","guid":{"rendered":"https:\/\/bigbuy.tupique.com\/produto\/trolley-vogels-pft-8520\/"},"modified":"2026-04-15T00:11:59","modified_gmt":"2026-04-14T23:11:59","slug":"trolley-vogels-pft-8520","status":"publish","type":"product","link":"https:\/\/bigbuy.tupique.com\/es\/produto\/trolley-vogels-pft-8520\/","title":{"rendered":"Trolley Vogel&#8217;s PFT 8520"},"content":{"rendered":"<p>Si vous \u00eates passionn\u00e9 d&#8217;<b>informatique et d&#8217;\u00e9lectronique<\/b>, si vous \u00eates \u00e0 la pointe de la technologie et qu&#8217;aucun d\u00e9tail ne vous \u00e9chappe, achetez <b>Trolley Vogel&#8217;s PFT 8520<\/b> au meilleur prix.<\/p>\n<ul>\n<li>Type: Support pour le sol<\/li>\n<li>Couleur: Noir<\/li>\n<li>Poids Max. support\u00e9: 160 kg<\/li>\n<li>roues: 4<\/li>\n<li>Compatible: T\u00e9l\u00e9vision<\/li>\n<li>Pouces: Variable<\/li>\n<\/ul>","protected":false},"excerpt":{"rendered":"<p>Si vous \u00eates passionn\u00e9 d&#8217;informatique et d&#8217;\u00e9lectronique, si vous \u00eates \u00e0 la pointe de la technologie et qu&#8217;aucun d\u00e9tail ne vous \u00e9chappe, achetez Trolley Vogel&#8217;s PFT 8520 au meilleur prix. Type: Support pour le sol Couleur: Noir Poids Max. support\u00e9: 160 kg roues: 4 Compatible: T\u00e9l\u00e9vision Pouces: Variable<\/p>","protected":false},"featured_media":14793,"comment_status":"open","ping_status":"closed","template":"","meta":[],"product_brand":[643],"product_cat":[65,581,586],"product_tag":[106],"class_list":{"0":"post-14795","1":"product","2":"type-product","3":"status-publish","4":"has-post-thumbnail","6":"product_brand-brandp_920","7":"product_cat-informatique-electronique","8":"product_cat-informatique-peripheriques-et-consommables","9":"product_cat-supports-pour-ecrans","10":"product_tag-tag_1295","12":"first","13":"instock","14":"taxable","15":"shipping-taxable","16":"purchasable","17":"product-type-simple"},"_links":{"self":[{"href":"https:\/\/bigbuy.tupique.com\/es\/wp-json\/wp\/v2\/product\/14795","targetHints":{"allow":["GET"]}}],"collection":[{"href":"https:\/\/bigbuy.tupique.com\/es\/wp-json\/wp\/v2\/product"}],"about":[{"href":"https:\/\/bigbuy.tupique.com\/es\/wp-json\/wp\/v2\/types\/product"}],"replies":[{"embeddable":true,"href":"https:\/\/bigbuy.tupique.com\/es\/wp-json\/wp\/v2\/comments?post=14795"}],"wp:featuredmedia":[{"embeddable":true,"href":"https:\/\/bigbuy.tupique.com\/es\/wp-json\/wp\/v2\/media\/14793"}],"wp:attachment":[{"href":"https:\/\/bigbuy.tupique.com\/es\/wp-json\/wp\/v2\/media?parent=14795"}],"wp:term":[{"taxonomy":"product_brand","embeddable":true,"href":"https:\/\/bigbuy.tupique.com\/es\/wp-json\/wp\/v2\/product_brand?post=14795"},{"taxonomy":"product_cat","embeddable":true,"href":"https:\/\/bigbuy.tupique.com\/es\/wp-json\/wp\/v2\/product_cat?post=14795"},{"taxonomy":"product_tag","embeddable":true,"href":"https:\/\/bigbuy.tupique.com\/es\/wp-json\/wp\/v2\/product_tag?post=14795"}],"curies":[{"name":"wp","href":"https:\/\/api.w.org\/{rel}","templated":true}]}}