{"id":14792,"date":"2026-03-29T12:21:58","date_gmt":"2026-03-29T11:21:58","guid":{"rendered":"https:\/\/bigbuy.tupique.com\/produto\/sideboard-dkd-home-decor-kamakura-white-golden-metal-poplar-150-x-50-x-80-cm-150-x-50-x-80-cm\/"},"modified":"2026-04-15T00:11:58","modified_gmt":"2026-04-14T23:11:58","slug":"sideboard-dkd-home-decor-kamakura-white-golden-metal-poplar-150-x-50-x-80-cm-150-x-50-x-80-cm","status":"publish","type":"product","link":"https:\/\/bigbuy.tupique.com\/es\/produto\/sideboard-dkd-home-decor-kamakura-white-golden-metal-poplar-150-x-50-x-80-cm-150-x-50-x-80-cm\/","title":{"rendered":"Buffet DKD Home Decor Kamakura Blanc Dor\u00e9 M\u00e9tal Peuplier 150 x 50 x 80 cm (150 x 50 x 80 cm)"},"content":{"rendered":"<p>Vous voulez donner une touche d&#8217;originalit\u00e9 \u00e0 votre maison ? Vous y arriverez gr\u00e2ce au <b>Buffet DKD Home Decor Kamakura Blanc Dor\u00e9 M\u00e9tal Peuplier 150 x 50 x 80 cm (150 x 50 x 80 cm)<\/b>.<\/p>\n<ul>\n<li>Couleur:\n<ul>\n<li>Blanc<\/li>\n<li>Dor\u00e9<\/li>\n<\/ul>\n<\/li>\n<li>Mat\u00e9riel:\n<ul>\n<li>M\u00e9tal<\/li>\n<li>Peuplier<\/li>\n<\/ul>\n<\/li>\n<li>Long: 50 cm<\/li>\n<li>Tiroirs: 2 tiroirs<\/li>\n<li>Dimensions approx.: 150 x 50 x 80 cm<\/li>\n<li>Design:\n<ul>\n<li>Oriental<\/li>\n<li>Laqu\u00e9<\/li>\n<\/ul>\n<\/li>\n<li>\u00c9lev\u00e9: 80 cm<\/li>\n<li>Portes: 4 portes<\/li>\n<li>Type: Buffet<\/li>\n<\/ul>","protected":false},"excerpt":{"rendered":"<p>Vous voulez donner une touche d&#8217;originalit\u00e9 \u00e0 votre maison ? Vous y arriverez gr\u00e2ce au Buffet DKD Home Decor Kamakura Blanc Dor\u00e9 M\u00e9tal Peuplier 150 x 50 x 80 cm (150 x 50 x 80 cm). Couleur: Blanc Dor\u00e9 Mat\u00e9riel: M\u00e9tal Peuplier Long: 50 cm Tiroirs: 2 tiroirs Dimensions approx.: 150 x 50 x 80 [&hellip;]<\/p>\n","protected":false},"featured_media":14784,"comment_status":"open","ping_status":"closed","template":"","meta":[],"product_brand":[263],"product_cat":[239,619,577],"product_tag":[104],"class_list":{"0":"post-14792","1":"product","2":"type-product","3":"status-publish","4":"has-post-thumbnail","6":"product_brand-brandp_3770","7":"product_cat-maison-jardin","8":"product_cat-meubles-d-entree-commodes-et-chiffonniers","9":"product_cat-mobilier","10":"product_tag-tag_1279","12":"first","13":"instock","14":"taxable","15":"shipping-taxable","16":"purchasable","17":"product-type-simple"},"_links":{"self":[{"href":"https:\/\/bigbuy.tupique.com\/es\/wp-json\/wp\/v2\/product\/14792","targetHints":{"allow":["GET"]}}],"collection":[{"href":"https:\/\/bigbuy.tupique.com\/es\/wp-json\/wp\/v2\/product"}],"about":[{"href":"https:\/\/bigbuy.tupique.com\/es\/wp-json\/wp\/v2\/types\/product"}],"replies":[{"embeddable":true,"href":"https:\/\/bigbuy.tupique.com\/es\/wp-json\/wp\/v2\/comments?post=14792"}],"wp:featuredmedia":[{"embeddable":true,"href":"https:\/\/bigbuy.tupique.com\/es\/wp-json\/wp\/v2\/media\/14784"}],"wp:attachment":[{"href":"https:\/\/bigbuy.tupique.com\/es\/wp-json\/wp\/v2\/media?parent=14792"}],"wp:term":[{"taxonomy":"product_brand","embeddable":true,"href":"https:\/\/bigbuy.tupique.com\/es\/wp-json\/wp\/v2\/product_brand?post=14792"},{"taxonomy":"product_cat","embeddable":true,"href":"https:\/\/bigbuy.tupique.com\/es\/wp-json\/wp\/v2\/product_cat?post=14792"},{"taxonomy":"product_tag","embeddable":true,"href":"https:\/\/bigbuy.tupique.com\/es\/wp-json\/wp\/v2\/product_tag?post=14792"}],"curies":[{"name":"wp","href":"https:\/\/api.w.org\/{rel}","templated":true}]}}