{"id":14768,"date":"2026-03-29T12:21:21","date_gmt":"2026-03-29T11:21:21","guid":{"rendered":"https:\/\/bigbuy.tupique.com\/produto\/access-point-fritz-20002928-white\/"},"modified":"2026-04-15T00:11:56","modified_gmt":"2026-04-14T23:11:56","slug":"access-point-fritz-20002928-white","status":"publish","type":"product","link":"https:\/\/bigbuy.tupique.com\/es\/produto\/access-point-fritz-20002928-white\/","title":{"rendered":"Point d&#8217;Acc\u00e8s Fritz! 20002928 Blanc"},"content":{"rendered":"<p>Si vous \u00eates passionn\u00e9 d&#8217;<b>informatique et d&#8217;\u00e9lectronique<\/b>, si vous \u00eates \u00e0 la pointe de la technologie et qu&#8217;aucun d\u00e9tail ne vous \u00e9chappe, achetez <b>Point d&#8217;Acc\u00e8s Fritz! 20002928 Blanc<\/b> au meilleur prix.<\/p>\n<p>Le <b>FRITZ!Box 6850 5G Edition International<\/b> de la marque <b>Fritz!<\/b> est un <b>point d\u2019acc\u00e8s<\/b> et routeur de bureau offrant une connectivit\u00e9 avanc\u00e9e via le r\u00e9seau mobile de <b>cinqui\u00e8me g\u00e9n\u00e9ration 5G<\/b>, atteignant des vitesses jusqu\u2019\u00e0 <b>1 300 Mbps<\/b>. Con\u00e7u pour les environnements domestiques et les petits bureaux, cet appareil permet de connecter plusieurs \u00e9quipements tels que ordinateurs, smartphones, tablettes et imprimantes, optimisant l\u2019exp\u00e9rience sans fil avec une couverture stable et rapide gr\u00e2ce \u00e0 sa technologie <b>Wi-Fi double bande<\/b> fonctionnant aux fr\u00e9quences <b>2,4 GHz et 5 GHz<\/b> selon les normes <b>Wi-Fi 5 (802.11ac), 802.11a\/b\/g\/n<\/b>, garantissant une large compatibilit\u00e9. Il int\u00e8gre une interface <b>Gigabit Ethernet LAN<\/b> pour des connexions filaires performantes et un port <b>USB 3.0<\/b> qui \u00e9tend ses fonctionnalit\u00e9s pour le partage de stockage ou la connexion de p\u00e9riph\u00e9riques. De plus, ce routeur comprend une centrale VoIP avec station de base <b>DECT<\/b>, facilitant la gestion des communications t\u00e9l\u00e9phoniques via internet avec qualit\u00e9 et efficacit\u00e9. Sa fonction r\u00e9seau <b>Mesh<\/b> int\u00e9gr\u00e9e permet de cr\u00e9er un r\u00e9seau Wi-Fi homog\u00e8ne et sans interruption dans toute la maison, am\u00e9liorant la connexion et la vitesse partout. Parmi ses caract\u00e9ristiques de s\u00e9curit\u00e9, il supporte les algorithmes <b>WPA2 et WPA3<\/b>, offrant une protection solide contre les acc\u00e8s non autoris\u00e9s. Son design en couleur <b>blanc<\/b> et son alimentation en <b>220 V<\/b> le rendent adapt\u00e9 au march\u00e9 espagnol. En r\u00e9sum\u00e9, le FRITZ!Box 6850 5G est une solution polyvalente et puissante combinant les derni\u00e8res technologies mobiles et sans fil pour optimiser la connectivit\u00e9 en environnements r\u00e9sidentiels et professionnels.<\/p>\n<ul>\n<li>Connectivit\u00e9: Wi-Fi<\/li>\n<li>Type: Point d&#8217;Acc\u00e8s<\/li>\n<li>Type de prise: Prise EU<\/li>\n<li>Produit \u00e0 brancher: Oui<\/li>\n<li>Connexions:\n<ul>\n<li>Ethernet LAN<\/li>\n<li>Sans fil<\/li>\n<\/ul>\n<\/li>\n<li>Caract\u00e9ristiques: Sans fil<\/li>\n<li>Bloc d\u2019Alimentation: r\u00e9seau \u00e9lectrique<\/li>\n<li>Couleur: Blanc<\/li>\n<li>Syst\u00e8me d&#8217;exploitation: Android<\/li>\n<li>Tension: 220 V<\/li>\n<li>Fr\u00e9quence: 5 GHz<\/li>\n<\/ul>","protected":false},"excerpt":{"rendered":"<p>Si vous \u00eates passionn\u00e9 d&#8217;informatique et d&#8217;\u00e9lectronique, si vous \u00eates \u00e0 la pointe de la technologie et qu&#8217;aucun d\u00e9tail ne vous \u00e9chappe, achetez Point d&#8217;Acc\u00e8s Fritz! 20002928 Blanc au meilleur prix. Le FRITZ!Box 6850 5G Edition International de la marque Fritz! est un point d\u2019acc\u00e8s et routeur de bureau offrant une connectivit\u00e9 avanc\u00e9e via le [&hellip;]<\/p>\n","protected":false},"featured_media":14767,"comment_status":"open","ping_status":"closed","template":"","meta":[],"product_brand":[654],"product_cat":[65,584,591],"product_tag":[106],"class_list":{"0":"post-14768","1":"product","2":"type-product","3":"status-publish","4":"has-post-thumbnail","6":"product_brand-brandp_2453","7":"product_cat-informatique-electronique","8":"product_cat-informatique-reseaux-et-composants","9":"product_cat-points-d-acces","10":"product_tag-tag_1295","12":"first","13":"instock","14":"taxable","15":"shipping-taxable","16":"purchasable","17":"product-type-simple"},"_links":{"self":[{"href":"https:\/\/bigbuy.tupique.com\/es\/wp-json\/wp\/v2\/product\/14768","targetHints":{"allow":["GET"]}}],"collection":[{"href":"https:\/\/bigbuy.tupique.com\/es\/wp-json\/wp\/v2\/product"}],"about":[{"href":"https:\/\/bigbuy.tupique.com\/es\/wp-json\/wp\/v2\/types\/product"}],"replies":[{"embeddable":true,"href":"https:\/\/bigbuy.tupique.com\/es\/wp-json\/wp\/v2\/comments?post=14768"}],"wp:featuredmedia":[{"embeddable":true,"href":"https:\/\/bigbuy.tupique.com\/es\/wp-json\/wp\/v2\/media\/14767"}],"wp:attachment":[{"href":"https:\/\/bigbuy.tupique.com\/es\/wp-json\/wp\/v2\/media?parent=14768"}],"wp:term":[{"taxonomy":"product_brand","embeddable":true,"href":"https:\/\/bigbuy.tupique.com\/es\/wp-json\/wp\/v2\/product_brand?post=14768"},{"taxonomy":"product_cat","embeddable":true,"href":"https:\/\/bigbuy.tupique.com\/es\/wp-json\/wp\/v2\/product_cat?post=14768"},{"taxonomy":"product_tag","embeddable":true,"href":"https:\/\/bigbuy.tupique.com\/es\/wp-json\/wp\/v2\/product_tag?post=14768"}],"curies":[{"name":"wp","href":"https:\/\/api.w.org\/{rel}","templated":true}]}}