{"id":14766,"date":"2026-03-29T12:21:19","date_gmt":"2026-03-29T11:21:19","guid":{"rendered":"https:\/\/bigbuy.tupique.com\/produto\/webcam-logitech-960-001102-4k-ultra-hd-bluetooth\/"},"modified":"2026-04-16T20:31:23","modified_gmt":"2026-04-16T19:31:23","slug":"webcam-logitech-960-001102-4k-ultra-hd-bluetooth","status":"publish","type":"product","link":"https:\/\/bigbuy.tupique.com\/es\/produto\/webcam-logitech-960-001102-4k-ultra-hd-bluetooth\/","title":{"rendered":"Webcam Logitech 960-001102 4K Ultra HD Bluetooth"},"content":{"rendered":"<p>Si vous \u00eates passionn\u00e9 d&#8217;<b>informatique et d&#8217;\u00e9lectronique<\/b>, si vous \u00eates \u00e0 la pointe de la technologie et qu&#8217;aucun d\u00e9tail ne vous \u00e9chappe, achetez <b>Webcam Logitech 960-001102 4K Ultra HD Bluetooth<\/b> au meilleur prix.<\/p>\n<ul>\n<li>R\u00e9solution vid\u00e9o:\n<ul>\n<li>4K Ultra HD<\/li>\n<li>Full HD<\/li>\n<li>HD<\/li>\n<li>4K<\/li>\n<\/ul>\n<\/li>\n<li>Connectivit\u00e9:\n<ul>\n<li>Bluetooth<\/li>\n<li>Wi-Fi<\/li>\n<\/ul>\n<\/li>\n<li>Microphone: Oui<\/li>\n<li>Inclut:\n<ul>\n<li>C\u00e2ble USB<\/li>\n<li>T\u00e9l\u00e9commande<\/li>\n<li>Kit de Montage<\/li>\n<\/ul>\n<\/li>\n<li>Utilisation recommand\u00e9e: Syst\u00e8me de Vid\u00e9oconf\u00e9rence<\/li>\n<li>Dimensions approx.: 40 x 8,5 x 1 cm<\/li>\n<li>Largeur: 40 cm<\/li>\n<li>R\u00e9solution (px):\n<ul>\n<li>1080 px<\/li>\n<li>3840 x 2160 px<\/li>\n<li>720 px<\/li>\n<li>2160 px<\/li>\n<\/ul>\n<\/li>\n<li>R\u00e9solution: 4K Ultra HD<\/li>\n<li>Couleur: Noir<\/li>\n<li>Type: Webcam<\/li>\n<li>Connexions:\n<ul>\n<li>USB 2.0<\/li>\n<li>USB<\/li>\n<li>SATA<\/li>\n<li>USB x 3<\/li>\n<\/ul>\n<\/li>\n<li>Caract\u00e9ristiques:\n<ul>\n<li>Plug and play<\/li>\n<li>Haut-parleurs int\u00e9gr\u00e9s<\/li>\n<li>Microphone int\u00e9gr\u00e9<\/li>\n<li>Guide d&#8217;installation inclus<\/li>\n<\/ul>\n<\/li>\n<li>Bloc d\u2019Alimentation:\n<ul>\n<li>Batterie<\/li>\n<li>AC<\/li>\n<\/ul>\n<\/li>\n<li>Microphone int\u00e9gr\u00e9: Oui<\/li>\n<li>Modes vid\u00e9o support\u00e9s: 1080p<\/li>\n<li>Rapport d&#8217;aspect: 16:9<\/li>\n<li>Nombre de batteries: 2<\/li>\n<li>Compatible:\n<ul>\n<li>Windows<\/li>\n<li>Mac OS<\/li>\n<\/ul>\n<\/li>\n<li>Poids: 1,04 Kg<\/li>\n<li>Fonctionne \u00e0 piles:\n<ul>\n<li>Litio Ion<\/li>\n<li>1 Litio Ion<\/li>\n<\/ul>\n<\/li>\n<li>Angle: 120\u00ba<\/li>\n<li>Batterie: 220 mAh<\/li>\n<li>Type de batterie: Batterie au lithium rechargeable<\/li>\n<li>Noyaux: 1 c\u0153ur<\/li>\n<li>Diagonale de l&#8217;\u00e9cran (cm): 39,6 cm<\/li>\n<\/ul>","protected":false},"excerpt":{"rendered":"<p>Si vous \u00eates passionn\u00e9 d&#8217;informatique et d&#8217;\u00e9lectronique, si vous \u00eates \u00e0 la pointe de la technologie et qu&#8217;aucun d\u00e9tail ne vous \u00e9chappe, achetez Webcam Logitech 960-001102 4K Ultra HD Bluetooth au meilleur prix. R\u00e9solution vid\u00e9o: 4K Ultra HD Full HD HD 4K Connectivit\u00e9: Bluetooth Wi-Fi Microphone: Oui Inclut: C\u00e2ble USB T\u00e9l\u00e9commande Kit de Montage Utilisation [&hellip;]<\/p>\n","protected":false},"featured_media":177736,"comment_status":"open","ping_status":"closed","template":"","meta":[],"product_brand":[647],"product_cat":[65,581,607],"product_tag":[213,106],"class_list":{"0":"post-14766","1":"product","2":"type-product","3":"status-publish","4":"has-post-thumbnail","6":"product_brand-brandp_561","7":"product_cat-informatique-electronique","8":"product_cat-informatique-peripheriques-et-consommables","9":"product_cat-webcam","10":"product_tag-tag_933","11":"product_tag-tag_1295","13":"first","14":"instock","15":"taxable","16":"shipping-taxable","17":"purchasable","18":"product-type-simple"},"_links":{"self":[{"href":"https:\/\/bigbuy.tupique.com\/es\/wp-json\/wp\/v2\/product\/14766","targetHints":{"allow":["GET"]}}],"collection":[{"href":"https:\/\/bigbuy.tupique.com\/es\/wp-json\/wp\/v2\/product"}],"about":[{"href":"https:\/\/bigbuy.tupique.com\/es\/wp-json\/wp\/v2\/types\/product"}],"replies":[{"embeddable":true,"href":"https:\/\/bigbuy.tupique.com\/es\/wp-json\/wp\/v2\/comments?post=14766"}],"wp:featuredmedia":[{"embeddable":true,"href":"https:\/\/bigbuy.tupique.com\/es\/wp-json\/wp\/v2\/media\/177736"}],"wp:attachment":[{"href":"https:\/\/bigbuy.tupique.com\/es\/wp-json\/wp\/v2\/media?parent=14766"}],"wp:term":[{"taxonomy":"product_brand","embeddable":true,"href":"https:\/\/bigbuy.tupique.com\/es\/wp-json\/wp\/v2\/product_brand?post=14766"},{"taxonomy":"product_cat","embeddable":true,"href":"https:\/\/bigbuy.tupique.com\/es\/wp-json\/wp\/v2\/product_cat?post=14766"},{"taxonomy":"product_tag","embeddable":true,"href":"https:\/\/bigbuy.tupique.com\/es\/wp-json\/wp\/v2\/product_tag?post=14766"}],"curies":[{"name":"wp","href":"https:\/\/api.w.org\/{rel}","templated":true}]}}