{"id":14735,"date":"2026-03-29T12:20:37","date_gmt":"2026-03-29T11:20:37","guid":{"rendered":"https:\/\/bigbuy.tupique.com\/produto\/tv-mount-neomounts-nm-d775dx3black-17-24-6-kg\/"},"modified":"2026-04-15T00:11:53","modified_gmt":"2026-04-14T23:11:53","slug":"tv-mount-neomounts-nm-d775dx3black-17-24-6-kg","status":"publish","type":"product","link":"https:\/\/bigbuy.tupique.com\/es\/produto\/tv-mount-neomounts-nm-d775dx3black-17-24-6-kg\/","title":{"rendered":"Support de TV Neomounts NM-D775DX3BLACK      17-24&#8243; 6 Kg"},"content":{"rendered":"<p>Si vous \u00eates passionn\u00e9 d&#8217;<b>informatique et d&#8217;\u00e9lectronique<\/b>, si vous \u00eates \u00e0 la pointe de la technologie et qu&#8217;aucun d\u00e9tail ne vous \u00e9chappe, achetez <b>Support de TV Neomounts NM-D775DX3BLACK      17-24&#8243; 6 Kg<\/b> au meilleur prix.<\/p>\n<p>Le <b>support TV Neomounts NM-D775DX3BLACK<\/b> est un bras multifonction con\u00e7u sp\u00e9cifiquement pour le montage jusqu\u2019\u00e0 trois \u00e9crans LCD, LED ou TFT de tailles comprises entre <b>17&#8243; et 27&#8243;<\/b> (43,2 \u00e0 68,6 cm). Fabriqu\u00e9 en <b>aluminium<\/b> haute r\u00e9sistance avec une finition <b>noire<\/b>, ce support allie durabilit\u00e9 et esth\u00e9tique sobre. Il dispose d\u2019un syst\u00e8me de fixation par pince ou vissage assurant une fixation stable au bureau, \u00e9vitant tout mouvement ind\u00e9sirable. Sa structure permet de larges mouvements ergonomiques gr\u00e2ce \u00e0 ses <b>3 points de rotation<\/b> : rotation jusqu\u2019\u00e0 180\u00b0, inclinaison de 0 \u00e0 20\u00b0 et pivot facile de l\u2019\u00e9cran pour plus de flexibilit\u00e9 et confort visuel. Le bras int\u00e8gre un ressort \u00e0 gaz permettant un r\u00e9glage continu de la hauteur jusqu\u2019\u00e0 <b>54 cm<\/b>, facilitant l\u2019ajustement personnalis\u00e9 de la position de l\u2019\u00e9cran pour pr\u00e9venir les douleurs cervicales et dorsales lors de longues sessions de travail. Ce mod\u00e8le est compatible avec les standards de montage VESA <b>75 x 75 mm et 100 x 100 mm<\/b>, avec un espacement des trous de <b>10 x 10 cm<\/b>, garantissant une large compatibilit\u00e9 avec de nombreux \u00e9crans. De plus, le support supporte jusqu\u2019\u00e0 <b>18 kg au total<\/b>, avec un maximum de <b>6 kg par \u00e9cran<\/b>, adapt\u00e9 \u00e0 la majorit\u00e9 des moniteurs de bureau actuels. Le bras de <b>63 cm<\/b> de long offre un espace suffisant pour une disposition ordonn\u00e9e et ergonomique des dispositifs visuels. Gr\u00e2ce \u00e0 toutes ces caract\u00e9ristiques, le Neomounts NM-D775DX3BLACK se positionne comme une solution pratique et robuste pour les environnements professionnels, bureaux et comptoirs n\u00e9cessitant une station de travail multi-\u00e9crans facilement ajustable pour maximiser ergonomie et productivit\u00e9.<\/p>\n<ul>\n<li>Type: Support de TV<\/li>\n<li>Inclut: Vis<\/li>\n<li>Couleur: Noir<\/li>\n<li>Caract\u00e9ristiques: Hauteur r\u00e9glable<\/li>\n<li>Type d&#8217;installation: Bureau<\/li>\n<li>Ecran:\n<ul>\n<li>17&#8243;<\/li>\n<li>27&#8243;<\/li>\n<\/ul>\n<\/li>\n<li>VESA:\n<ul>\n<li>10 x 10 cm<\/li>\n<li>7,5 x 7,5 cm<\/li>\n<\/ul>\n<\/li>\n<li>Mati\u00e8re: Aluminium<\/li>\n<li>Poids Max. support\u00e9: 6 Kg<\/li>\n<\/ul>","protected":false},"excerpt":{"rendered":"<p>Si vous \u00eates passionn\u00e9 d&#8217;informatique et d&#8217;\u00e9lectronique, si vous \u00eates \u00e0 la pointe de la technologie et qu&#8217;aucun d\u00e9tail ne vous \u00e9chappe, achetez Support de TV Neomounts NM-D775DX3BLACK 17-24&#8243; 6 Kg au meilleur prix. Le support TV Neomounts NM-D775DX3BLACK est un bras multifonction con\u00e7u sp\u00e9cifiquement pour le montage jusqu\u2019\u00e0 trois \u00e9crans LCD, LED ou TFT [&hellip;]<\/p>\n","protected":false},"featured_media":14732,"comment_status":"open","ping_status":"closed","template":"","meta":[],"product_brand":[639],"product_cat":[589,65,590],"product_tag":[210],"class_list":{"0":"post-14735","1":"product","2":"type-product","3":"status-publish","4":"has-post-thumbnail","6":"product_brand-brandp_4772","7":"product_cat-electronique-television","8":"product_cat-informatique-electronique","9":"product_cat-supports-de-television","10":"product_tag-tag_25","12":"first","13":"instock","14":"taxable","15":"shipping-taxable","16":"purchasable","17":"product-type-simple"},"_links":{"self":[{"href":"https:\/\/bigbuy.tupique.com\/es\/wp-json\/wp\/v2\/product\/14735","targetHints":{"allow":["GET"]}}],"collection":[{"href":"https:\/\/bigbuy.tupique.com\/es\/wp-json\/wp\/v2\/product"}],"about":[{"href":"https:\/\/bigbuy.tupique.com\/es\/wp-json\/wp\/v2\/types\/product"}],"replies":[{"embeddable":true,"href":"https:\/\/bigbuy.tupique.com\/es\/wp-json\/wp\/v2\/comments?post=14735"}],"wp:featuredmedia":[{"embeddable":true,"href":"https:\/\/bigbuy.tupique.com\/es\/wp-json\/wp\/v2\/media\/14732"}],"wp:attachment":[{"href":"https:\/\/bigbuy.tupique.com\/es\/wp-json\/wp\/v2\/media?parent=14735"}],"wp:term":[{"taxonomy":"product_brand","embeddable":true,"href":"https:\/\/bigbuy.tupique.com\/es\/wp-json\/wp\/v2\/product_brand?post=14735"},{"taxonomy":"product_cat","embeddable":true,"href":"https:\/\/bigbuy.tupique.com\/es\/wp-json\/wp\/v2\/product_cat?post=14735"},{"taxonomy":"product_tag","embeddable":true,"href":"https:\/\/bigbuy.tupique.com\/es\/wp-json\/wp\/v2\/product_tag?post=14735"}],"curies":[{"name":"wp","href":"https:\/\/api.w.org\/{rel}","templated":true}]}}