{"id":14681,"date":"2026-03-29T12:19:31","date_gmt":"2026-03-29T11:19:31","guid":{"rendered":"https:\/\/bigbuy.tupique.com\/produto\/videowall-monitor-lg-4k-ultra-hd-55uh7f-h-full-hd-49\/"},"modified":"2026-04-14T23:51:47","modified_gmt":"2026-04-14T22:51:47","slug":"videowall-monitor-lg-4k-ultra-hd-55uh7f-h-full-hd-49","status":"publish","type":"product","link":"https:\/\/bigbuy.tupique.com\/es\/produto\/videowall-monitor-lg-4k-ultra-hd-55uh7f-h-full-hd-49\/","title":{"rendered":"Moniteur Videowall LG 4K Ultra HD 55UH7F-H Full HD+ 49&#8243;"},"content":{"rendered":"<p>Si vous \u00eates passionn\u00e9 d&#8217;<b>informatique et d&#8217;\u00e9lectronique<\/b>, si vous \u00eates \u00e0 la pointe de la technologie et qu&#8217;aucun d\u00e9tail ne vous \u00e9chappe, achetez <b>Moniteur Videowall LG 4K Ultra HD 55UH7F-H Full HD+ 49&#8243;<\/b> au meilleur prix.<\/p>\n<ul>\n<li>Connexions:\n<ul>\n<li>HDMI<\/li>\n<li>Ethernet LAN<\/li>\n<li>DVI-D x 1<\/li>\n<li>USB<\/li>\n<li>USB 2.0<\/li>\n<li>RJ45<\/li>\n<li>DisplayPort<\/li>\n<li>RS232C x 1<\/li>\n<li>HDMI 1.4<\/li>\n<li>DisplayPort x 2<\/li>\n<li>USB-A<\/li>\n<li>HDCP<\/li>\n<li>HDMI x 2<\/li>\n<li>USB x 3<\/li>\n<li>USB x 1<\/li>\n<\/ul>\n<\/li>\n<li>Produit \u00e0 brancher: Oui<\/li>\n<li>Type de prise: Prise EU<\/li>\n<li>R\u00e9solution (px):\n<ul>\n<li>1920 x 1080 px<\/li>\n<li>3840 x 2160 px<\/li>\n<\/ul>\n<\/li>\n<li>Diagonale de l&#8217;\u00e9cran (cm):\n<ul>\n<li>139,7 cm<\/li>\n<li>124,5 cm<\/li>\n<\/ul>\n<\/li>\n<li>Type: Moniteur Videowall<\/li>\n<li>Bloc d\u2019Alimentation: r\u00e9seau \u00e9lectrique<\/li>\n<li>Couleur: Noir<\/li>\n<li>Temps de r\u00e9ponse:\n<ul>\n<li>8 ms<\/li>\n<li>1 ms<\/li>\n<\/ul>\n<\/li>\n<li>Ecran tactile: Non<\/li>\n<li>Tension:\n<ul>\n<li>100-240 V<\/li>\n<li>100 &#8211; 240 V<\/li>\n<\/ul>\n<\/li>\n<li>Ecran: 49&#8243;<\/li>\n<li>M\u00e9moire interne: 16 GB<\/li>\n<li>R\u00e9solution:\n<ul>\n<li>Full HD+<\/li>\n<li>Full HD<\/li>\n<li>4K Ultra HD<\/li>\n<\/ul>\n<\/li>\n<li>Connectivit\u00e9: Wi-Fi<\/li>\n<li>Technologie:\n<ul>\n<li>IPS<\/li>\n<li>LED<\/li>\n<\/ul>\n<\/li>\n<li>Fr\u00e9quence:\n<ul>\n<li>50-60 Hz<\/li>\n<li>50 &#8211; 60 Hz<\/li>\n<\/ul>\n<\/li>\n<li>Caract\u00e9ristiques:\n<ul>\n<li>Haut-parleurs int\u00e9gr\u00e9s<\/li>\n<li>Universel<\/li>\n<li>Montage mural<\/li>\n<\/ul>\n<\/li>\n<li>Rapport d&#8217;aspect: 16:9<\/li>\n<li>Classification \u00e9nerg\u00e9tique: G<\/li>\n<li>Syst\u00e8me d&#8217;exploitation: webOS<\/li>\n<li>Interface: Ethernet<\/li>\n<li>Piles incluses: Oui<\/li>\n<li>Sortie audio: Oui<\/li>\n<li>Poids approx.: 25 kg<\/li>\n<li>Inclut: T\u00e9l\u00e9commande<\/li>\n<li>VESA: 30 x 30 cm<\/li>\n<li>Fr\u00e9quence d&#8217;entr\u00e9e AC: 50-60 Hz<\/li>\n<li>Angle: 178\u00ba<\/li>\n<li>Tension d&#8217;entr\u00e9e AC: 100 &#8211; 240 V<\/li>\n<li>Montage: VESA<\/li>\n<li>Compatible: VESA 600 x 400 mm<\/li>\n<li>Classification IP: IPX5<\/li>\n<li>Brille: 700 cd\/m\u00b2<\/li>\n<\/ul>","protected":false},"excerpt":{"rendered":"<p>Si vous \u00eates passionn\u00e9 d&#8217;informatique et d&#8217;\u00e9lectronique, si vous \u00eates \u00e0 la pointe de la technologie et qu&#8217;aucun d\u00e9tail ne vous \u00e9chappe, achetez Moniteur Videowall LG 4K Ultra HD 55UH7F-H Full HD+ 49&#8243; au meilleur prix. Connexions: HDMI Ethernet LAN DVI-D x 1 USB USB 2.0 RJ45 DisplayPort RS232C x 1 HDMI 1.4 DisplayPort x [&hellip;]<\/p>\n","protected":false},"featured_media":14677,"comment_status":"open","ping_status":"closed","template":"","meta":[],"product_brand":[662],"product_cat":[65,581,616],"product_tag":[213,106],"class_list":{"0":"post-14681","1":"product","2":"type-product","3":"status-publish","4":"has-post-thumbnail","6":"product_brand-brandp_559","7":"product_cat-informatique-electronique","8":"product_cat-informatique-peripheriques-et-consommables","9":"product_cat-moniteurs","10":"product_tag-tag_933","11":"product_tag-tag_1295","13":"first","14":"instock","15":"taxable","16":"shipping-taxable","17":"purchasable","18":"product-type-simple"},"_links":{"self":[{"href":"https:\/\/bigbuy.tupique.com\/es\/wp-json\/wp\/v2\/product\/14681","targetHints":{"allow":["GET"]}}],"collection":[{"href":"https:\/\/bigbuy.tupique.com\/es\/wp-json\/wp\/v2\/product"}],"about":[{"href":"https:\/\/bigbuy.tupique.com\/es\/wp-json\/wp\/v2\/types\/product"}],"replies":[{"embeddable":true,"href":"https:\/\/bigbuy.tupique.com\/es\/wp-json\/wp\/v2\/comments?post=14681"}],"wp:featuredmedia":[{"embeddable":true,"href":"https:\/\/bigbuy.tupique.com\/es\/wp-json\/wp\/v2\/media\/14677"}],"wp:attachment":[{"href":"https:\/\/bigbuy.tupique.com\/es\/wp-json\/wp\/v2\/media?parent=14681"}],"wp:term":[{"taxonomy":"product_brand","embeddable":true,"href":"https:\/\/bigbuy.tupique.com\/es\/wp-json\/wp\/v2\/product_brand?post=14681"},{"taxonomy":"product_cat","embeddable":true,"href":"https:\/\/bigbuy.tupique.com\/es\/wp-json\/wp\/v2\/product_cat?post=14681"},{"taxonomy":"product_tag","embeddable":true,"href":"https:\/\/bigbuy.tupique.com\/es\/wp-json\/wp\/v2\/product_tag?post=14681"}],"curies":[{"name":"wp","href":"https:\/\/api.w.org\/{rel}","templated":true}]}}