{"id":14673,"date":"2026-03-29T12:19:19","date_gmt":"2026-03-29T11:19:19","guid":{"rendered":"https:\/\/bigbuy.tupique.com\/produto\/switch-netgear-gsm4248ux-100eus\/"},"modified":"2026-05-11T19:58:36","modified_gmt":"2026-05-11T17:58:36","slug":"switch-netgear-gsm4248ux-100eus","status":"publish","type":"product","link":"https:\/\/bigbuy.tupique.com\/es\/produto\/switch-netgear-gsm4248ux-100eus\/","title":{"rendered":"Switch Netgear GSM4248UX-100EUS"},"content":{"rendered":"<p>Si vous \u00eates passionn\u00e9 d&#8217;<b>informatique et d&#8217;\u00e9lectronique<\/b>, si vous \u00eates \u00e0 la pointe de la technologie et qu&#8217;aucun d\u00e9tail ne vous \u00e9chappe, achetez <b>Switch Netgear GSM4248UX-100EUS    <\/b> au meilleur prix.<\/p>\n<p>Le <b>Netgear GSM4248UX-100EUS<\/b> est un <b>switch manageable L2\/L3<\/b> con\u00e7u pour des environnements professionnels n\u00e9cessitant haute capacit\u00e9 et flexibilit\u00e9 r\u00e9seau. Cet appareil de couleur <b>noire<\/b> offre un total de <b>40 ports RJ-45 Ethernet Gigabit (10\/100\/1000 Mbps)<\/b>, assurant des connexions fiables et des vitesses optimis\u00e9es pour un trafic de donn\u00e9es intense. Il dispose \u00e9galement d\u2019un <b>port USB 2.0<\/b> pour \u00e9tendre ses fonctionnalit\u00e9s et g\u00e9rer des configurations avanc\u00e9es, ainsi qu\u2019un port avec capacit\u00e9 <b>PoE++ (Power over Ethernet) conforme aux normes IEEE 802.3af, 802.3at et 802.3bt<\/b>, permettant d\u2019alimenter des \u00e9quipements compatibles comme des cam\u00e9ras IP ou points d\u2019acc\u00e8s sans c\u00e2bles d\u2019alimentation suppl\u00e9mentaires. Sa capacit\u00e9 de commutation est de <b>240 Gbit\/s<\/b>, soutenue par une table d\u2019adresses MAC pouvant g\u00e9rer jusqu\u2019\u00e0 <b>16 000 entr\u00e9es<\/b>, garantissant une gestion efficace de r\u00e9seaux \u00e9tendus avec de nombreux appareils connect\u00e9s et un trafic simultan\u00e9 sans perte de performance. Il est pr\u00e9vu pour montage en rack au format compact <b>2U<\/b>, facilitant son int\u00e9gration dans des centres de donn\u00e9es ou infrastructures r\u00e9seau d\u2019entreprise. Ce mod\u00e8le se distingue par sa polyvalence, op\u00e9rant \u00e0 la fois en couche 2 et couche 3, offrant des fonctions avanc\u00e9es de routage et segmentation r\u00e9seau, am\u00e9liorant la s\u00e9curit\u00e9 et la gestion du trafic. En r\u00e9sum\u00e9, le <b>Netgear GSM4248UX-100EUS<\/b> est une solution robuste et performante pour les environnements exigeant un contr\u00f4le pr\u00e9cis du r\u00e9seau, une stabilit\u00e9 optimale et une capacit\u00e9 d\u2019extension pour des projets IT complexes.<\/p>\n<ul>\n<li>Compatible avec: Rangement<\/li>\n<li>Couleur: Noir<\/li>\n<li>Niveau sonore: 60 dB<\/li>\n<li>Connexions:\n<ul>\n<li>RJ45<\/li>\n<li>USB 2.0<\/li>\n<li>PoE x 1<\/li>\n<li>RJ-45 x 40<\/li>\n<li>SFP+ x 8<\/li>\n<li>Ethernet LAN<\/li>\n<li>USB x 3<\/li>\n<\/ul>\n<\/li>\n<li>Produit \u00e0 brancher: Oui<\/li>\n<li>Type de prise: Prise EU<\/li>\n<li>Type: Switch<\/li>\n<li>Bloc d\u2019Alimentation:\n<ul>\n<li>r\u00e9seau \u00e9lectrique<\/li>\n<li>Incluses<\/li>\n<\/ul>\n<\/li>\n<li>Connectivit\u00e9: Wi-Fi<\/li>\n<li>Syst\u00e8me d&#8217;exploitation: Cisco IOS<\/li>\n<li>Largeur: 44 cm<\/li>\n<li>\u00c9lev\u00e9: 35 cm<\/li>\n<\/ul>","protected":false},"excerpt":{"rendered":"<p>Si vous \u00eates passionn\u00e9 d&#8217;informatique et d&#8217;\u00e9lectronique, si vous \u00eates \u00e0 la pointe de la technologie et qu&#8217;aucun d\u00e9tail ne vous \u00e9chappe, achetez Switch Netgear GSM4248UX-100EUS au meilleur prix. Le Netgear GSM4248UX-100EUS est un switch manageable L2\/L3 con\u00e7u pour des environnements professionnels n\u00e9cessitant haute capacit\u00e9 et flexibilit\u00e9 r\u00e9seau. Cet appareil de couleur noire offre un [&hellip;]<\/p>\n","protected":false},"featured_media":14671,"comment_status":"open","ping_status":"closed","template":"","meta":[],"product_brand":[633],"product_cat":[65,584,585],"product_tag":[106],"class_list":{"0":"post-14673","1":"product","2":"type-product","3":"status-publish","4":"has-post-thumbnail","6":"product_brand-brandp_567","7":"product_cat-informatique-electronique","8":"product_cat-informatique-reseaux-et-composants","9":"product_cat-switch","10":"product_tag-tag_1295","12":"first","13":"instock","14":"taxable","15":"shipping-taxable","16":"purchasable","17":"product-type-simple"},"_links":{"self":[{"href":"https:\/\/bigbuy.tupique.com\/es\/wp-json\/wp\/v2\/product\/14673","targetHints":{"allow":["GET"]}}],"collection":[{"href":"https:\/\/bigbuy.tupique.com\/es\/wp-json\/wp\/v2\/product"}],"about":[{"href":"https:\/\/bigbuy.tupique.com\/es\/wp-json\/wp\/v2\/types\/product"}],"replies":[{"embeddable":true,"href":"https:\/\/bigbuy.tupique.com\/es\/wp-json\/wp\/v2\/comments?post=14673"}],"wp:featuredmedia":[{"embeddable":true,"href":"https:\/\/bigbuy.tupique.com\/es\/wp-json\/wp\/v2\/media\/14671"}],"wp:attachment":[{"href":"https:\/\/bigbuy.tupique.com\/es\/wp-json\/wp\/v2\/media?parent=14673"}],"wp:term":[{"taxonomy":"product_brand","embeddable":true,"href":"https:\/\/bigbuy.tupique.com\/es\/wp-json\/wp\/v2\/product_brand?post=14673"},{"taxonomy":"product_cat","embeddable":true,"href":"https:\/\/bigbuy.tupique.com\/es\/wp-json\/wp\/v2\/product_cat?post=14673"},{"taxonomy":"product_tag","embeddable":true,"href":"https:\/\/bigbuy.tupique.com\/es\/wp-json\/wp\/v2\/product_tag?post=14673"}],"curies":[{"name":"wp","href":"https:\/\/api.w.org\/{rel}","templated":true}]}}