{"id":14632,"date":"2026-03-29T12:18:31","date_gmt":"2026-03-29T11:18:31","guid":{"rendered":"https:\/\/bigbuy.tupique.com\/produto\/pc-speakers-logitech-960-001230-black\/"},"modified":"2026-05-11T19:58:54","modified_gmt":"2026-05-11T17:58:54","slug":"pc-speakers-logitech-960-001230-black","status":"publish","type":"product","link":"https:\/\/bigbuy.tupique.com\/es\/produto\/pc-speakers-logitech-960-001230-black\/","title":{"rendered":"Haut-parleurs de PC Logitech 960-001230 Noir"},"content":{"rendered":"<p>Si vous \u00eates passionn\u00e9 d&#8217;<b>informatique et d&#8217;\u00e9lectronique<\/b>, si vous \u00eates \u00e0 la pointe de la technologie et qu&#8217;aucun d\u00e9tail ne vous \u00e9chappe, achetez <b>Haut-parleurs de PC Logitech 960-001230 Noir<\/b> au meilleur prix.<\/p>\n<ul>\n<li>Type:\n<ul>\n<li>Avec fil<\/li>\n<li>Montage mural<\/li>\n<li>Haut-parleurs bluetooth<\/li>\n<\/ul>\n<\/li>\n<li>Couleur: Noir<\/li>\n<li>Ann\u00e9e: 2018<\/li>\n<li>puissance: 20 W<\/li>\n<li>Bloc d\u2019Alimentation: Avec fil<\/li>\n<li>Utilisation recommand\u00e9e: Syst\u00e8me de Vid\u00e9oconf\u00e9rence<\/li>\n<li>Connectivit\u00e9: XLR<\/li>\n<\/ul>","protected":false},"excerpt":{"rendered":"<p>Si vous \u00eates passionn\u00e9 d&#8217;informatique et d&#8217;\u00e9lectronique, si vous \u00eates \u00e0 la pointe de la technologie et qu&#8217;aucun d\u00e9tail ne vous \u00e9chappe, achetez Haut-parleurs de PC Logitech 960-001230 Noir au meilleur prix. Type: Avec fil Montage mural Haut-parleurs bluetooth Couleur: Noir Ann\u00e9e: 2018 puissance: 20 W Bloc d\u2019Alimentation: Avec fil Utilisation recommand\u00e9e: Syst\u00e8me de Vid\u00e9oconf\u00e9rence [&hellip;]<\/p>\n","protected":false},"featured_media":14631,"comment_status":"open","ping_status":"closed","template":"","meta":[],"product_brand":[647],"product_cat":[617,65,581],"product_tag":[213,106],"class_list":{"0":"post-14632","1":"product","2":"type-product","3":"status-publish","4":"has-post-thumbnail","6":"product_brand-brandp_561","7":"product_cat-enceintes-pc","8":"product_cat-informatique-electronique","9":"product_cat-informatique-peripheriques-et-consommables","10":"product_tag-tag_933","11":"product_tag-tag_1295","13":"first","14":"instock","15":"taxable","16":"shipping-taxable","17":"purchasable","18":"product-type-simple"},"_links":{"self":[{"href":"https:\/\/bigbuy.tupique.com\/es\/wp-json\/wp\/v2\/product\/14632","targetHints":{"allow":["GET"]}}],"collection":[{"href":"https:\/\/bigbuy.tupique.com\/es\/wp-json\/wp\/v2\/product"}],"about":[{"href":"https:\/\/bigbuy.tupique.com\/es\/wp-json\/wp\/v2\/types\/product"}],"replies":[{"embeddable":true,"href":"https:\/\/bigbuy.tupique.com\/es\/wp-json\/wp\/v2\/comments?post=14632"}],"wp:featuredmedia":[{"embeddable":true,"href":"https:\/\/bigbuy.tupique.com\/es\/wp-json\/wp\/v2\/media\/14631"}],"wp:attachment":[{"href":"https:\/\/bigbuy.tupique.com\/es\/wp-json\/wp\/v2\/media?parent=14632"}],"wp:term":[{"taxonomy":"product_brand","embeddable":true,"href":"https:\/\/bigbuy.tupique.com\/es\/wp-json\/wp\/v2\/product_brand?post=14632"},{"taxonomy":"product_cat","embeddable":true,"href":"https:\/\/bigbuy.tupique.com\/es\/wp-json\/wp\/v2\/product_cat?post=14632"},{"taxonomy":"product_tag","embeddable":true,"href":"https:\/\/bigbuy.tupique.com\/es\/wp-json\/wp\/v2\/product_tag?post=14632"}],"curies":[{"name":"wp","href":"https:\/\/api.w.org\/{rel}","templated":true}]}}