{"id":14525,"date":"2026-03-29T12:05:33","date_gmt":"2026-03-29T11:05:33","guid":{"rendered":"https:\/\/bigbuy.tupique.com\/produto\/uninterruptible-power-supply-system-interactive-ups-hpe-q1c17a-7-kwh\/"},"modified":"2026-04-14T23:51:24","modified_gmt":"2026-04-14T22:51:24","slug":"uninterruptible-power-supply-system-interactive-ups-hpe-q1c17a-7-kwh","status":"publish","type":"product","link":"https:\/\/bigbuy.tupique.com\/es\/produto\/uninterruptible-power-supply-system-interactive-ups-hpe-q1c17a-7-kwh\/","title":{"rendered":"Syst\u00e8me d&#8217;Alimentation Sans Interruption Interactif HPE Q1C17A               7 kWh"},"content":{"rendered":"<p>Si vous \u00eates passionn\u00e9 d&#8217;<b>informatique et d&#8217;\u00e9lectronique<\/b>, si vous \u00eates \u00e0 la pointe de la technologie et qu&#8217;aucun d\u00e9tail ne vous \u00e9chappe, achetez <b>Syst\u00e8me d&#8217;Alimentation Sans Interruption Interactif HPE Q1C17A               7 kWh<\/b> au meilleur prix.<\/p>\n<ul>\n<li>Couleur:\n<ul>\n<li>Noir<\/li>\n<li>m\u00e9tallique<\/li>\n<\/ul>\n<\/li>\n<li>Type:\n<ul>\n<li>4U<\/li>\n<li>Syst\u00e8me d&#8217;Alimentation Sans Interruption Interactif<\/li>\n<\/ul>\n<\/li>\n<li>consommation d&#8217;\u00e9nergie: 7 kWh<\/li>\n<li>Produit \u00e0 brancher: Oui<\/li>\n<li>Type de prise: Prise EU<\/li>\n<li>Bloc d\u2019Alimentation: r\u00e9seau \u00e9lectrique<\/li>\n<li>Largeur: 66 mm<\/li>\n<li>Technologie: VRLA<\/li>\n<\/ul>","protected":false},"excerpt":{"rendered":"<p>Si vous \u00eates passionn\u00e9 d&#8217;informatique et d&#8217;\u00e9lectronique, si vous \u00eates \u00e0 la pointe de la technologie et qu&#8217;aucun d\u00e9tail ne vous \u00e9chappe, achetez Syst\u00e8me d&#8217;Alimentation Sans Interruption Interactif HPE Q1C17A 7 kWh au meilleur prix. Couleur: Noir m\u00e9tallique Type: 4U Syst\u00e8me d&#8217;Alimentation Sans Interruption Interactif consommation d&#8217;\u00e9nergie: 7 kWh Produit \u00e0 brancher: Oui Type de [&hellip;]<\/p>\n","protected":false},"featured_media":14524,"comment_status":"open","ping_status":"closed","template":"","meta":[],"product_brand":[644],"product_cat":[65,581,603],"product_tag":[106],"class_list":{"0":"post-14525","1":"product","2":"type-product","3":"status-publish","4":"has-post-thumbnail","6":"product_brand-brandp_662","7":"product_cat-informatique-electronique","8":"product_cat-informatique-peripheriques-et-consommables","9":"product_cat-ups","10":"product_tag-tag_1295","12":"first","13":"instock","14":"taxable","15":"shipping-taxable","16":"purchasable","17":"product-type-simple"},"_links":{"self":[{"href":"https:\/\/bigbuy.tupique.com\/es\/wp-json\/wp\/v2\/product\/14525","targetHints":{"allow":["GET"]}}],"collection":[{"href":"https:\/\/bigbuy.tupique.com\/es\/wp-json\/wp\/v2\/product"}],"about":[{"href":"https:\/\/bigbuy.tupique.com\/es\/wp-json\/wp\/v2\/types\/product"}],"replies":[{"embeddable":true,"href":"https:\/\/bigbuy.tupique.com\/es\/wp-json\/wp\/v2\/comments?post=14525"}],"wp:featuredmedia":[{"embeddable":true,"href":"https:\/\/bigbuy.tupique.com\/es\/wp-json\/wp\/v2\/media\/14524"}],"wp:attachment":[{"href":"https:\/\/bigbuy.tupique.com\/es\/wp-json\/wp\/v2\/media?parent=14525"}],"wp:term":[{"taxonomy":"product_brand","embeddable":true,"href":"https:\/\/bigbuy.tupique.com\/es\/wp-json\/wp\/v2\/product_brand?post=14525"},{"taxonomy":"product_cat","embeddable":true,"href":"https:\/\/bigbuy.tupique.com\/es\/wp-json\/wp\/v2\/product_cat?post=14525"},{"taxonomy":"product_tag","embeddable":true,"href":"https:\/\/bigbuy.tupique.com\/es\/wp-json\/wp\/v2\/product_tag?post=14525"}],"curies":[{"name":"wp","href":"https:\/\/api.w.org\/{rel}","templated":true}]}}