{"id":14497,"date":"2026-03-29T12:04:52","date_gmt":"2026-03-29T11:04:52","guid":{"rendered":"https:\/\/bigbuy.tupique.com\/produto\/switch-trendnet-ti-pg102\/"},"modified":"2026-04-16T10:25:11","modified_gmt":"2026-04-16T09:25:11","slug":"switch-trendnet-ti-pg102","status":"publish","type":"product","link":"https:\/\/bigbuy.tupique.com\/es\/produto\/switch-trendnet-ti-pg102\/","title":{"rendered":"Switch Trendnet TI-PG102"},"content":{"rendered":"<p>Si vous \u00eates passionn\u00e9 d&#8217;<b>informatique et d&#8217;\u00e9lectronique<\/b>, si vous \u00eates \u00e0 la pointe de la technologie et qu&#8217;aucun d\u00e9tail ne vous \u00e9chappe, achetez <b>Switch Trendnet TI-PG102            <\/b> au meilleur prix.<\/p>\n<p>Le <b>switch<\/b> industriel <b>Trendnet TI-PG102<\/b> est un appareil con\u00e7u pour les environnements exigeants, offrant une solution robuste et efficace pour les r\u00e9seaux industriels et commerciaux. Ce switch non administrable dispose de <b>10 ports Gigabit<\/b>, dont <b>8 sont PoE+<\/b>, parfaits pour alimenter des dispositifs tels que cam\u00e9ras IP, t\u00e9l\u00e9phones VoIP ou autres \u00e9quipements compatibles via Ethernet, avec une puissance totale PoE disponible de <b>240 W<\/b>. Il comprend \u00e9galement <b>deux ports partag\u00e9s RJ-45\/SFP<\/b> pour des connexions suppl\u00e9mentaires \u00e0 haute vitesse, offrant une grande flexibilit\u00e9 dans la configuration r\u00e9seau. Sa structure en <b>m\u00e9tal r\u00e9sistant avec protection IP30<\/b> assure une durabilit\u00e9 \u00e9lev\u00e9e et une r\u00e9sistance aux vibrations, chocs et conditions extr\u00eames, fonctionnant dans une plage de temp\u00e9rature de <b>-40 \u00e0 75 \u00b0C<\/b>, ce qui le rend id\u00e9al pour les installations industrielles o\u00f9 la fiabilit\u00e9 est essentielle. C\u00f4t\u00e9 connectivit\u00e9, il prend en charge les normes IEEE 802.3, IEEE 802.3at et IEEE 802.3af pour PoE, ainsi que IEEE 802.3ab et autres pour Gigabit Ethernet, garantissant une compatibilit\u00e9 \u00e9tendue avec divers appareils et r\u00e9seaux. Il offre une capacit\u00e9 de commutation de <b>20 Gbit\/s<\/b> et une table d\u2019adresses MAC de 16 000 entr\u00e9es, assurant une gestion fluide et s\u00e9curis\u00e9e du trafic dans les r\u00e9seaux de taille moyenne. Son alimentation en courant continu de <b>48 &#8211; 56 V<\/b> avec connecteur d\u00e9di\u00e9 r\u00e9pond aux standards industriels en mati\u00e8re d\u2019\u00e9nergie. De plus, son montage sur rail DIN ou mural facilite l\u2019installation et la maintenance dans des espaces r\u00e9duits ou des panneaux de contr\u00f4le. En r\u00e9sum\u00e9, le Trendnet TI-PG102 combine puissance, robustesse et polyvalence pour les r\u00e9seaux industriels, constituant une option fiable pour les projets n\u00e9cessitant une connectivit\u00e9 stable et un support PoE en conditions difficiles.<\/p>\n<ul>\n<li>Technologie: PoE+<\/li>\n<li>vitesse: 10\/100\/1000 Mbps<\/li>\n<li>Produit \u00e0 brancher: Oui<\/li>\n<li>Type de prise: Prise EU<\/li>\n<li>Type: Switch<\/li>\n<li>Bloc d\u2019Alimentation: r\u00e9seau \u00e9lectrique<\/li>\n<li>Couleur: Noir<\/li>\n<li>Connexions:\n<ul>\n<li>RJ45<\/li>\n<li>8<\/li>\n<\/ul>\n<\/li>\n<li>Mati\u00e8re: M\u00e9tal<\/li>\n<li>Ports: 10<\/li>\n<\/ul>","protected":false},"excerpt":{"rendered":"<p>Si vous \u00eates passionn\u00e9 d&#8217;informatique et d&#8217;\u00e9lectronique, si vous \u00eates \u00e0 la pointe de la technologie et qu&#8217;aucun d\u00e9tail ne vous \u00e9chappe, achetez Switch Trendnet TI-PG102 au meilleur prix. Le switch industriel Trendnet TI-PG102 est un appareil con\u00e7u pour les environnements exigeants, offrant une solution robuste et efficace pour les r\u00e9seaux industriels et commerciaux. Ce [&hellip;]<\/p>\n","protected":false},"featured_media":14494,"comment_status":"open","ping_status":"closed","template":"","meta":[],"product_brand":[635],"product_cat":[65,584,585],"product_tag":[106],"class_list":{"0":"post-14497","1":"product","2":"type-product","3":"status-publish","4":"has-post-thumbnail","6":"product_brand-brandp_4777","7":"product_cat-informatique-electronique","8":"product_cat-informatique-reseaux-et-composants","9":"product_cat-switch","10":"product_tag-tag_1295","12":"first","13":"instock","14":"taxable","15":"shipping-taxable","16":"purchasable","17":"product-type-simple"},"_links":{"self":[{"href":"https:\/\/bigbuy.tupique.com\/es\/wp-json\/wp\/v2\/product\/14497","targetHints":{"allow":["GET"]}}],"collection":[{"href":"https:\/\/bigbuy.tupique.com\/es\/wp-json\/wp\/v2\/product"}],"about":[{"href":"https:\/\/bigbuy.tupique.com\/es\/wp-json\/wp\/v2\/types\/product"}],"replies":[{"embeddable":true,"href":"https:\/\/bigbuy.tupique.com\/es\/wp-json\/wp\/v2\/comments?post=14497"}],"wp:featuredmedia":[{"embeddable":true,"href":"https:\/\/bigbuy.tupique.com\/es\/wp-json\/wp\/v2\/media\/14494"}],"wp:attachment":[{"href":"https:\/\/bigbuy.tupique.com\/es\/wp-json\/wp\/v2\/media?parent=14497"}],"wp:term":[{"taxonomy":"product_brand","embeddable":true,"href":"https:\/\/bigbuy.tupique.com\/es\/wp-json\/wp\/v2\/product_brand?post=14497"},{"taxonomy":"product_cat","embeddable":true,"href":"https:\/\/bigbuy.tupique.com\/es\/wp-json\/wp\/v2\/product_cat?post=14497"},{"taxonomy":"product_tag","embeddable":true,"href":"https:\/\/bigbuy.tupique.com\/es\/wp-json\/wp\/v2\/product_tag?post=14497"}],"curies":[{"name":"wp","href":"https:\/\/api.w.org\/{rel}","templated":true}]}}