{"id":14486,"date":"2026-03-29T12:04:38","date_gmt":"2026-03-29T11:04:38","guid":{"rendered":"https:\/\/bigbuy.tupique.com\/produto\/switch-trendnet-tpe-5240ws\/"},"modified":"2026-04-16T10:25:12","modified_gmt":"2026-04-16T09:25:12","slug":"switch-trendnet-tpe-5240ws","status":"publish","type":"product","link":"https:\/\/bigbuy.tupique.com\/es\/produto\/switch-trendnet-tpe-5240ws\/","title":{"rendered":"Switch Trendnet TPE-5240WS"},"content":{"rendered":"<p>Si vous \u00eates passionn\u00e9 d&#8217;<b>informatique et d&#8217;\u00e9lectronique<\/b>, si vous \u00eates \u00e0 la pointe de la technologie et qu&#8217;aucun d\u00e9tail ne vous \u00e9chappe, achetez <b>Switch Trendnet TPE-5240WS          <\/b> au meilleur prix.<\/p>\n<p>Le <b>Trendnet TPE-5240WS<\/b> est un <b>switch manageable<\/b> con\u00e7u pour les environnements professionnels et les r\u00e9seaux \u00e0 haute performance n\u00e9cessitant une grande capacit\u00e9 de connexion et une gestion efficace du trafic. Cet appareil offre <b>48 ports RJ-45 Ethernet Gigabit (10\/100\/1000 Mbps)<\/b>, permettant des connexions rapides et stables avec prise en charge du mode <b>full duplex<\/b>, optimisant l\u2019\u00e9change bidirectionnel simultan\u00e9 des donn\u00e9es. Sa capacit\u00e9 de commutation atteint <b>104 Gbit\/s<\/b>, assurant une transmission fluide m\u00eame sous forte charge, avec une table d\u2019adresses MAC pouvant stocker <b>jusqu\u2019\u00e0 16 000 entr\u00e9es<\/b>, facilitant un contr\u00f4le pr\u00e9cis et une \u00e9volutivit\u00e9 du r\u00e9seau. Ce switch prend en charge les normes r\u00e9seau cl\u00e9s <b>IEEE 802.1D, 802.1Q, 802.1ab, 802.1p, 802.1s, 802.1w et 802.1x<\/b>, offrant des fonctionnalit\u00e9s avanc\u00e9es de VLAN, qualit\u00e9 de service (QoS), s\u00e9curit\u00e9 et redondance, id\u00e9ales pour des r\u00e9seaux complexes et s\u00e9curis\u00e9s. Il inclut la prise en charge du <b>Power over Ethernet (PoE)<\/b>, permettant d\u2019alimenter des appareils compatibles comme des t\u00e9l\u00e9phones IP ou des cam\u00e9ras de surveillance sans c\u00e2bles d\u2019alimentation suppl\u00e9mentaires. Le dispositif est construit en <b>m\u00e9tal noir<\/b>, avec un design compact au format <b>1U pour montage en rack<\/b>, optimisant l\u2019espace dans les centres de donn\u00e9es ou salles serveurs. Avec une consommation \u00e9lectrique de seulement <b>30 W<\/b>, il allie efficacit\u00e9 \u00e9nerg\u00e9tique et performances professionnelles. Ce switch Trendnet convient aux entreprises n\u00e9cessitant une infrastructure r\u00e9seau robuste, \u00e9volutive et contr\u00f4lable avec des protocoles et fonctions garantissant fiabilit\u00e9 et performance constante. En r\u00e9sum\u00e9, le TPE-5240WS est une solution technique avanc\u00e9e pour la gestion de r\u00e9seaux Gigabit avec des fonctions compl\u00e8tes adapt\u00e9es aux environnements professionnels.<\/p>\n<ul>\n<li>Type:\n<ul>\n<li>Commutateur R\u00e9seau Armoire<\/li>\n<li>Switch<\/li>\n<\/ul>\n<\/li>\n<li>Produit \u00e0 brancher: Oui<\/li>\n<li>Type de prise: Prise EU<\/li>\n<li>Bloc d\u2019Alimentation: r\u00e9seau \u00e9lectrique<\/li>\n<li>Couleur: Noir<\/li>\n<li>Connexions:\n<ul>\n<li>RJ45 x 48<\/li>\n<li>RJ-45 x 48<\/li>\n<\/ul>\n<\/li>\n<li>Tension: 100-240 V<\/li>\n<li>Ventillateur: 3<\/li>\n<li>Fr\u00e9quence: 50-60 Hz<\/li>\n<li>Mati\u00e8re: M\u00e9tal<\/li>\n<li>Caract\u00e9ristiques: Contr\u00f4le vocal<\/li>\n<li>puissance: 30 W<\/li>\n<li>Ports: 16<\/li>\n<\/ul>","protected":false},"excerpt":{"rendered":"<p>Si vous \u00eates passionn\u00e9 d&#8217;informatique et d&#8217;\u00e9lectronique, si vous \u00eates \u00e0 la pointe de la technologie et qu&#8217;aucun d\u00e9tail ne vous \u00e9chappe, achetez Switch Trendnet TPE-5240WS au meilleur prix. Le Trendnet TPE-5240WS est un switch manageable con\u00e7u pour les environnements professionnels et les r\u00e9seaux \u00e0 haute performance n\u00e9cessitant une grande capacit\u00e9 de connexion et une [&hellip;]<\/p>\n","protected":false},"featured_media":14484,"comment_status":"open","ping_status":"closed","template":"","meta":[],"product_brand":[635],"product_cat":[65,584,585],"product_tag":[106],"class_list":{"0":"post-14486","1":"product","2":"type-product","3":"status-publish","4":"has-post-thumbnail","6":"product_brand-brandp_4777","7":"product_cat-informatique-electronique","8":"product_cat-informatique-reseaux-et-composants","9":"product_cat-switch","10":"product_tag-tag_1295","12":"first","13":"instock","14":"taxable","15":"shipping-taxable","16":"purchasable","17":"product-type-simple"},"_links":{"self":[{"href":"https:\/\/bigbuy.tupique.com\/es\/wp-json\/wp\/v2\/product\/14486","targetHints":{"allow":["GET"]}}],"collection":[{"href":"https:\/\/bigbuy.tupique.com\/es\/wp-json\/wp\/v2\/product"}],"about":[{"href":"https:\/\/bigbuy.tupique.com\/es\/wp-json\/wp\/v2\/types\/product"}],"replies":[{"embeddable":true,"href":"https:\/\/bigbuy.tupique.com\/es\/wp-json\/wp\/v2\/comments?post=14486"}],"wp:featuredmedia":[{"embeddable":true,"href":"https:\/\/bigbuy.tupique.com\/es\/wp-json\/wp\/v2\/media\/14484"}],"wp:attachment":[{"href":"https:\/\/bigbuy.tupique.com\/es\/wp-json\/wp\/v2\/media?parent=14486"}],"wp:term":[{"taxonomy":"product_brand","embeddable":true,"href":"https:\/\/bigbuy.tupique.com\/es\/wp-json\/wp\/v2\/product_brand?post=14486"},{"taxonomy":"product_cat","embeddable":true,"href":"https:\/\/bigbuy.tupique.com\/es\/wp-json\/wp\/v2\/product_cat?post=14486"},{"taxonomy":"product_tag","embeddable":true,"href":"https:\/\/bigbuy.tupique.com\/es\/wp-json\/wp\/v2\/product_tag?post=14486"}],"curies":[{"name":"wp","href":"https:\/\/api.w.org\/{rel}","templated":true}]}}