{"id":14467,"date":"2026-03-29T12:04:10","date_gmt":"2026-03-29T11:04:10","guid":{"rendered":"https:\/\/bigbuy.tupique.com\/produto\/multimode-sfp-fibre-module-startech-glcsxmm10pst\/"},"modified":"2026-04-14T23:51:19","modified_gmt":"2026-04-14T22:51:19","slug":"multimode-sfp-fibre-module-startech-glcsxmm10pst","status":"publish","type":"product","link":"https:\/\/bigbuy.tupique.com\/es\/produto\/multimode-sfp-fibre-module-startech-glcsxmm10pst\/","title":{"rendered":"Module SFP \u00e0 fibre optique multimode Startech GLCSXMM10PST"},"content":{"rendered":"<p>Si vous \u00eates passionn\u00e9 d&#8217;<b>informatique et d&#8217;\u00e9lectronique<\/b>, si vous \u00eates \u00e0 la pointe de la technologie et qu&#8217;aucun d\u00e9tail ne vous \u00e9chappe, achetez <b>Module SFP \u00e0 fibre optique multimode Startech GLCSXMM10PST        <\/b> au meilleur prix.<\/p>\n<ul>\n<li>Type: Fibres optiques<\/li>\n<li>Couleur: Argent<\/li>\n<li>Longueur d&#8217;onde: 850 nm<\/li>\n<li>Connexions: SFP<\/li>\n<li>vitesse: 1250 Mbit\/s<\/li>\n<li>consommation d&#8217;\u00e9nergie: 1 W<\/li>\n<\/ul>","protected":false},"excerpt":{"rendered":"<p>Si vous \u00eates passionn\u00e9 d&#8217;informatique et d&#8217;\u00e9lectronique, si vous \u00eates \u00e0 la pointe de la technologie et qu&#8217;aucun d\u00e9tail ne vous \u00e9chappe, achetez Module SFP \u00e0 fibre optique multimode Startech GLCSXMM10PST au meilleur prix. Type: Fibres optiques Couleur: Argent Longueur d&#8217;onde: 850 nm Connexions: SFP vitesse: 1250 Mbit\/s consommation d&#8217;\u00e9nergie: 1 W<\/p>","protected":false},"featured_media":14464,"comment_status":"open","ping_status":"closed","template":"","meta":[],"product_brand":[634],"product_cat":[65,584,597],"product_tag":[106],"class_list":{"0":"post-14467","1":"product","2":"type-product","3":"status-publish","4":"has-post-thumbnail","6":"product_brand-brandp_4771","7":"product_cat-informatique-electronique","8":"product_cat-informatique-reseaux-et-composants","9":"product_cat-reseaux-cables","10":"product_tag-tag_1295","12":"first","13":"instock","14":"taxable","15":"shipping-taxable","16":"purchasable","17":"product-type-simple"},"_links":{"self":[{"href":"https:\/\/bigbuy.tupique.com\/es\/wp-json\/wp\/v2\/product\/14467","targetHints":{"allow":["GET"]}}],"collection":[{"href":"https:\/\/bigbuy.tupique.com\/es\/wp-json\/wp\/v2\/product"}],"about":[{"href":"https:\/\/bigbuy.tupique.com\/es\/wp-json\/wp\/v2\/types\/product"}],"replies":[{"embeddable":true,"href":"https:\/\/bigbuy.tupique.com\/es\/wp-json\/wp\/v2\/comments?post=14467"}],"wp:featuredmedia":[{"embeddable":true,"href":"https:\/\/bigbuy.tupique.com\/es\/wp-json\/wp\/v2\/media\/14464"}],"wp:attachment":[{"href":"https:\/\/bigbuy.tupique.com\/es\/wp-json\/wp\/v2\/media?parent=14467"}],"wp:term":[{"taxonomy":"product_brand","embeddable":true,"href":"https:\/\/bigbuy.tupique.com\/es\/wp-json\/wp\/v2\/product_brand?post=14467"},{"taxonomy":"product_cat","embeddable":true,"href":"https:\/\/bigbuy.tupique.com\/es\/wp-json\/wp\/v2\/product_cat?post=14467"},{"taxonomy":"product_tag","embeddable":true,"href":"https:\/\/bigbuy.tupique.com\/es\/wp-json\/wp\/v2\/product_tag?post=14467"}],"curies":[{"name":"wp","href":"https:\/\/api.w.org\/{rel}","templated":true}]}}